{"id":33924,"date":"2026-02-04T15:25:22","date_gmt":"2026-02-04T12:25:22","guid":{"rendered":"https:\/\/a-pant.ee\/product\/akkumulyatornyy-gvozdzabivnoy-pistolet-dewalt-dcn692\/"},"modified":"2026-02-22T12:11:26","modified_gmt":"2026-02-22T09:11:26","slug":"akkumulyatornyj-gvozdezabivnoj-pistolet-dewalt-dcn692-5-0-ach","status":"publish","type":"product","link":"https:\/\/a-pant.ee\/ru\/product\/akkumulyatornyj-gvozdezabivnoj-pistolet-dewalt-dcn692-5-0-ach\/","title":{"rendered":"\u0410\u043a\u043a\u0443\u043c\u0443\u043b\u044f\u0442\u043e\u0440\u043d\u044b\u0439 \u0433\u0432\u043e\u0437\u0434\u0435\u0437\u0430\u0431\u0438\u0432\u043d\u043e\u0439 \u043f\u0438\u0441\u0442\u043e\u043b\u0435\u0442 DeWalt DCN692 5.0 \u0410\u0447"},"content":{"rendered":"\n<p> Aku Naelap\u00fcstol DeWalt DCN692 + Aku 5.0 Ah\u00a0, heas seisu- ja t\u00f6\u00f6korras! <\/p><p> V\u00e4ga heas seisukorras <\/p><p> KIRJELDUS <\/p><p> Aku t\u00fc\u00fcp \u2013 XR Li-Ion <br \/> Pinge \u2013 18 V <br \/> Diameeter \u2013 2,8\u20133,3 mm <br \/> Nurk \u2013 30\u201334\u00b0 <br \/> Laadimine \u2013 tagant <br \/> Naelte pikkus \u2013 50\u201390 mm <br \/> Mahutavus \u2013 kuni 55 naela <br \/> Pikkus \u2013 345 mm <br \/> Laius \u2013 125 mm <br \/> K\u00f5rgus \u2013 338 mm <br \/> Kaal \u2013 4,1 kg <br \/> L\u00f6\u00f6gitugevus \u2013 105 J <br \/> T\u00f6\u00f6temperatuuri vahemik \u2013 20 kuni 50 \u00b0C <br \/> T\u00f6\u00f6indikaator \u2013 jah <\/p>\n","protected":false},"excerpt":{"rendered":"<p>Aku Naelap\u00fcstol DeWalt DCN692 + Aku 5.0 Ah\u00a0, heas seisu- ja t\u00f6\u00f6korras! V\u00e4ga heas seisukorras KIRJELDUS Aku t\u00fc\u00fcp \u2013 XR Li-Ion Pinge \u2013 18 V Diameeter \u2013 2,8\u20133,3 mm Nurk \u2013 30\u201334\u00b0 Laadimine \u2013 tagant Naelte pikkus \u2013 50\u201390 mm Mahutavus \u2013 kuni 55 naela Pikkus \u2013 345 mm Laius \u2013 125 mm K\u00f5rgus \u2013 [&hellip;]<\/p>\n","protected":false},"featured_media":33925,"comment_status":"closed","ping_status":"open","template":"","meta":{"inline_featured_image":false},"product_brand":[],"product_cat":[224],"product_tag":[],"class_list":{"0":"post-33924","1":"product","2":"type-product","3":"status-publish","4":"has-post-thumbnail","6":"product_cat-gazovye-pistolety","7":"pa_asukoht-lasnamae","8":"pa_seisukord-ispolzovano","10":"first","11":"instock","12":"taxable","13":"shipping-taxable","14":"purchasable","15":"product-type-simple"},"_links":{"self":[{"href":"https:\/\/a-pant.ee\/ru\/wp-json\/wp\/v2\/product\/33924","targetHints":{"allow":["GET"]}}],"collection":[{"href":"https:\/\/a-pant.ee\/ru\/wp-json\/wp\/v2\/product"}],"about":[{"href":"https:\/\/a-pant.ee\/ru\/wp-json\/wp\/v2\/types\/product"}],"replies":[{"embeddable":true,"href":"https:\/\/a-pant.ee\/ru\/wp-json\/wp\/v2\/comments?post=33924"}],"wp:featuredmedia":[{"embeddable":true,"href":"https:\/\/a-pant.ee\/ru\/wp-json\/wp\/v2\/media\/33925"}],"wp:attachment":[{"href":"https:\/\/a-pant.ee\/ru\/wp-json\/wp\/v2\/media?parent=33924"}],"wp:term":[{"taxonomy":"product_brand","embeddable":true,"href":"https:\/\/a-pant.ee\/ru\/wp-json\/wp\/v2\/product_brand?post=33924"},{"taxonomy":"product_cat","embeddable":true,"href":"https:\/\/a-pant.ee\/ru\/wp-json\/wp\/v2\/product_cat?post=33924"},{"taxonomy":"product_tag","embeddable":true,"href":"https:\/\/a-pant.ee\/ru\/wp-json\/wp\/v2\/product_tag?post=33924"}],"curies":[{"name":"wp","href":"https:\/\/api.w.org\/{rel}","templated":true}]}}