{"id":33918,"date":"2026-02-04T15:25:22","date_gmt":"2026-02-04T12:25:22","guid":{"rendered":"https:\/\/a-pant.ee\/product\/sony-playstation-5-digi-1tb\/"},"modified":"2026-02-22T12:11:26","modified_gmt":"2026-02-22T09:11:26","slug":"sony-playstation-5-digi-1tb-korobka-hdmi-dzhojstik","status":"publish","type":"product","link":"https:\/\/a-pant.ee\/ru\/product\/sony-playstation-5-digi-1tb-korobka-hdmi-dzhojstik\/","title":{"rendered":"Sony Playstation 5 Digi 1TB + \u041a\u043e\u0440\u043e\u0431\u043a\u0430 + HDmi + \u0414\u0436\u043e\u0439\u0441\u0442\u0438\u043a"},"content":{"rendered":"\n<p> \u00a0Sony Playstation 5 Digi 1TB + Karp + HDmi + Pult, heas seisu- ja t\u00f6\u00f6korras! <\/p><p> KIRJELDUS <\/p><p> Graafikaprotsessor: AMD Radeon <br \/> Graafikaprotsessori sagedus: 2360 MHz <br \/> Toetatud kontrollerite maksimaalne arv: 2 <br \/> Vanemlik kontroll: jah <br \/> Toote v\u00e4rv: valge, must <\/p><p> Protsessor: AMD Ryzen Zen 2 <br \/> Protsessori sagedus: 3,5 GHz <br \/> Protsessori tuumade arv: 8 <br \/> Protsessori l\u00f5imede arv: 16 <br \/> Protsessori tootja: AMD <\/p><p> Sisemine m\u00e4lu: 16 000 MB <br \/> Sisemise m\u00e4lu t\u00fc\u00fcp: GDDR6 <\/p><p> Platvorm: PlayStation 5 <\/p><p> Graafikaprotsessori perekond: AMD RDNA 2 <br \/> Maksimaalne v\u00e4rskendussagedus: 120 Hz <\/p><p> V\u00f5rk <br \/> Wi-Fi standardid: 802.11a, 802.11n, 802.11g, 802.11ac, 802.11b <br \/> Ethernet LAN: jah <br \/> LAN andmeedastuskiirus: 10\/100\/1000 Mbit\/s <br \/> Bluetooth: jah <br \/> Bluetooth versioon: 5.1 <br \/> Wi-Fi: jah <\/p><p> Multimeedia <br \/> HDR tugi: jah <br \/> HD t\u00fc\u00fcp: 2.4K Ultra HD <\/p>\n","protected":false},"excerpt":{"rendered":"<p>\u00a0Sony Playstation 5 Digi 1TB + Karp + HDmi + Pult, heas seisu- ja t\u00f6\u00f6korras! KIRJELDUS Graafikaprotsessor: AMD Radeon Graafikaprotsessori sagedus: 2360 MHz Toetatud kontrollerite maksimaalne arv: 2 Vanemlik kontroll: jah Toote v\u00e4rv: valge, must Protsessor: AMD Ryzen Zen 2 Protsessori sagedus: 3,5 GHz Protsessori tuumade arv: 8 Protsessori l\u00f5imede arv: 16 Protsessori tootja: AMD [&hellip;]<\/p>\n","protected":false},"featured_media":33919,"comment_status":"closed","ping_status":"closed","template":"","meta":{"inline_featured_image":false},"product_brand":[],"product_cat":[174],"product_tag":[],"class_list":{"0":"post-33918","1":"product","2":"type-product","3":"status-publish","4":"has-post-thumbnail","6":"product_cat-igrovye-konsoli","7":"pa_asukoht-lasnamae","8":"pa_seisukord-ispolzovano","10":"first","11":"outofstock","12":"taxable","13":"shipping-taxable","14":"purchasable","15":"product-type-simple"},"_links":{"self":[{"href":"https:\/\/a-pant.ee\/ru\/wp-json\/wp\/v2\/product\/33918","targetHints":{"allow":["GET"]}}],"collection":[{"href":"https:\/\/a-pant.ee\/ru\/wp-json\/wp\/v2\/product"}],"about":[{"href":"https:\/\/a-pant.ee\/ru\/wp-json\/wp\/v2\/types\/product"}],"replies":[{"embeddable":true,"href":"https:\/\/a-pant.ee\/ru\/wp-json\/wp\/v2\/comments?post=33918"}],"wp:featuredmedia":[{"embeddable":true,"href":"https:\/\/a-pant.ee\/ru\/wp-json\/wp\/v2\/media\/33919"}],"wp:attachment":[{"href":"https:\/\/a-pant.ee\/ru\/wp-json\/wp\/v2\/media?parent=33918"}],"wp:term":[{"taxonomy":"product_brand","embeddable":true,"href":"https:\/\/a-pant.ee\/ru\/wp-json\/wp\/v2\/product_brand?post=33918"},{"taxonomy":"product_cat","embeddable":true,"href":"https:\/\/a-pant.ee\/ru\/wp-json\/wp\/v2\/product_cat?post=33918"},{"taxonomy":"product_tag","embeddable":true,"href":"https:\/\/a-pant.ee\/ru\/wp-json\/wp\/v2\/product_tag?post=33918"}],"curies":[{"name":"wp","href":"https:\/\/api.w.org\/{rel}","templated":true}]}}