{"id":33912,"date":"2026-02-04T15:25:22","date_gmt":"2026-02-04T12:25:22","guid":{"rendered":"https:\/\/a-pant.ee\/product\/zaryadka-ryobi-c120d\/"},"modified":"2026-02-22T12:11:26","modified_gmt":"2026-02-22T09:11:26","slug":"zaryadka-ryobi-c120d","status":"publish","type":"product","link":"https:\/\/a-pant.ee\/ru\/product\/zaryadka-ryobi-c120d\/","title":{"rendered":"\u0417\u0430\u0440\u044f\u0434\u043a\u0430 Ryobi C120D"},"content":{"rendered":"\n<p> Laadija Ryobi C120D\u00a0, heas seisu- ja t\u00f6\u00f6korras! <\/p><p> KIRJELDUS <\/p><p> Tehnilised andmed: <\/p><p> T\u00fc\u00fcp:\u00a0v\u00f5rgulaadija <br \/> Otstarve:\u00a0Ryobi 12\u202fV akude laadimine <br \/> Toetatavad akud:\u00a0liitium\u2011ioon (Li\u2011Ion) ja nikkel\u2011kadmium (NiCd) <br \/> Laaditavate akude arv korraga:\u00a01 <br \/> Laaditava aku pinge:\u00a012\u202fV <br \/> Laadimise n\u00e4idik:\u00a0LED\u2011indikaator <br \/> T\u00e4itlaadimise aeg (umbes 2,0\u202fAh akul):\u00a0umbes 45\u202fmin <br \/> Toide:\u00a0vahelduvvoolu v\u00f5rk (230\u202fV) <br \/> Kaal:\u00a0umbes 0,57\u202fkg <br \/> Korpus:\u00a0kompaktne, v\u00f5rgupistikuga <\/p>\n","protected":false},"excerpt":{"rendered":"<p>Laadija Ryobi C120D\u00a0, heas seisu- ja t\u00f6\u00f6korras! KIRJELDUS Tehnilised andmed: T\u00fc\u00fcp:\u00a0v\u00f5rgulaadija Otstarve:\u00a0Ryobi 12\u202fV akude laadimine Toetatavad akud:\u00a0liitium\u2011ioon (Li\u2011Ion) ja nikkel\u2011kadmium (NiCd) Laaditavate akude arv korraga:\u00a01 Laaditava aku pinge:\u00a012\u202fV Laadimise n\u00e4idik:\u00a0LED\u2011indikaator T\u00e4itlaadimise aeg (umbes 2,0\u202fAh akul):\u00a0umbes 45\u202fmin Toide:\u00a0vahelduvvoolu v\u00f5rk (230\u202fV) Kaal:\u00a0umbes 0,57\u202fkg Korpus:\u00a0kompaktne, v\u00f5rgupistikuga<\/p>\n","protected":false},"featured_media":33913,"comment_status":"closed","ping_status":"open","template":"","meta":{"inline_featured_image":false},"product_brand":[],"product_cat":[223],"product_tag":[],"class_list":{"0":"post-33912","1":"product","2":"type-product","3":"status-publish","4":"has-post-thumbnail","6":"product_cat-vsyo-dlya-instrumenta","7":"pa_asukoht-mustamae","8":"pa_seisukord-ispolzovano","10":"first","11":"instock","12":"taxable","13":"shipping-taxable","14":"purchasable","15":"product-type-simple"},"_links":{"self":[{"href":"https:\/\/a-pant.ee\/ru\/wp-json\/wp\/v2\/product\/33912","targetHints":{"allow":["GET"]}}],"collection":[{"href":"https:\/\/a-pant.ee\/ru\/wp-json\/wp\/v2\/product"}],"about":[{"href":"https:\/\/a-pant.ee\/ru\/wp-json\/wp\/v2\/types\/product"}],"replies":[{"embeddable":true,"href":"https:\/\/a-pant.ee\/ru\/wp-json\/wp\/v2\/comments?post=33912"}],"wp:featuredmedia":[{"embeddable":true,"href":"https:\/\/a-pant.ee\/ru\/wp-json\/wp\/v2\/media\/33913"}],"wp:attachment":[{"href":"https:\/\/a-pant.ee\/ru\/wp-json\/wp\/v2\/media?parent=33912"}],"wp:term":[{"taxonomy":"product_brand","embeddable":true,"href":"https:\/\/a-pant.ee\/ru\/wp-json\/wp\/v2\/product_brand?post=33912"},{"taxonomy":"product_cat","embeddable":true,"href":"https:\/\/a-pant.ee\/ru\/wp-json\/wp\/v2\/product_cat?post=33912"},{"taxonomy":"product_tag","embeddable":true,"href":"https:\/\/a-pant.ee\/ru\/wp-json\/wp\/v2\/product_tag?post=33912"}],"curies":[{"name":"wp","href":"https:\/\/api.w.org\/{rel}","templated":true}]}}