{"id":33906,"date":"2026-02-04T15:21:04","date_gmt":"2026-02-04T12:21:04","guid":{"rendered":"https:\/\/a-pant.ee\/product\/powerbank-winx-30000-mah\/"},"modified":"2026-02-22T12:11:31","modified_gmt":"2026-02-22T09:11:31","slug":"powerbank-winx-30000-mah","status":"publish","type":"product","link":"https:\/\/a-pant.ee\/ru\/product\/powerbank-winx-30000-mah\/","title":{"rendered":"Powerbank Winx 30000 Mah"},"content":{"rendered":"\n<p> Akupank Winx 30000 Mah, heas seisu- ja t\u00f6\u00f6korras! <\/p><p> KIRJELDUS <\/p><p> Tehnilised andmed: <\/p><p> T\u00fc\u00fcp:\u00a0kaasaskantav akupank <br \/> Aku mahtuvus:\u00a030\u202f000\u202fmAh <br \/> Nimipinge:\u00a03,7\u202fV <br \/> T\u00f5hus v\u00e4ljundmahtuvus:\u00a0ligikaudu 18\u202f000\u202fmAh <br \/> Sisend:\u00a0DC 5\u202fV \/ 2\u202fA <br \/> V\u00e4ljundid: <\/p><ul><li> USB\u2011A 1: 5\u202fV \/ 3\u202fA (Quick Charge) <\/li><li> USB\u2011A 2: 5\u202fV \/ 2\u202fA <\/li><li> USB\u2011C: 5\u202fV \/ 3\u202fA (sisend\/v\u00e4ljund) <br \/> Kiirlaadimise tugi:\u00a0Quick Charge\u2011\u00fchilduvus <br \/> Kaitses\u00fcsteemid:\u00a0l\u00fchise, \u00fclekoormuse, \u00fclekuumenemise ja \u00fclepinge kaitse <br \/> Laadimise n\u00e4idik:\u00a0digitaalne v\u00f5i LED\u2011indikaator <br \/> Seadmete tugi:\u00a0nutitelefonid, tahvelarvutid, k\u00f5rvaklapid ja muud mobiilseadmed <br \/> Kaal:\u00a0umbes 500\u202fg <br \/> M\u00f5\u00f5tmed:\u00a0t\u00fc\u00fcpilised 30\u202f000\u202fmAh akupangale <\/li><\/ul>\n","protected":false},"excerpt":{"rendered":"<p>Akupank Winx 30000 Mah, heas seisu- ja t\u00f6\u00f6korras! KIRJELDUS Tehnilised andmed: T\u00fc\u00fcp:\u00a0kaasaskantav akupank Aku mahtuvus:\u00a030\u202f000\u202fmAh Nimipinge:\u00a03,7\u202fV T\u00f5hus v\u00e4ljundmahtuvus:\u00a0ligikaudu 18\u202f000\u202fmAh Sisend:\u00a0DC 5\u202fV \/ 2\u202fA V\u00e4ljundid: USB\u2011A 1: 5\u202fV \/ 3\u202fA (Quick Charge) USB\u2011A 2: 5\u202fV \/ 2\u202fA USB\u2011C: 5\u202fV \/ 3\u202fA (sisend\/v\u00e4ljund) Kiirlaadimise tugi:\u00a0Quick Charge\u2011\u00fchilduvus Kaitses\u00fcsteemid:\u00a0l\u00fchise, \u00fclekoormuse, \u00fclekuumenemise ja \u00fclepinge kaitse Laadimise n\u00e4idik:\u00a0digitaalne v\u00f5i LED\u2011indikaator Seadmete [&hellip;]<\/p>\n","protected":false},"featured_media":33907,"comment_status":"closed","ping_status":"closed","template":"","meta":{"inline_featured_image":false},"product_brand":[],"product_cat":[172],"product_tag":[],"class_list":{"0":"post-33906","1":"product","2":"type-product","3":"status-publish","4":"has-post-thumbnail","6":"product_cat-vse-dlya-telefonov","7":"pa_asukoht-mustamae","8":"pa_seisukord-ispolzovano","10":"first","11":"outofstock","12":"taxable","13":"shipping-taxable","14":"purchasable","15":"product-type-simple"},"_links":{"self":[{"href":"https:\/\/a-pant.ee\/ru\/wp-json\/wp\/v2\/product\/33906","targetHints":{"allow":["GET"]}}],"collection":[{"href":"https:\/\/a-pant.ee\/ru\/wp-json\/wp\/v2\/product"}],"about":[{"href":"https:\/\/a-pant.ee\/ru\/wp-json\/wp\/v2\/types\/product"}],"replies":[{"embeddable":true,"href":"https:\/\/a-pant.ee\/ru\/wp-json\/wp\/v2\/comments?post=33906"}],"wp:featuredmedia":[{"embeddable":true,"href":"https:\/\/a-pant.ee\/ru\/wp-json\/wp\/v2\/media\/33907"}],"wp:attachment":[{"href":"https:\/\/a-pant.ee\/ru\/wp-json\/wp\/v2\/media?parent=33906"}],"wp:term":[{"taxonomy":"product_brand","embeddable":true,"href":"https:\/\/a-pant.ee\/ru\/wp-json\/wp\/v2\/product_brand?post=33906"},{"taxonomy":"product_cat","embeddable":true,"href":"https:\/\/a-pant.ee\/ru\/wp-json\/wp\/v2\/product_cat?post=33906"},{"taxonomy":"product_tag","embeddable":true,"href":"https:\/\/a-pant.ee\/ru\/wp-json\/wp\/v2\/product_tag?post=33906"}],"curies":[{"name":"wp","href":"https:\/\/api.w.org\/{rel}","templated":true}]}}