{"id":33899,"date":"2026-02-04T15:21:04","date_gmt":"2026-02-04T12:21:04","guid":{"rendered":"https:\/\/a-pant.ee\/product\/samokat-xiaomi-m365-pro-zaryadka\/"},"modified":"2026-02-22T12:11:31","modified_gmt":"2026-02-22T09:11:31","slug":"samokat-xiaomi-m365-pro-zaryadka-ne-original","status":"publish","type":"product","link":"https:\/\/a-pant.ee\/ru\/product\/samokat-xiaomi-m365-pro-zaryadka-ne-original\/","title":{"rendered":"\u0421\u0430\u043c\u043e\u043a\u0430\u0442 Xiaomi M365 Pro + \u0417\u0430\u0440\u044f\u0434\u043a\u0430 (\u043d\u0435 \u043e\u0440\u0438\u0433\u0438\u043d\u0430\u043b)"},"content":{"rendered":"\n<p> T\u00f5ukerattas Xiaomi M365 Pro + Laadija(pole original), heas seisu- ja t\u00f6\u00f6korras! <\/p><p> L\u00e4bis\u00f5it 561 KM <\/p><p> KIRJELDUS <\/p><p> Tehnilised andmed: <\/p><p> T\u00fc\u00fcp:\u00a0elektriline t\u00f5ukeratas <br \/> Maksimaalne kiirus:\u00a025\u202fkm\/h <br \/> S\u00f5iduulatus \u00fche laadimisega:\u00a045\u202fkm <br \/> Mootori v\u00f5imsus:\u00a0300\u202fW (tippv\u00f5imsus ~600\u202fW) <br \/> Mootori t\u00fc\u00fcp:\u00a0harjadeta elektrimootor <br \/> Aku mahtuvus:\u00a012\u202f800\u202fmAh <br \/> Akupinge:\u00a036\u202fV <br \/> T\u00e4islaadimise aeg:\u00a08\u20139\u202ftundi <br \/> Maksimaalne kandev\u00f5ime:\u00a0100\u202fkg <br \/> Raami materjal:\u00a0alumiinium <br \/> Ratta suurus:\u00a08,5\u2033 <br \/> Pidurid:\u00a0elektrooniline taastuvpidur (ees) + ketaspidur (taga) <br \/> Vedrustus:\u00a0j\u00e4ik konstruktsioon (vedrustus puudub) <br \/> Kaal:\u00a014,2\u202fkg <br \/> Valgustus:\u00a0esituled ja tagumine pidurituli <br \/> Rehvid:\u00a0pneumaatilised <br \/> Juhtimine:\u00a0kiiruse n\u00e4idik, pidurdamise ja kiirenduse juhtimine <br \/> Ekraan:\u00a0digiekraan kiiruse ja akutsooni n\u00e4itamiseks <\/p>\n","protected":false},"excerpt":{"rendered":"<p>T\u00f5ukerattas Xiaomi M365 Pro + Laadija(pole original), heas seisu- ja t\u00f6\u00f6korras! L\u00e4bis\u00f5it 561 KM KIRJELDUS Tehnilised andmed: T\u00fc\u00fcp:\u00a0elektriline t\u00f5ukeratas Maksimaalne kiirus:\u00a025\u202fkm\/h S\u00f5iduulatus \u00fche laadimisega:\u00a045\u202fkm Mootori v\u00f5imsus:\u00a0300\u202fW (tippv\u00f5imsus ~600\u202fW) Mootori t\u00fc\u00fcp:\u00a0harjadeta elektrimootor Aku mahtuvus:\u00a012\u202f800\u202fmAh Akupinge:\u00a036\u202fV T\u00e4islaadimise aeg:\u00a08\u20139\u202ftundi Maksimaalne kandev\u00f5ime:\u00a0100\u202fkg Raami materjal:\u00a0alumiinium Ratta suurus:\u00a08,5\u2033 Pidurid:\u00a0elektrooniline taastuvpidur (ees) + ketaspidur (taga) Vedrustus:\u00a0j\u00e4ik konstruktsioon (vedrustus puudub) Kaal:\u00a014,2\u202fkg Valgustus:\u00a0esituled ja [&hellip;]<\/p>\n","protected":false},"featured_media":33900,"comment_status":"closed","ping_status":"open","template":"","meta":{"inline_featured_image":false},"product_brand":[],"product_cat":[215],"product_tag":[],"class_list":{"0":"post-33899","1":"product","2":"type-product","3":"status-publish","4":"has-post-thumbnail","6":"product_cat-elektricheskie-samokaty","7":"product_shipping_class-oversize","8":"pa_asukoht-mustamae","9":"pa_seisukord-ispolzovano","11":"first","12":"instock","13":"taxable","14":"shipping-taxable","15":"purchasable","16":"product-type-simple"},"_links":{"self":[{"href":"https:\/\/a-pant.ee\/ru\/wp-json\/wp\/v2\/product\/33899","targetHints":{"allow":["GET"]}}],"collection":[{"href":"https:\/\/a-pant.ee\/ru\/wp-json\/wp\/v2\/product"}],"about":[{"href":"https:\/\/a-pant.ee\/ru\/wp-json\/wp\/v2\/types\/product"}],"replies":[{"embeddable":true,"href":"https:\/\/a-pant.ee\/ru\/wp-json\/wp\/v2\/comments?post=33899"}],"wp:featuredmedia":[{"embeddable":true,"href":"https:\/\/a-pant.ee\/ru\/wp-json\/wp\/v2\/media\/33900"}],"wp:attachment":[{"href":"https:\/\/a-pant.ee\/ru\/wp-json\/wp\/v2\/media?parent=33899"}],"wp:term":[{"taxonomy":"product_brand","embeddable":true,"href":"https:\/\/a-pant.ee\/ru\/wp-json\/wp\/v2\/product_brand?post=33899"},{"taxonomy":"product_cat","embeddable":true,"href":"https:\/\/a-pant.ee\/ru\/wp-json\/wp\/v2\/product_cat?post=33899"},{"taxonomy":"product_tag","embeddable":true,"href":"https:\/\/a-pant.ee\/ru\/wp-json\/wp\/v2\/product_tag?post=33899"}],"curies":[{"name":"wp","href":"https:\/\/api.w.org\/{rel}","templated":true}]}}