{"id":33893,"date":"2026-02-04T15:21:04","date_gmt":"2026-02-04T12:21:04","guid":{"rendered":"https:\/\/a-pant.ee\/product\/pylesos-tefal-x-force-flex\/"},"modified":"2026-02-22T12:11:31","modified_gmt":"2026-02-22T09:11:31","slug":"pylesos-tefal-x-force-flex-nasadki-prinadlezhnosti","status":"publish","type":"product","link":"https:\/\/a-pant.ee\/ru\/product\/pylesos-tefal-x-force-flex-nasadki-prinadlezhnosti\/","title":{"rendered":"\u041f\u044b\u043b\u0435\u0441\u043e\u0441 Tefal X-Force Flex + \u041d\u0430\u0441\u0430\u0434\u043a\u0438 + \u041f\u0440\u0438\u043d\u0430\u0434\u043b\u0435\u0436\u043d\u043e\u0441\u0442\u0438"},"content":{"rendered":"\n<p> Tolmuimeja Tefal X-Force Flex + Otsikud ja Tarvikud\u00a0, heas seisu- ja t\u00f6\u00f6korras! <\/p><p> KIRJELDUS <\/p><p> Tehnilised andmed: <\/p><p> T\u00fc\u00fcp:\u00a0juhtmevaba vertikaalne tolmuimeja <br \/> Toide:\u00a0akutoide <br \/> Aku t\u00fc\u00fcp:\u00a0liitium\u2011ioon <br \/> Aku pinge:\u00a018\u202fV <br \/> Mootori v\u00f5imsus:\u00a0250\u202fW <br \/> T\u00f6\u00f6aeg akult:\u00a045\u202fmin <br \/> T\u00e4islaadimise aeg:\u00a0240\u202fmin (4\u202ft) <br \/> Tolmukonteineri maht:\u00a00,4\u202fl <br \/> V\u00f5imsuse reguleerimine:\u00a0olemas <br \/> Puhastust\u00fc\u00fcp:\u00a0kuiv ja m\u00e4rg <br \/> LED\u2011valgustus puhastuspiirkonnas:\u00a0olemas <br \/> Kaal:\u00a03,5\u202fkg <br \/> M\u00fcra tase:\u00a083\u202fdB <br \/> Filtreerimine:\u00a0mitmeastmeline peenpuhastus <\/p>\n","protected":false},"excerpt":{"rendered":"<p>Tolmuimeja Tefal X-Force Flex + Otsikud ja Tarvikud\u00a0, heas seisu- ja t\u00f6\u00f6korras! KIRJELDUS Tehnilised andmed: T\u00fc\u00fcp:\u00a0juhtmevaba vertikaalne tolmuimeja Toide:\u00a0akutoide Aku t\u00fc\u00fcp:\u00a0liitium\u2011ioon Aku pinge:\u00a018\u202fV Mootori v\u00f5imsus:\u00a0250\u202fW T\u00f6\u00f6aeg akult:\u00a045\u202fmin T\u00e4islaadimise aeg:\u00a0240\u202fmin (4\u202ft) Tolmukonteineri maht:\u00a00,4\u202fl V\u00f5imsuse reguleerimine:\u00a0olemas Puhastust\u00fc\u00fcp:\u00a0kuiv ja m\u00e4rg LED\u2011valgustus puhastuspiirkonnas:\u00a0olemas Kaal:\u00a03,5\u202fkg M\u00fcra tase:\u00a083\u202fdB Filtreerimine:\u00a0mitmeastmeline peenpuhastus<\/p>\n","protected":false},"featured_media":33894,"comment_status":"closed","ping_status":"closed","template":"","meta":{"inline_featured_image":false},"product_brand":[],"product_cat":[245],"product_tag":[],"class_list":{"0":"post-33893","1":"product","2":"type-product","3":"status-publish","4":"has-post-thumbnail","6":"product_cat-stroitelnye-pylesosy","7":"product_shipping_class-oversize","8":"pa_asukoht-mustamae","9":"pa_seisukord-ispolzovano","11":"first","12":"instock","13":"taxable","14":"shipping-taxable","15":"purchasable","16":"product-type-simple"},"_links":{"self":[{"href":"https:\/\/a-pant.ee\/ru\/wp-json\/wp\/v2\/product\/33893","targetHints":{"allow":["GET"]}}],"collection":[{"href":"https:\/\/a-pant.ee\/ru\/wp-json\/wp\/v2\/product"}],"about":[{"href":"https:\/\/a-pant.ee\/ru\/wp-json\/wp\/v2\/types\/product"}],"replies":[{"embeddable":true,"href":"https:\/\/a-pant.ee\/ru\/wp-json\/wp\/v2\/comments?post=33893"}],"wp:featuredmedia":[{"embeddable":true,"href":"https:\/\/a-pant.ee\/ru\/wp-json\/wp\/v2\/media\/33894"}],"wp:attachment":[{"href":"https:\/\/a-pant.ee\/ru\/wp-json\/wp\/v2\/media?parent=33893"}],"wp:term":[{"taxonomy":"product_brand","embeddable":true,"href":"https:\/\/a-pant.ee\/ru\/wp-json\/wp\/v2\/product_brand?post=33893"},{"taxonomy":"product_cat","embeddable":true,"href":"https:\/\/a-pant.ee\/ru\/wp-json\/wp\/v2\/product_cat?post=33893"},{"taxonomy":"product_tag","embeddable":true,"href":"https:\/\/a-pant.ee\/ru\/wp-json\/wp\/v2\/product_tag?post=33893"}],"curies":[{"name":"wp","href":"https:\/\/api.w.org\/{rel}","templated":true}]}}