{"id":33879,"date":"2026-02-04T15:21:04","date_gmt":"2026-02-04T12:21:04","guid":{"rendered":"https:\/\/a-pant.ee\/product\/sabelnaya-pila-kawasaki-k-rs1050\/"},"modified":"2026-02-22T12:11:30","modified_gmt":"2026-02-22T09:11:30","slug":"sabelnaya-pila-kawasaki-k-rs1050","status":"publish","type":"product","link":"https:\/\/a-pant.ee\/ru\/product\/sabelnaya-pila-kawasaki-k-rs1050\/","title":{"rendered":"\u0421\u0430\u0431\u0435\u043b\u044c\u043d\u0430\u044f \u043f\u0438\u043b\u0430 Kawasaki K-RS1050"},"content":{"rendered":"\n<p> Tiigersaag Kawasaki K-RS1050, heas seisu- ja t\u00f6\u00f6korras! <\/p><p> KIRJELDUS <\/p><p> Tehnilised andmed: <\/p><p> T\u00fc\u00fcp:\u00a0elektriline saag <br \/> Toitepinge:\u00a0230 V <br \/> Sagedus:\u00a050 Hz <br \/> V\u00f5imsus:\u00a01050 W <br \/> T\u00fchik\u00e4iguliigutuste arv:\u00a00\u20132500 liigutust\/min <br \/> Teraliikumise pikkus:\u00a028 mm <br \/> Maksimaalne l\u00f5ikes\u00fcgavus puidus:\u00a0150 mm <br \/> Maksimaalne l\u00f5ikes\u00fcgavus metallis:\u00a05 mm <br \/> Terakinnitus:\u00a0kiire lukustus <br \/> Juhtimine:\u00a0elektrooniline <br \/> Kaal:\u00a03,37 kg <\/p>\n","protected":false},"excerpt":{"rendered":"<p>Tiigersaag Kawasaki K-RS1050, heas seisu- ja t\u00f6\u00f6korras! KIRJELDUS Tehnilised andmed: T\u00fc\u00fcp:\u00a0elektriline saag Toitepinge:\u00a0230 V Sagedus:\u00a050 Hz V\u00f5imsus:\u00a01050 W T\u00fchik\u00e4iguliigutuste arv:\u00a00\u20132500 liigutust\/min Teraliikumise pikkus:\u00a028 mm Maksimaalne l\u00f5ikes\u00fcgavus puidus:\u00a0150 mm Maksimaalne l\u00f5ikes\u00fcgavus metallis:\u00a05 mm Terakinnitus:\u00a0kiire lukustus Juhtimine:\u00a0elektrooniline Kaal:\u00a03,37 kg<\/p>\n","protected":false},"featured_media":33880,"comment_status":"closed","ping_status":"closed","template":"","meta":{"inline_featured_image":false},"product_brand":[],"product_cat":[243],"product_tag":[],"class_list":{"0":"post-33879","1":"product","2":"type-product","3":"status-publish","4":"has-post-thumbnail","6":"product_cat-sabelnye-pily","7":"pa_asukoht-mustamae","8":"pa_seisukord-ispolzovano","10":"first","11":"outofstock","12":"taxable","13":"shipping-taxable","14":"purchasable","15":"product-type-simple"},"_links":{"self":[{"href":"https:\/\/a-pant.ee\/ru\/wp-json\/wp\/v2\/product\/33879","targetHints":{"allow":["GET"]}}],"collection":[{"href":"https:\/\/a-pant.ee\/ru\/wp-json\/wp\/v2\/product"}],"about":[{"href":"https:\/\/a-pant.ee\/ru\/wp-json\/wp\/v2\/types\/product"}],"replies":[{"embeddable":true,"href":"https:\/\/a-pant.ee\/ru\/wp-json\/wp\/v2\/comments?post=33879"}],"wp:featuredmedia":[{"embeddable":true,"href":"https:\/\/a-pant.ee\/ru\/wp-json\/wp\/v2\/media\/33880"}],"wp:attachment":[{"href":"https:\/\/a-pant.ee\/ru\/wp-json\/wp\/v2\/media?parent=33879"}],"wp:term":[{"taxonomy":"product_brand","embeddable":true,"href":"https:\/\/a-pant.ee\/ru\/wp-json\/wp\/v2\/product_brand?post=33879"},{"taxonomy":"product_cat","embeddable":true,"href":"https:\/\/a-pant.ee\/ru\/wp-json\/wp\/v2\/product_cat?post=33879"},{"taxonomy":"product_tag","embeddable":true,"href":"https:\/\/a-pant.ee\/ru\/wp-json\/wp\/v2\/product_tag?post=33879"}],"curies":[{"name":"wp","href":"https:\/\/api.w.org\/{rel}","templated":true}]}}