{"id":33872,"date":"2026-02-04T15:21:04","date_gmt":"2026-02-04T12:21:04","guid":{"rendered":"https:\/\/a-pant.ee\/product\/router-huwaei-h155-381-5g\/"},"modified":"2026-02-22T12:11:30","modified_gmt":"2026-02-22T09:11:30","slug":"router-huwaei-h155-381-5g-korobka","status":"publish","type":"product","link":"https:\/\/a-pant.ee\/ru\/product\/router-huwaei-h155-381-5g-korobka\/","title":{"rendered":"\u0420\u043e\u0443\u0442\u0435\u0440 Huwaei H155-381 5G + \u043a\u043e\u0440\u043e\u0431\u043a\u0430"},"content":{"rendered":"\n<p> Ruuter Huwaei H155-381 5G + karp\u00a0, heas seisu- ja t\u00f6\u00f6korras! <\/p><p> KIRJELDUS <\/p><p> Huawei 5G CPE H155-381 ruuter on v\u00f5imas lahendus tehnikahuvilistele kasutajatele, kes vajavad kiiret interneti\u00fchendust. Selle v\u00f5ime pakkuda muljetavaldavat andmeside kiirust muudab selle ideaalseks voogedastuseks, m\u00e4ngimiseks ja muudeks ribalaiust n\u00f5udvateks tegevusteks. Selle tipptasemel 5G \u00fchilduvus tagab selle tulevikukindluse, mist\u00f5ttu on see ideaalne neile, kes soovivad j\u00e4\u00e4da kiiresti muutuva tehnoloogiamaailma eesotsas. <\/p><ul><li> Br\u00e4ndi usaldusv\u00e4\u00e4rsus: Brovi on tunnustatud oma kvaliteetsete v\u00f5rguseadmete poolest, mis tagab teile usaldusv\u00e4\u00e4rse ruuteri teie \u00fchendusvajaduste jaoks. <\/li><li> Kiire \u00fchenduvus: K\u00f5rgeimad andmesidekiirused tagavad sujuva ja t\u00f5husa interneti\u00fchenduse nii t\u00f6\u00f6- kui ka meelelahutuseks. <\/li><li> 5G \u00fchilduvus: ruuter on loodud uusimate internetitehnoloogiate jaoks, pakkudes kiiremat kiirust ja suuremat v\u00f5rgu t\u00f6\u00f6kindlust. <\/li><li> Universaalne k\u00e4ttesaadavus: ruuter on h\u00f5lpsasti k\u00e4ttesaadav paljudele kasutajatele t\u00e4nu erinevatele m\u00fc\u00fcjatele, sealhulgas Digideli ja Mistero Electronics. <\/li><\/ul>\n","protected":false},"excerpt":{"rendered":"<p>Ruuter Huwaei H155-381 5G + karp\u00a0, heas seisu- ja t\u00f6\u00f6korras! KIRJELDUS Huawei 5G CPE H155-381 ruuter on v\u00f5imas lahendus tehnikahuvilistele kasutajatele, kes vajavad kiiret interneti\u00fchendust. Selle v\u00f5ime pakkuda muljetavaldavat andmeside kiirust muudab selle ideaalseks voogedastuseks, m\u00e4ngimiseks ja muudeks ribalaiust n\u00f5udvateks tegevusteks. Selle tipptasemel 5G \u00fchilduvus tagab selle tulevikukindluse, mist\u00f5ttu on see ideaalne neile, kes soovivad [&hellip;]<\/p>\n","protected":false},"featured_media":33873,"comment_status":"closed","ping_status":"open","template":"","meta":{"inline_featured_image":false},"product_brand":[],"product_cat":[162],"product_tag":[],"class_list":{"0":"post-33872","1":"product","2":"type-product","3":"status-publish","4":"has-post-thumbnail","6":"product_cat-elektronika-drugoe","7":"pa_asukoht-lasnamae","8":"pa_seisukord-ispolzovano","10":"first","11":"outofstock","12":"taxable","13":"shipping-taxable","14":"purchasable","15":"product-type-simple"},"_links":{"self":[{"href":"https:\/\/a-pant.ee\/ru\/wp-json\/wp\/v2\/product\/33872","targetHints":{"allow":["GET"]}}],"collection":[{"href":"https:\/\/a-pant.ee\/ru\/wp-json\/wp\/v2\/product"}],"about":[{"href":"https:\/\/a-pant.ee\/ru\/wp-json\/wp\/v2\/types\/product"}],"replies":[{"embeddable":true,"href":"https:\/\/a-pant.ee\/ru\/wp-json\/wp\/v2\/comments?post=33872"}],"wp:featuredmedia":[{"embeddable":true,"href":"https:\/\/a-pant.ee\/ru\/wp-json\/wp\/v2\/media\/33873"}],"wp:attachment":[{"href":"https:\/\/a-pant.ee\/ru\/wp-json\/wp\/v2\/media?parent=33872"}],"wp:term":[{"taxonomy":"product_brand","embeddable":true,"href":"https:\/\/a-pant.ee\/ru\/wp-json\/wp\/v2\/product_brand?post=33872"},{"taxonomy":"product_cat","embeddable":true,"href":"https:\/\/a-pant.ee\/ru\/wp-json\/wp\/v2\/product_cat?post=33872"},{"taxonomy":"product_tag","embeddable":true,"href":"https:\/\/a-pant.ee\/ru\/wp-json\/wp\/v2\/product_tag?post=33872"}],"curies":[{"name":"wp","href":"https:\/\/api.w.org\/{rel}","templated":true}]}}