{"id":33853,"date":"2026-02-04T15:21:04","date_gmt":"2026-02-04T12:21:04","guid":{"rendered":"https:\/\/a-pant.ee\/product\/benzopila-scheppach-csp41\/"},"modified":"2026-02-22T12:11:30","modified_gmt":"2026-02-22T09:11:30","slug":"benzopila-scheppach-csp41","status":"publish","type":"product","link":"https:\/\/a-pant.ee\/ru\/product\/benzopila-scheppach-csp41\/","title":{"rendered":"\u0411\u0435\u043d\u0437\u043e\u043f\u0438\u043b\u0430 Scheppach CSP41"},"content":{"rendered":"\n<p> Kettsaag Scheppach CSP41, heas seisu- ja t\u00f6\u00f6korras! <\/p><p> KIRJELDUS <\/p><p> Tehnilised andmed: <\/p><ul><li> T\u00fc\u00fcp: bensiinimootoriga kettsaag <\/li><li> Toide: bensiin, 2-taktiline mootor <\/li><li> Mootori t\u00f6\u00f6l\u00e4bim\u00f5\u00f5t: 41 cm\u00b3 <\/li><li> Mootori v\u00f5imsus: ligikaudu 1,4 kW \/ 1,9 hj <\/li><li> Saelehe pikkus: 40 cm <\/li><li> Maksimaalne l\u00f5ikes\u00fcgavus: umbes 37,5 cm <\/li><li> Ketis\u00fcsteem: automaatne m\u00e4\u00e4rimine <\/li><li> Keti pingutamine ja vahetamine: t\u00f6\u00f6riistavaba <\/li><li> Ketipidur: olemas <\/li><li> Vibratsioonivastane s\u00fcsteem: olemas <\/li><li> Ergonomiline k\u00e4epide: mugav t\u00f6\u00f6 <\/li><li> \u00d5hufilter: k\u00f5rge j\u00f5udlusega mootori pika eluea tagamiseks <\/li><li> Mootori maksimaalsed p\u00f6\u00f6red: k\u00f5rged efektiivseks l\u00f5ikamiseks <\/li><li> Kaal: umbes 6,9 kg <\/li><li> Kasutusala: puidu l\u00f5ikamine, oksade l\u00f5ikamine, k\u00fcttepuude ettevalmistus, aiat\u00f6\u00f6d ja metsas kasutamine <\/li><\/ul>\n","protected":false},"excerpt":{"rendered":"<p>Kettsaag Scheppach CSP41, heas seisu- ja t\u00f6\u00f6korras! KIRJELDUS Tehnilised andmed: T\u00fc\u00fcp: bensiinimootoriga kettsaag Toide: bensiin, 2-taktiline mootor Mootori t\u00f6\u00f6l\u00e4bim\u00f5\u00f5t: 41 cm\u00b3 Mootori v\u00f5imsus: ligikaudu 1,4 kW \/ 1,9 hj Saelehe pikkus: 40 cm Maksimaalne l\u00f5ikes\u00fcgavus: umbes 37,5 cm Ketis\u00fcsteem: automaatne m\u00e4\u00e4rimine Keti pingutamine ja vahetamine: t\u00f6\u00f6riistavaba Ketipidur: olemas Vibratsioonivastane s\u00fcsteem: olemas Ergonomiline k\u00e4epide: mugav t\u00f6\u00f6 [&hellip;]<\/p>\n","protected":false},"featured_media":33854,"comment_status":"closed","ping_status":"open","template":"","meta":{"inline_featured_image":false},"product_brand":[],"product_cat":[220],"product_tag":[],"class_list":{"0":"post-33853","1":"product","2":"type-product","3":"status-publish","4":"has-post-thumbnail","6":"product_cat-sadovye-instrumenty","7":"pa_asukoht-mustamae","8":"pa_seisukord-ispolzovano","10":"first","11":"instock","12":"taxable","13":"shipping-taxable","14":"purchasable","15":"product-type-simple"},"_links":{"self":[{"href":"https:\/\/a-pant.ee\/ru\/wp-json\/wp\/v2\/product\/33853","targetHints":{"allow":["GET"]}}],"collection":[{"href":"https:\/\/a-pant.ee\/ru\/wp-json\/wp\/v2\/product"}],"about":[{"href":"https:\/\/a-pant.ee\/ru\/wp-json\/wp\/v2\/types\/product"}],"replies":[{"embeddable":true,"href":"https:\/\/a-pant.ee\/ru\/wp-json\/wp\/v2\/comments?post=33853"}],"wp:featuredmedia":[{"embeddable":true,"href":"https:\/\/a-pant.ee\/ru\/wp-json\/wp\/v2\/media\/33854"}],"wp:attachment":[{"href":"https:\/\/a-pant.ee\/ru\/wp-json\/wp\/v2\/media?parent=33853"}],"wp:term":[{"taxonomy":"product_brand","embeddable":true,"href":"https:\/\/a-pant.ee\/ru\/wp-json\/wp\/v2\/product_brand?post=33853"},{"taxonomy":"product_cat","embeddable":true,"href":"https:\/\/a-pant.ee\/ru\/wp-json\/wp\/v2\/product_cat?post=33853"},{"taxonomy":"product_tag","embeddable":true,"href":"https:\/\/a-pant.ee\/ru\/wp-json\/wp\/v2\/product_tag?post=33853"}],"curies":[{"name":"wp","href":"https:\/\/api.w.org\/{rel}","templated":true}]}}