{"id":33847,"date":"2026-02-04T15:21:04","date_gmt":"2026-02-04T12:21:04","guid":{"rendered":"https:\/\/a-pant.ee\/product\/vodyanoy-nasos-tip-hww900-25-22h\/"},"modified":"2026-02-22T12:11:30","modified_gmt":"2026-02-22T09:11:30","slug":"vodyanoj-nasos-gidrofornaya-sistema-t-i-p-hww900-25-22h","status":"publish","type":"product","link":"https:\/\/a-pant.ee\/ru\/product\/vodyanoj-nasos-gidrofornaya-sistema-t-i-p-hww900-25-22h\/","title":{"rendered":"\u0412\u043e\u0434\u044f\u043d\u043e\u0439 \u043d\u0430\u0441\u043e\u0441 + \u0433\u0438\u0434\u0440\u043e\u0444\u043e\u0440\u043d\u0430\u044f \u0441\u0438\u0441\u0442\u0435\u043c\u0430 T.I.P. HWW900-25-22H"},"content":{"rendered":"\n<p> veepump koos h\u00fcdrofooriga T.I.P. HWW900-25-22H, heas seisu- ja t\u00f6\u00f6korras! <\/p><p> KIRJELDUS <\/p><p> Tehnilised andmed: <\/p><ul><li> T\u00fc\u00fcp: veepump koos h\u00fcdrofooriga <\/li><li> Kasutusala: automaatne veevarustus eramajadesse, suvilatesse ja majapidamistesse <\/li><li> Toide: 230 V \/ 50 Hz <\/li><li> Mootori v\u00f5imsus: 600 W <\/li><li> T\u00f6\u00f6r\u00f5hk: kuni umbes 4,2 bar <\/li><li> Maksimaalne t\u00f5stek\u00f5rgus: kuni umbes 42 m <\/li><li> Maksimaalne imin\u00f5rg: kuni umbes 8 m <\/li><li> Veevoolu v\u00f5imsus: umbes 46 l\/min (\u2248 2800 l\/h) <\/li><li> H\u00fcdrofoori mahutavus: 22 l <\/li><li> Maksimaalne pumbatava vee temperatuur: kuni umbes +35 \u00b0C <\/li><li> \u00dchenduse suurus: standardne 1\u2033 <\/li><li> Korpusmaterjal: malm ja vastupidavad komponendid <\/li><li> Keeled: ette n\u00e4htud puhta vee pumpamiseks (ilma abrasiivseteta), ei tohi t\u00f6\u00f6delda kuivalt <\/li><li> Kaal: umbes 14 kg <\/li><\/ul>\n","protected":false},"excerpt":{"rendered":"<p>veepump koos h\u00fcdrofooriga T.I.P. HWW900-25-22H, heas seisu- ja t\u00f6\u00f6korras! KIRJELDUS Tehnilised andmed: T\u00fc\u00fcp: veepump koos h\u00fcdrofooriga Kasutusala: automaatne veevarustus eramajadesse, suvilatesse ja majapidamistesse Toide: 230 V \/ 50 Hz Mootori v\u00f5imsus: 600 W T\u00f6\u00f6r\u00f5hk: kuni umbes 4,2 bar Maksimaalne t\u00f5stek\u00f5rgus: kuni umbes 42 m Maksimaalne imin\u00f5rg: kuni umbes 8 m Veevoolu v\u00f5imsus: umbes 46 l\/min [&hellip;]<\/p>\n","protected":false},"featured_media":33848,"comment_status":"closed","ping_status":"closed","template":"","meta":{"inline_featured_image":false},"product_brand":[],"product_cat":[240],"product_tag":[],"class_list":{"0":"post-33847","1":"product","2":"type-product","3":"status-publish","4":"has-post-thumbnail","6":"product_cat-santehnicheskij-instrument","7":"pa_asukoht-mustamae","8":"pa_seisukord-ispolzovano","10":"first","11":"outofstock","12":"taxable","13":"shipping-taxable","14":"purchasable","15":"product-type-simple"},"_links":{"self":[{"href":"https:\/\/a-pant.ee\/ru\/wp-json\/wp\/v2\/product\/33847","targetHints":{"allow":["GET"]}}],"collection":[{"href":"https:\/\/a-pant.ee\/ru\/wp-json\/wp\/v2\/product"}],"about":[{"href":"https:\/\/a-pant.ee\/ru\/wp-json\/wp\/v2\/types\/product"}],"replies":[{"embeddable":true,"href":"https:\/\/a-pant.ee\/ru\/wp-json\/wp\/v2\/comments?post=33847"}],"wp:featuredmedia":[{"embeddable":true,"href":"https:\/\/a-pant.ee\/ru\/wp-json\/wp\/v2\/media\/33848"}],"wp:attachment":[{"href":"https:\/\/a-pant.ee\/ru\/wp-json\/wp\/v2\/media?parent=33847"}],"wp:term":[{"taxonomy":"product_brand","embeddable":true,"href":"https:\/\/a-pant.ee\/ru\/wp-json\/wp\/v2\/product_brand?post=33847"},{"taxonomy":"product_cat","embeddable":true,"href":"https:\/\/a-pant.ee\/ru\/wp-json\/wp\/v2\/product_cat?post=33847"},{"taxonomy":"product_tag","embeddable":true,"href":"https:\/\/a-pant.ee\/ru\/wp-json\/wp\/v2\/product_tag?post=33847"}],"curies":[{"name":"wp","href":"https:\/\/api.w.org\/{rel}","templated":true}]}}