{"id":33842,"date":"2026-02-04T15:21:04","date_gmt":"2026-02-04T12:21:04","guid":{"rendered":"https:\/\/a-pant.ee\/product\/telefon-iphone-12-64gb-chehol\/"},"modified":"2026-02-22T12:11:29","modified_gmt":"2026-02-22T09:11:29","slug":"telefon-iphone-12-64gb-aku-78-chehol","status":"publish","type":"product","link":"https:\/\/a-pant.ee\/ru\/product\/telefon-iphone-12-64gb-aku-78-chehol\/","title":{"rendered":"\u0422\u0435\u043b\u0435\u0444\u043e\u043d Iphone 12 64GB, AKU 78% + \u0427\u0435\u0445\u043e\u043b"},"content":{"rendered":"\n<p> Telefon Iphone 12 64GB, AKU 78% + Kaane\u00a0, heas seisu- ja t\u00f6\u00f6korras! <\/p><p> KIRJELDUS <\/p><p> Tehnilised andmed: <\/p><ul><li> T\u00fc\u00fcp: nutitelefon <\/li><li> Seeria: iPhone 12 <\/li><li> M\u00e4lu: 64 GB sisem\u00e4lu <\/li><li> Operatsioonis\u00fcsteem: iOS <\/li><li> Protsessor: Apple A14 Bionic <\/li><li> Ekraan: Super Retina XDR OLED <\/li><li> Ekraani diagonaal: 6,1\u2033 <\/li><li> Resolutsioon: 2532 \u00d7 1170 pikslit <\/li><li> Ekraani kaitse: tugev kaitseklaas <\/li><li> Tagakaamera: kahekordne <ul><li> P\u00f5hikaamera: 12 MP <\/li><li> Ultralai kaamera: 12 MP <\/li><\/ul><\/li><li> Esikaamera: 12 MP <\/li><li> Video salvestus: kuni 4K 60 kaadrit\/s <\/li><li> Biomeetria: Face ID (n\u00e4gutuvastus) <\/li><li> Veekindlus: veekindel korpus <\/li><li> Traadita \u00fchendused: Wi-Fi, Bluetooth <\/li><li> Navigatsioon: GPS\/GLONASS ja teised s\u00fcsteemid <\/li><li> Port: Lightning <\/li><li> Helis\u00fcsteem: stereok\u00f5larid <\/li><li> Aku: sisseehitatud Li-Ion, toetab kiiret ja traadita laadimist <\/li><\/ul>\n","protected":false},"excerpt":{"rendered":"<p>Telefon Iphone 12 64GB, AKU 78% + Kaane\u00a0, heas seisu- ja t\u00f6\u00f6korras! KIRJELDUS Tehnilised andmed: T\u00fc\u00fcp: nutitelefon Seeria: iPhone 12 M\u00e4lu: 64 GB sisem\u00e4lu Operatsioonis\u00fcsteem: iOS Protsessor: Apple A14 Bionic Ekraan: Super Retina XDR OLED Ekraani diagonaal: 6,1\u2033 Resolutsioon: 2532 \u00d7 1170 pikslit Ekraani kaitse: tugev kaitseklaas Tagakaamera: kahekordne P\u00f5hikaamera: 12 MP Ultralai kaamera: 12 [&hellip;]<\/p>\n","protected":false},"featured_media":33843,"comment_status":"closed","ping_status":"open","template":"","meta":{"inline_featured_image":false},"product_brand":[],"product_cat":[171],"product_tag":[],"class_list":{"0":"post-33842","1":"product","2":"type-product","3":"status-publish","4":"has-post-thumbnail","6":"product_cat-mobilnye-telefony","7":"pa_asukoht-mustamae","8":"pa_seisukord-ispolzovano","10":"first","11":"instock","12":"taxable","13":"shipping-taxable","14":"purchasable","15":"product-type-simple"},"_links":{"self":[{"href":"https:\/\/a-pant.ee\/ru\/wp-json\/wp\/v2\/product\/33842","targetHints":{"allow":["GET"]}}],"collection":[{"href":"https:\/\/a-pant.ee\/ru\/wp-json\/wp\/v2\/product"}],"about":[{"href":"https:\/\/a-pant.ee\/ru\/wp-json\/wp\/v2\/types\/product"}],"replies":[{"embeddable":true,"href":"https:\/\/a-pant.ee\/ru\/wp-json\/wp\/v2\/comments?post=33842"}],"wp:featuredmedia":[{"embeddable":true,"href":"https:\/\/a-pant.ee\/ru\/wp-json\/wp\/v2\/media\/33843"}],"wp:attachment":[{"href":"https:\/\/a-pant.ee\/ru\/wp-json\/wp\/v2\/media?parent=33842"}],"wp:term":[{"taxonomy":"product_brand","embeddable":true,"href":"https:\/\/a-pant.ee\/ru\/wp-json\/wp\/v2\/product_brand?post=33842"},{"taxonomy":"product_cat","embeddable":true,"href":"https:\/\/a-pant.ee\/ru\/wp-json\/wp\/v2\/product_cat?post=33842"},{"taxonomy":"product_tag","embeddable":true,"href":"https:\/\/a-pant.ee\/ru\/wp-json\/wp\/v2\/product_tag?post=33842"}],"curies":[{"name":"wp","href":"https:\/\/api.w.org\/{rel}","templated":true}]}}