{"id":33836,"date":"2026-02-04T15:21:04","date_gmt":"2026-02-04T12:21:04","guid":{"rendered":"https:\/\/a-pant.ee\/product\/stroitelnij-fen-parkside-plhlg-200-c2\/"},"modified":"2026-02-22T12:11:29","modified_gmt":"2026-02-22T09:11:29","slug":"stroitelnyj-fen-parkside-plhlg-200-c2-nasadki-korobka","status":"publish","type":"product","link":"https:\/\/a-pant.ee\/ru\/product\/stroitelnyj-fen-parkside-plhlg-200-c2-nasadki-korobka\/","title":{"rendered":"\u0421\u0442\u0440\u043e\u0438\u0442\u0435\u043b\u044c\u043d\u044b\u0439 \u0444\u0435\u043d Parkside PLHLG 200 C2 + \u043d\u0430\u0441\u0430\u0434\u043a\u0438+ \u043a\u043e\u0440\u043e\u0431\u043a\u0430"},"content":{"rendered":"\n<p><strong> Kuuma\u00f5hupuhur Parkside PLHLG 200 C2 + otsikud + karp <\/strong> , heas seisu- ja t\u00f6\u00f6korras! <\/p><p> KIRJELDUS <\/p><ul><li> V\u00f5imsus: <strong> 2000 W <\/strong><\/li><li> Toitepinge: <strong> 230 V <\/strong><\/li><li> Temperatuur: <strong> 100 \/ 350 \/ 650 \u00b0C <\/strong><\/li><li> \u00d5huvool: <strong> kuni 500 l\/min <\/strong><\/li><li> Reguleerimine: <strong> 3 re\u017eiimi <\/strong><\/li><li> Toitekaabli pikkus: <strong> u 3 m <\/strong><\/li><li> Kaal: <strong> u 1,4\u20131,5 kg <\/strong><\/li><li> Kasutus: materjalide kuumutamine ja vormimine, umbrohu eemaldamine, grilli s\u00fc\u00fctamine <\/li><\/ul>\n","protected":false},"excerpt":{"rendered":"<p>Kuuma\u00f5hupuhur Parkside PLHLG 200 C2 + otsikud + karp , heas seisu- ja t\u00f6\u00f6korras! KIRJELDUS V\u00f5imsus: 2000 W Toitepinge: 230 V Temperatuur: 100 \/ 350 \/ 650 \u00b0C \u00d5huvool: kuni 500 l\/min Reguleerimine: 3 re\u017eiimi Toitekaabli pikkus: u 3 m Kaal: u 1,4\u20131,5 kg Kasutus: materjalide kuumutamine ja vormimine, umbrohu eemaldamine, grilli s\u00fc\u00fctamine<\/p>\n","protected":false},"featured_media":33837,"comment_status":"closed","ping_status":"open","template":"","meta":{"inline_featured_image":false},"product_brand":[],"product_cat":[222],"product_tag":[],"class_list":{"0":"post-33836","1":"product","2":"type-product","3":"status-publish","4":"has-post-thumbnail","6":"product_cat-stroitelnye-feny","7":"pa_asukoht-lasnamae","8":"pa_seisukord-ispolzovano","10":"first","11":"instock","12":"taxable","13":"shipping-taxable","14":"purchasable","15":"product-type-simple"},"_links":{"self":[{"href":"https:\/\/a-pant.ee\/ru\/wp-json\/wp\/v2\/product\/33836","targetHints":{"allow":["GET"]}}],"collection":[{"href":"https:\/\/a-pant.ee\/ru\/wp-json\/wp\/v2\/product"}],"about":[{"href":"https:\/\/a-pant.ee\/ru\/wp-json\/wp\/v2\/types\/product"}],"replies":[{"embeddable":true,"href":"https:\/\/a-pant.ee\/ru\/wp-json\/wp\/v2\/comments?post=33836"}],"wp:featuredmedia":[{"embeddable":true,"href":"https:\/\/a-pant.ee\/ru\/wp-json\/wp\/v2\/media\/33837"}],"wp:attachment":[{"href":"https:\/\/a-pant.ee\/ru\/wp-json\/wp\/v2\/media?parent=33836"}],"wp:term":[{"taxonomy":"product_brand","embeddable":true,"href":"https:\/\/a-pant.ee\/ru\/wp-json\/wp\/v2\/product_brand?post=33836"},{"taxonomy":"product_cat","embeddable":true,"href":"https:\/\/a-pant.ee\/ru\/wp-json\/wp\/v2\/product_cat?post=33836"},{"taxonomy":"product_tag","embeddable":true,"href":"https:\/\/a-pant.ee\/ru\/wp-json\/wp\/v2\/product_tag?post=33836"}],"curies":[{"name":"wp","href":"https:\/\/api.w.org\/{rel}","templated":true}]}}