{"id":33815,"date":"2026-02-04T15:21:04","date_gmt":"2026-02-04T12:21:04","guid":{"rendered":"https:\/\/a-pant.ee\/product\/smartfon-apple-iphone-11-64gb-chehol\/"},"modified":"2026-02-22T12:11:29","modified_gmt":"2026-02-22T09:11:29","slug":"smartfon-apple-iphone-11-64gb-aku-72-chehol","status":"publish","type":"product","link":"https:\/\/a-pant.ee\/ru\/product\/smartfon-apple-iphone-11-64gb-aku-72-chehol\/","title":{"rendered":"\u0421\u043c\u0430\u0440\u0442\u0444\u043e\u043d  Apple Iphone 11 64gb \u0430\u043a\u0443 72% + \u0447\u0435\u0445\u043e\u043b"},"content":{"rendered":"\n<p><strong> Nutitelefon Apple Iphone 11 64gb aku 72% + \u00fcmbris <\/strong> \u00a0, t\u00f6\u00f6korras! <\/p><p><strong> Ekraanil on Kriimud ! <\/strong><\/p><p> KIRJELDUS <\/p><ul><li> Mudel: iPhone 11 <\/li><li> M\u00e4lu: 64 GB <\/li><li> Ekraan: 6,1&#8243; Liquid Retina HD, IPS <\/li><li> Protsessor: Apple A13 Bionic <\/li><li> Kaamerad: topelt tagumine 12 MP (lainurk + \u00fclilainurk), esikaamera 12 MP <\/li><li> Video: 4K salvestus <\/li><li> Biomeetria: Face ID <\/li><li> Traadita tehnoloogiad: Wi\u2011Fi, Bluetooth <\/li><li> Pordid: Lightning <\/li><li> Aku: kuni 17 tundi videopleieri t\u00f6\u00f6aega <\/li><li> Operatsioonis\u00fcsteem: iOS <\/li><\/ul>\n","protected":false},"excerpt":{"rendered":"<p>Nutitelefon Apple Iphone 11 64gb aku 72% + \u00fcmbris \u00a0, t\u00f6\u00f6korras! Ekraanil on Kriimud ! KIRJELDUS Mudel: iPhone 11 M\u00e4lu: 64 GB Ekraan: 6,1&#8243; Liquid Retina HD, IPS Protsessor: Apple A13 Bionic Kaamerad: topelt tagumine 12 MP (lainurk + \u00fclilainurk), esikaamera 12 MP Video: 4K salvestus Biomeetria: Face ID Traadita tehnoloogiad: Wi\u2011Fi, Bluetooth Pordid: Lightning [&hellip;]<\/p>\n","protected":false},"featured_media":33816,"comment_status":"closed","ping_status":"open","template":"","meta":{"inline_featured_image":false},"product_brand":[],"product_cat":[171],"product_tag":[],"class_list":{"0":"post-33815","1":"product","2":"type-product","3":"status-publish","4":"has-post-thumbnail","6":"product_cat-mobilnye-telefony","7":"pa_asukoht-lasnamae","8":"pa_seisukord-ispolzovano","10":"first","11":"instock","12":"taxable","13":"shipping-taxable","14":"purchasable","15":"product-type-simple"},"_links":{"self":[{"href":"https:\/\/a-pant.ee\/ru\/wp-json\/wp\/v2\/product\/33815","targetHints":{"allow":["GET"]}}],"collection":[{"href":"https:\/\/a-pant.ee\/ru\/wp-json\/wp\/v2\/product"}],"about":[{"href":"https:\/\/a-pant.ee\/ru\/wp-json\/wp\/v2\/types\/product"}],"replies":[{"embeddable":true,"href":"https:\/\/a-pant.ee\/ru\/wp-json\/wp\/v2\/comments?post=33815"}],"wp:featuredmedia":[{"embeddable":true,"href":"https:\/\/a-pant.ee\/ru\/wp-json\/wp\/v2\/media\/33816"}],"wp:attachment":[{"href":"https:\/\/a-pant.ee\/ru\/wp-json\/wp\/v2\/media?parent=33815"}],"wp:term":[{"taxonomy":"product_brand","embeddable":true,"href":"https:\/\/a-pant.ee\/ru\/wp-json\/wp\/v2\/product_brand?post=33815"},{"taxonomy":"product_cat","embeddable":true,"href":"https:\/\/a-pant.ee\/ru\/wp-json\/wp\/v2\/product_cat?post=33815"},{"taxonomy":"product_tag","embeddable":true,"href":"https:\/\/a-pant.ee\/ru\/wp-json\/wp\/v2\/product_tag?post=33815"}],"curies":[{"name":"wp","href":"https:\/\/api.w.org\/{rel}","templated":true}]}}