{"id":33809,"date":"2026-02-04T15:21:04","date_gmt":"2026-02-04T12:21:04","guid":{"rendered":"https:\/\/a-pant.ee\/product\/mobilnyj-telefon-apple-iphone-8-64gb-chehol\/"},"modified":"2026-02-22T12:11:29","modified_gmt":"2026-02-22T09:11:29","slug":"mobilnyj-telefon-apple-iphone-8-64gb-chehol-korobka","status":"publish","type":"product","link":"https:\/\/a-pant.ee\/ru\/product\/mobilnyj-telefon-apple-iphone-8-64gb-chehol-korobka\/","title":{"rendered":"\u041c\u043e\u0431\u0438\u043b\u044c\u043d\u044b\u0439 \u0442\u0435\u043b\u0435\u0444\u043e\u043d Apple iPhone 8 64GB + \u0447\u0435\u0445\u043e\u043b + \u043a\u043e\u0440\u043e\u0431\u043a\u0430"},"content":{"rendered":"\n<p> Mobiiltelefon Apple iPhone 8 64GB + kaane + karp,heaskorras t\u00f6\u00f6korras! <\/p><p> KIRJELDUS <\/p><p> Ekraani omadused <\/p><ul><li> Ekraani diagonaal:4.7 &#187; (tolli) <\/li><li> Ekraani t\u00fc\u00fcp:Retina <\/li><li> Resolutsioon:1334 x 750 pikslit <\/li><li> Piksli tihedus:326 ppi <\/li><li> Lisaomadused:T\u00f6\u00f6temperatuur 0\u00b0 kuni +35\u00b0 C <\/li><\/ul><p> Riistvara omadused <\/p><ul><li> Protsessor:A11 <\/li><li> P\u00f5him\u00e4lu:2 GB <\/li><li> Telefoni m\u00e4lu:64 GB <\/li><\/ul><p> Kaamera <\/p><ul><li> Eesmine kaamera:7 Mpix <\/li><li> Videosalvestus:3840 x 2160 pikslit <\/li><\/ul><p> Omadused <\/p><ul><li> SIM kaardi t\u00fc\u00fcp:Nano SIM <\/li><li> Kahe SIM-kaardi tugi:Ei <\/li><li> Kahe SIM kaardi olek:Puudub <\/li><li> Aku mahtuvus:1821 mAh <\/li><li> Laadija t\u00fc\u00fcp:Lightning \u00fchendus <\/li><li> Juhtmevaba laadimine:Jah <\/li><li> MicroSD:Ei toeta <\/li><li> Audio v\u00e4ljund (3,5 mm):Ei <\/li><\/ul><p> J\u00e4tkusuutlikkuse omadused <\/p><ul><li> Vee- ja tolmukindlus (IP klass):IP67 <\/li><\/ul>\n","protected":false},"excerpt":{"rendered":"<p>Mobiiltelefon Apple iPhone 8 64GB + kaane + karp,heaskorras t\u00f6\u00f6korras! KIRJELDUS Ekraani omadused Ekraani diagonaal:4.7 &#187; (tolli) Ekraani t\u00fc\u00fcp:Retina Resolutsioon:1334 x 750 pikslit Piksli tihedus:326 ppi Lisaomadused:T\u00f6\u00f6temperatuur 0\u00b0 kuni +35\u00b0 C Riistvara omadused Protsessor:A11 P\u00f5him\u00e4lu:2 GB Telefoni m\u00e4lu:64 GB Kaamera Eesmine kaamera:7 Mpix Videosalvestus:3840 x 2160 pikslit Omadused SIM kaardi t\u00fc\u00fcp:Nano SIM Kahe SIM-kaardi tugi:Ei [&hellip;]<\/p>\n","protected":false},"featured_media":33810,"comment_status":"closed","ping_status":"open","template":"","meta":{"inline_featured_image":false},"product_brand":[],"product_cat":[171],"product_tag":[],"class_list":{"0":"post-33809","1":"product","2":"type-product","3":"status-publish","4":"has-post-thumbnail","6":"product_cat-mobilnye-telefony","7":"pa_asukoht-mustamae","8":"pa_seisukord-ispolzovano","10":"first","11":"instock","12":"taxable","13":"shipping-taxable","14":"purchasable","15":"product-type-simple"},"_links":{"self":[{"href":"https:\/\/a-pant.ee\/ru\/wp-json\/wp\/v2\/product\/33809","targetHints":{"allow":["GET"]}}],"collection":[{"href":"https:\/\/a-pant.ee\/ru\/wp-json\/wp\/v2\/product"}],"about":[{"href":"https:\/\/a-pant.ee\/ru\/wp-json\/wp\/v2\/types\/product"}],"replies":[{"embeddable":true,"href":"https:\/\/a-pant.ee\/ru\/wp-json\/wp\/v2\/comments?post=33809"}],"wp:featuredmedia":[{"embeddable":true,"href":"https:\/\/a-pant.ee\/ru\/wp-json\/wp\/v2\/media\/33810"}],"wp:attachment":[{"href":"https:\/\/a-pant.ee\/ru\/wp-json\/wp\/v2\/media?parent=33809"}],"wp:term":[{"taxonomy":"product_brand","embeddable":true,"href":"https:\/\/a-pant.ee\/ru\/wp-json\/wp\/v2\/product_brand?post=33809"},{"taxonomy":"product_cat","embeddable":true,"href":"https:\/\/a-pant.ee\/ru\/wp-json\/wp\/v2\/product_cat?post=33809"},{"taxonomy":"product_tag","embeddable":true,"href":"https:\/\/a-pant.ee\/ru\/wp-json\/wp\/v2\/product_tag?post=33809"}],"curies":[{"name":"wp","href":"https:\/\/api.w.org\/{rel}","templated":true}]}}