{"id":33803,"date":"2026-02-04T15:21:04","date_gmt":"2026-02-04T12:21:04","guid":{"rendered":"https:\/\/a-pant.ee\/product\/noutbuk-asus-c523n-zaryadka\/"},"modified":"2026-02-22T12:11:28","modified_gmt":"2026-02-22T09:11:28","slug":"noutbuk-asus-c523n-zaryadka","status":"publish","type":"product","link":"https:\/\/a-pant.ee\/ru\/product\/noutbuk-asus-c523n-zaryadka\/","title":{"rendered":"\u041d\u043e\u0443\u0442\u0431\u0443\u043a Asus C523N + \u0437\u0430\u0440\u044f\u0434\u043a\u0430"},"content":{"rendered":"\n<p> S\u00fclearvuti Asus C523N + laadija, t\u00f6\u00f6korras! <br \/><br \/> Korpusel on m\u00f5lk <\/p><p> KIRJELDUS <\/p><p> K\u00f5vaketta maht 32 GB <br \/> CPU mudel Celeron <br \/> Paigaldatud RAM-m\u00e4lu suurus 4 GB <br \/> Operatsioonis\u00fcsteem Chrome OS <br \/> Erifunktsioon Ultrakitsas raam, pimestamisvastane <br \/> Graafikakaardi kirjeldus Integreeritud kaart <\/p>\n","protected":false},"excerpt":{"rendered":"<p>S\u00fclearvuti Asus C523N + laadija, t\u00f6\u00f6korras! Korpusel on m\u00f5lk KIRJELDUS K\u00f5vaketta maht 32 GB CPU mudel Celeron Paigaldatud RAM-m\u00e4lu suurus 4 GB Operatsioonis\u00fcsteem Chrome OS Erifunktsioon Ultrakitsas raam, pimestamisvastane Graafikakaardi kirjeldus Integreeritud kaart<\/p>\n","protected":false},"featured_media":33804,"comment_status":"closed","ping_status":"open","template":"","meta":{"inline_featured_image":false},"product_brand":[],"product_cat":[179],"product_tag":[],"class_list":{"0":"post-33803","1":"product","2":"type-product","3":"status-publish","4":"has-post-thumbnail","6":"product_cat-noutbuki","7":"pa_asukoht-mustamae","8":"pa_seisukord-ispolzovano","10":"first","11":"instock","12":"taxable","13":"shipping-taxable","14":"purchasable","15":"product-type-simple"},"_links":{"self":[{"href":"https:\/\/a-pant.ee\/ru\/wp-json\/wp\/v2\/product\/33803","targetHints":{"allow":["GET"]}}],"collection":[{"href":"https:\/\/a-pant.ee\/ru\/wp-json\/wp\/v2\/product"}],"about":[{"href":"https:\/\/a-pant.ee\/ru\/wp-json\/wp\/v2\/types\/product"}],"replies":[{"embeddable":true,"href":"https:\/\/a-pant.ee\/ru\/wp-json\/wp\/v2\/comments?post=33803"}],"wp:featuredmedia":[{"embeddable":true,"href":"https:\/\/a-pant.ee\/ru\/wp-json\/wp\/v2\/media\/33804"}],"wp:attachment":[{"href":"https:\/\/a-pant.ee\/ru\/wp-json\/wp\/v2\/media?parent=33803"}],"wp:term":[{"taxonomy":"product_brand","embeddable":true,"href":"https:\/\/a-pant.ee\/ru\/wp-json\/wp\/v2\/product_brand?post=33803"},{"taxonomy":"product_cat","embeddable":true,"href":"https:\/\/a-pant.ee\/ru\/wp-json\/wp\/v2\/product_cat?post=33803"},{"taxonomy":"product_tag","embeddable":true,"href":"https:\/\/a-pant.ee\/ru\/wp-json\/wp\/v2\/product_tag?post=33803"}],"curies":[{"name":"wp","href":"https:\/\/api.w.org\/{rel}","templated":true}]}}