{"id":33797,"date":"2026-02-04T15:17:12","date_gmt":"2026-02-04T12:17:12","guid":{"rendered":"https:\/\/a-pant.ee\/product\/router-huawei-5g-cpe-pro-5\/"},"modified":"2026-02-22T12:11:33","modified_gmt":"2026-02-22T09:11:33","slug":"router-huawei-5g-cpe-pro-5-provoda-korobka","status":"publish","type":"product","link":"https:\/\/a-pant.ee\/ru\/product\/router-huawei-5g-cpe-pro-5-provoda-korobka\/","title":{"rendered":"\u0420\u043e\u0443\u0442\u0435\u0440 Huawei 5G CPE Pro 5 + \u043f\u0440\u043e\u0432\u043e\u0434\u0430 + \u043a\u043e\u0440\u043e\u0431\u043a\u0430"},"content":{"rendered":"\n<p> Ruuter Huawei 5G CPE Pro 5 + juhed + karp, heas seisu- ja t\u00f6\u00f6korras! <\/p><p> KIRJELDUS <\/p><p> V\u00f5rgud: 5G NR (n1\/3\/5\/7\/20\/28\/38\/40\/41\/71\/77\/78\/79), 4G LTE (B1\/3\/5\/7\/8\/18\/19\/20\/26\/28\/32\/34\/38\/39\/40\/41\/42\/43). <\/p><p> 5G kiirus: Allalaadimine (DL) kuni 5,4 Gbps, \u00fcleslaadimine (UL) kuni 500 Mbps. <\/p><p> 4G kiirus: Kategooria 20, kuni 2 Gbps (DL) \/ 150 Mbps (UL). <\/p><p> Wi-Fi: Wi-Fi 6 (802.11ax\/ac\/a\/n), 4&#215;4 MIMO, kahesageduslik (2,4 GHz ja 5 GHz), kiirused kuni 7200 Mbps (AX7200). <br \/> Liidesed: <br \/> 1x 2,5 Gbps Etherneti port (LAN\/WAN). <br \/> 1x 1 Gbps Etherneti port (LAN). <br \/> 1x RJ11 port (VoIP\/SIP telefoniside jaoks). <br \/> Nano-SIM-kaardi pesa. <br \/> Antennid: Sisemised 5G\/LTE antennid kuni 12 dBi v\u00f5imendusega. V\u00e4liseid 5G antenne ei toetata. <br \/> Omadused: Toetab 256QAM, 4&#215;4 MIMO ja juhitav Huawei AI Life&#8217;i kaudu. <br \/> M\u00f5\u00f5tmed: 103 x 103 x 226 mm, kaal u. 915 g. <\/p>\n","protected":false},"excerpt":{"rendered":"<p>Ruuter Huawei 5G CPE Pro 5 + juhed + karp, heas seisu- ja t\u00f6\u00f6korras! KIRJELDUS V\u00f5rgud: 5G NR (n1\/3\/5\/7\/20\/28\/38\/40\/41\/71\/77\/78\/79), 4G LTE (B1\/3\/5\/7\/8\/18\/19\/20\/26\/28\/32\/34\/38\/39\/40\/41\/42\/43). 5G kiirus: Allalaadimine (DL) kuni 5,4 Gbps, \u00fcleslaadimine (UL) kuni 500 Mbps. 4G kiirus: Kategooria 20, kuni 2 Gbps (DL) \/ 150 Mbps (UL). Wi-Fi: Wi-Fi 6 (802.11ax\/ac\/a\/n), 4&#215;4 MIMO, kahesageduslik (2,4 GHz [&hellip;]<\/p>\n","protected":false},"featured_media":33798,"comment_status":"closed","ping_status":"closed","template":"","meta":{"inline_featured_image":false},"product_brand":[],"product_cat":[162],"product_tag":[],"class_list":{"0":"post-33797","1":"product","2":"type-product","3":"status-publish","4":"has-post-thumbnail","6":"product_cat-elektronika-drugoe","7":"pa_asukoht-mustamae","8":"pa_seisukord-ispolzovano","10":"first","11":"outofstock","12":"taxable","13":"shipping-taxable","14":"purchasable","15":"product-type-simple"},"_links":{"self":[{"href":"https:\/\/a-pant.ee\/ru\/wp-json\/wp\/v2\/product\/33797","targetHints":{"allow":["GET"]}}],"collection":[{"href":"https:\/\/a-pant.ee\/ru\/wp-json\/wp\/v2\/product"}],"about":[{"href":"https:\/\/a-pant.ee\/ru\/wp-json\/wp\/v2\/types\/product"}],"replies":[{"embeddable":true,"href":"https:\/\/a-pant.ee\/ru\/wp-json\/wp\/v2\/comments?post=33797"}],"wp:featuredmedia":[{"embeddable":true,"href":"https:\/\/a-pant.ee\/ru\/wp-json\/wp\/v2\/media\/33798"}],"wp:attachment":[{"href":"https:\/\/a-pant.ee\/ru\/wp-json\/wp\/v2\/media?parent=33797"}],"wp:term":[{"taxonomy":"product_brand","embeddable":true,"href":"https:\/\/a-pant.ee\/ru\/wp-json\/wp\/v2\/product_brand?post=33797"},{"taxonomy":"product_cat","embeddable":true,"href":"https:\/\/a-pant.ee\/ru\/wp-json\/wp\/v2\/product_cat?post=33797"},{"taxonomy":"product_tag","embeddable":true,"href":"https:\/\/a-pant.ee\/ru\/wp-json\/wp\/v2\/product_tag?post=33797"}],"curies":[{"name":"wp","href":"https:\/\/api.w.org\/{rel}","templated":true}]}}