{"id":33747,"date":"2026-02-04T15:17:12","date_gmt":"2026-02-04T12:17:12","guid":{"rendered":"https:\/\/a-pant.ee\/product\/zaryadnoe-ustroystvo-hilti-4-36-350\/"},"modified":"2026-02-22T12:11:32","modified_gmt":"2026-02-22T09:11:32","slug":"zaryadnoe-ustrojstvo-hilti-4-36-350","status":"publish","type":"product","link":"https:\/\/a-pant.ee\/ru\/product\/zaryadnoe-ustrojstvo-hilti-4-36-350\/","title":{"rendered":"\u0417\u0430\u0440\u044f\u0434\u043d\u043e\u0435 \u0443\u0441\u0442\u0440\u043e\u0439\u0441\u0442\u0432\u043e Hilti 4\/36-350"},"content":{"rendered":"\n<p> Laadija Hilti 4\/36-350, heas seisu- ja t\u00f6\u00f6korras!! <\/p><p> KIRJELDUS <\/p><p> Aku t\u00fc\u00fcp: Li-ioon CPC <br \/> V\u00e4ljundv\u00f5imsus: 350 W <br \/> V\u00e4ljundvool: 9 A <br \/> V\u00e4ljundv\u00f5imsus: 350 W <br \/> Laadimistemperatuuri vahemik: -10\u201360 \u00b0C <br \/> Oleku indikaator: Jah <br \/> Kaal: 1,1 kg <br \/> M\u00f5\u00f5tmed (P x L x K): 170 x 163 x 70 mm <br \/> Nimipinge: 240 V <\/p>\n","protected":false},"excerpt":{"rendered":"<p>Laadija Hilti 4\/36-350, heas seisu- ja t\u00f6\u00f6korras!! KIRJELDUS Aku t\u00fc\u00fcp: Li-ioon CPC V\u00e4ljundv\u00f5imsus: 350 W V\u00e4ljundvool: 9 A V\u00e4ljundv\u00f5imsus: 350 W Laadimistemperatuuri vahemik: -10\u201360 \u00b0C Oleku indikaator: Jah Kaal: 1,1 kg M\u00f5\u00f5tmed (P x L x K): 170 x 163 x 70 mm Nimipinge: 240 V<\/p>\n","protected":false},"featured_media":33748,"comment_status":"closed","ping_status":"open","template":"","meta":{"inline_featured_image":false},"product_brand":[],"product_cat":[223],"product_tag":[],"class_list":{"0":"post-33747","1":"product","2":"type-product","3":"status-publish","4":"has-post-thumbnail","6":"product_cat-vsyo-dlya-instrumenta","7":"pa_asukoht-mustamae","8":"pa_seisukord-ispolzovano","10":"first","11":"instock","12":"taxable","13":"shipping-taxable","14":"purchasable","15":"product-type-simple"},"_links":{"self":[{"href":"https:\/\/a-pant.ee\/ru\/wp-json\/wp\/v2\/product\/33747","targetHints":{"allow":["GET"]}}],"collection":[{"href":"https:\/\/a-pant.ee\/ru\/wp-json\/wp\/v2\/product"}],"about":[{"href":"https:\/\/a-pant.ee\/ru\/wp-json\/wp\/v2\/types\/product"}],"replies":[{"embeddable":true,"href":"https:\/\/a-pant.ee\/ru\/wp-json\/wp\/v2\/comments?post=33747"}],"wp:featuredmedia":[{"embeddable":true,"href":"https:\/\/a-pant.ee\/ru\/wp-json\/wp\/v2\/media\/33748"}],"wp:attachment":[{"href":"https:\/\/a-pant.ee\/ru\/wp-json\/wp\/v2\/media?parent=33747"}],"wp:term":[{"taxonomy":"product_brand","embeddable":true,"href":"https:\/\/a-pant.ee\/ru\/wp-json\/wp\/v2\/product_brand?post=33747"},{"taxonomy":"product_cat","embeddable":true,"href":"https:\/\/a-pant.ee\/ru\/wp-json\/wp\/v2\/product_cat?post=33747"},{"taxonomy":"product_tag","embeddable":true,"href":"https:\/\/a-pant.ee\/ru\/wp-json\/wp\/v2\/product_tag?post=33747"}],"curies":[{"name":"wp","href":"https:\/\/api.w.org\/{rel}","templated":true}]}}