{"id":33742,"date":"2026-02-04T15:17:12","date_gmt":"2026-02-04T12:17:12","guid":{"rendered":"https:\/\/a-pant.ee\/product\/akkumulyator-hilti-b-22-5-2-li-ion\/"},"modified":"2026-02-22T12:11:32","modified_gmt":"2026-02-22T09:11:32","slug":"akkumulyator-hilti-b-22-5-2-li-ion","status":"publish","type":"product","link":"https:\/\/a-pant.ee\/ru\/product\/akkumulyator-hilti-b-22-5-2-li-ion\/","title":{"rendered":"\u0410\u043a\u043a\u0443\u043c\u0443\u043b\u044f\u0442\u043e\u0440 Hilti B 22\/5.2 Li-ion"},"content":{"rendered":"\n<p> Aku Hilti B 22\/5.2 Li-ion, heas seisu- ja t\u00f6\u00f6korras!! <\/p><p> KIRJELDUS <\/p><p> Toiteallikas: Patareid <\/p><p> Pinge: 18 volti, 22 volti <\/p><p> Voolutugevus: 5,2 A <\/p><p> V\u00e4rv: Punane <\/p><p> Materjal: Plastik <\/p><p> Tootja: Hilti <\/p><p> Mudelinumber: B 22\/5.2 <\/p>\n","protected":false},"excerpt":{"rendered":"<p>Aku Hilti B 22\/5.2 Li-ion, heas seisu- ja t\u00f6\u00f6korras!! KIRJELDUS Toiteallikas: Patareid Pinge: 18 volti, 22 volti Voolutugevus: 5,2 A V\u00e4rv: Punane Materjal: Plastik Tootja: Hilti Mudelinumber: B 22\/5.2<\/p>\n","protected":false},"featured_media":33743,"comment_status":"closed","ping_status":"open","template":"","meta":{"inline_featured_image":false},"product_brand":[],"product_cat":[223],"product_tag":[],"class_list":{"0":"post-33742","1":"product","2":"type-product","3":"status-publish","4":"has-post-thumbnail","6":"product_cat-vsyo-dlya-instrumenta","7":"pa_asukoht-mustamae","8":"pa_seisukord-ispolzovano","10":"first","11":"instock","12":"taxable","13":"shipping-taxable","14":"purchasable","15":"product-type-simple"},"_links":{"self":[{"href":"https:\/\/a-pant.ee\/ru\/wp-json\/wp\/v2\/product\/33742","targetHints":{"allow":["GET"]}}],"collection":[{"href":"https:\/\/a-pant.ee\/ru\/wp-json\/wp\/v2\/product"}],"about":[{"href":"https:\/\/a-pant.ee\/ru\/wp-json\/wp\/v2\/types\/product"}],"replies":[{"embeddable":true,"href":"https:\/\/a-pant.ee\/ru\/wp-json\/wp\/v2\/comments?post=33742"}],"wp:featuredmedia":[{"embeddable":true,"href":"https:\/\/a-pant.ee\/ru\/wp-json\/wp\/v2\/media\/33743"}],"wp:attachment":[{"href":"https:\/\/a-pant.ee\/ru\/wp-json\/wp\/v2\/media?parent=33742"}],"wp:term":[{"taxonomy":"product_brand","embeddable":true,"href":"https:\/\/a-pant.ee\/ru\/wp-json\/wp\/v2\/product_brand?post=33742"},{"taxonomy":"product_cat","embeddable":true,"href":"https:\/\/a-pant.ee\/ru\/wp-json\/wp\/v2\/product_cat?post=33742"},{"taxonomy":"product_tag","embeddable":true,"href":"https:\/\/a-pant.ee\/ru\/wp-json\/wp\/v2\/product_tag?post=33742"}],"curies":[{"name":"wp","href":"https:\/\/api.w.org\/{rel}","templated":true}]}}