{"id":33711,"date":"2026-02-04T15:13:00","date_gmt":"2026-02-04T12:13:00","guid":{"rendered":"https:\/\/a-pant.ee\/product\/ulefone-power-armor-18t-256gb\/"},"modified":"2026-02-22T12:11:36","modified_gmt":"2026-02-22T09:11:36","slug":"mobilnyj-telefon-ulefone-power-armor-18t-256gb","status":"publish","type":"product","link":"https:\/\/a-pant.ee\/ru\/product\/mobilnyj-telefon-ulefone-power-armor-18t-256gb\/","title":{"rendered":"\u041c\u043e\u0431\u0438\u043b\u044c\u043d\u044b\u0439 \u0442\u0435\u043b\u0435\u0444\u043e\u043d Ulefone Power Armor 18T 256Gb"},"content":{"rendered":"\n<p> Mobiiltelefon Ulefone Power Armor 18T 256Gb\u00a0, heas seisu- ja t\u00f6\u00f6korras! <\/p><p> KIRJELDUS <\/p><p> V\u00f5rgud: GSM \/ CDMA \/ HSPA \/ CDMA2000 \/ LTE \/ 5G <br \/> Sisem\u00e4lu: 256 GB <br \/> Memory: 12GB RAM <br \/> Kaamera: 108 MP, f\/1.9, (wide), 1\/1.52\u201d, 0.7\u00b5m, PDAF <br \/> 8 MP, f\/2.2, (ultrawide), 1\/4.0\u2033, 1.12\u00b5m <br \/> 5 MP, f\/3.0, (macro), 1\/5.0, 1.12\u00b5m <br \/> Aku : Li-Po 9600 mAh, non-removable <br \/> Laadimine: 66W juhtmega, 52% in 30 min <br \/> 15W juhtmevaba <br \/> 5W wireless reversed <\/p><p> Eriomadused: IP68\/IP69K dust\/water resistant (up to 1.5m for 30 min) <br \/> Drop-to-concrete resistance from up to 1.5m <\/p>\n","protected":false},"excerpt":{"rendered":"<p>Mobiiltelefon Ulefone Power Armor 18T 256Gb\u00a0, heas seisu- ja t\u00f6\u00f6korras! KIRJELDUS V\u00f5rgud: GSM \/ CDMA \/ HSPA \/ CDMA2000 \/ LTE \/ 5G Sisem\u00e4lu: 256 GB Memory: 12GB RAM Kaamera: 108 MP, f\/1.9, (wide), 1\/1.52\u201d, 0.7\u00b5m, PDAF 8 MP, f\/2.2, (ultrawide), 1\/4.0\u2033, 1.12\u00b5m 5 MP, f\/3.0, (macro), 1\/5.0, 1.12\u00b5m Aku : Li-Po 9600 mAh, non-removable [&hellip;]<\/p>\n","protected":false},"featured_media":33712,"comment_status":"closed","ping_status":"open","template":"","meta":{"inline_featured_image":false},"product_brand":[],"product_cat":[171],"product_tag":[],"class_list":{"0":"post-33711","1":"product","2":"type-product","3":"status-publish","4":"has-post-thumbnail","6":"product_cat-mobilnye-telefony","7":"pa_asukoht-lasnamae","8":"pa_seisukord-ispolzovano","10":"first","11":"instock","12":"taxable","13":"shipping-taxable","14":"purchasable","15":"product-type-simple"},"_links":{"self":[{"href":"https:\/\/a-pant.ee\/ru\/wp-json\/wp\/v2\/product\/33711","targetHints":{"allow":["GET"]}}],"collection":[{"href":"https:\/\/a-pant.ee\/ru\/wp-json\/wp\/v2\/product"}],"about":[{"href":"https:\/\/a-pant.ee\/ru\/wp-json\/wp\/v2\/types\/product"}],"replies":[{"embeddable":true,"href":"https:\/\/a-pant.ee\/ru\/wp-json\/wp\/v2\/comments?post=33711"}],"wp:featuredmedia":[{"embeddable":true,"href":"https:\/\/a-pant.ee\/ru\/wp-json\/wp\/v2\/media\/33712"}],"wp:attachment":[{"href":"https:\/\/a-pant.ee\/ru\/wp-json\/wp\/v2\/media?parent=33711"}],"wp:term":[{"taxonomy":"product_brand","embeddable":true,"href":"https:\/\/a-pant.ee\/ru\/wp-json\/wp\/v2\/product_brand?post=33711"},{"taxonomy":"product_cat","embeddable":true,"href":"https:\/\/a-pant.ee\/ru\/wp-json\/wp\/v2\/product_cat?post=33711"},{"taxonomy":"product_tag","embeddable":true,"href":"https:\/\/a-pant.ee\/ru\/wp-json\/wp\/v2\/product_tag?post=33711"}],"curies":[{"name":"wp","href":"https:\/\/api.w.org\/{rel}","templated":true}]}}