{"id":33705,"date":"2026-02-04T15:13:00","date_gmt":"2026-02-04T12:13:00","guid":{"rendered":"https:\/\/a-pant.ee\/product\/naushniki-soundcore-space-q45-sumka-korobka\/"},"modified":"2026-02-22T12:11:36","modified_gmt":"2026-02-22T09:11:36","slug":"naushniki-soundcore-space-q45-sumka-korobka","status":"publish","type":"product","link":"https:\/\/a-pant.ee\/ru\/product\/naushniki-soundcore-space-q45-sumka-korobka\/","title":{"rendered":"\u041d\u0430\u0443\u0448\u043d\u0438\u043a\u0438 Soundcore Space Q45 + \u0421\u0443\u043c\u043a\u0430 + \u041a\u043e\u0440\u043e\u0431\u043a\u0430"},"content":{"rendered":"\n<p> K\u00f5rvaklappid Soundcore Space Q45 + Kott + Karp\u00a0, heas seisu- ja t\u00f6\u00f6korras! <\/p><p> KIRJELDUS <\/p><ul><li> T\u00fc\u00fcp: k\u00f5rvaklapid, juhtmevabad \u00fcle k\u00f5rvade, aktiivse m\u00fcrasummutusega (ANC) <\/li><li> \u00dchendus: Bluetooth 5.x <\/li><li> Toetus audio koodekite jaoks: kvaliteetne heli edastamiseks <\/li><li> K\u00f5larid: suured d\u00fcnaamilised draiverid <\/li><li> Aktiivne m\u00fcra summutus (ANC): mitmetasemeline, adaptiivne <\/li><li> L\u00e4bipaistvusre\u017eiim: v\u00f5imaldab kuulda \u00fcmbritsevat m\u00fcra ilma klappe eemaldamata <\/li><li> Aku t\u00f6\u00f6iga: pikk kasutusaeg mitme tunni jooksul <\/li><li> Kiirlaadimine: toetatud <\/li><li> Juhtimine: puute\u2011 v\u00f5i f\u00fc\u00fcsilised nupud klappidel <\/li><li> Mikrofonid: sisse ehitatud k\u00f5nede ja h\u00e4\u00e4lk\u00e4skluste jaoks <\/li><li> Mugavus: pehmed padjad ja reguleeritav peapael <\/li><li> V\u00f5imalus kasutada ka juhtmega, vajadusel <\/li><\/ul>\n","protected":false},"excerpt":{"rendered":"<p>K\u00f5rvaklappid Soundcore Space Q45 + Kott + Karp\u00a0, heas seisu- ja t\u00f6\u00f6korras! KIRJELDUS T\u00fc\u00fcp: k\u00f5rvaklapid, juhtmevabad \u00fcle k\u00f5rvade, aktiivse m\u00fcrasummutusega (ANC) \u00dchendus: Bluetooth 5.x Toetus audio koodekite jaoks: kvaliteetne heli edastamiseks K\u00f5larid: suured d\u00fcnaamilised draiverid Aktiivne m\u00fcra summutus (ANC): mitmetasemeline, adaptiivne L\u00e4bipaistvusre\u017eiim: v\u00f5imaldab kuulda \u00fcmbritsevat m\u00fcra ilma klappe eemaldamata Aku t\u00f6\u00f6iga: pikk kasutusaeg mitme tunni [&hellip;]<\/p>\n","protected":false},"featured_media":33706,"comment_status":"closed","ping_status":"closed","template":"","meta":{"inline_featured_image":false},"product_brand":[],"product_cat":[168],"product_tag":[],"class_list":{"0":"post-33705","1":"product","2":"type-product","3":"status-publish","4":"has-post-thumbnail","6":"product_cat-naushniki","7":"pa_asukoht-mustamae","8":"pa_seisukord-ispolzovano","10":"first","11":"outofstock","12":"taxable","13":"shipping-taxable","14":"purchasable","15":"product-type-simple"},"_links":{"self":[{"href":"https:\/\/a-pant.ee\/ru\/wp-json\/wp\/v2\/product\/33705","targetHints":{"allow":["GET"]}}],"collection":[{"href":"https:\/\/a-pant.ee\/ru\/wp-json\/wp\/v2\/product"}],"about":[{"href":"https:\/\/a-pant.ee\/ru\/wp-json\/wp\/v2\/types\/product"}],"replies":[{"embeddable":true,"href":"https:\/\/a-pant.ee\/ru\/wp-json\/wp\/v2\/comments?post=33705"}],"wp:featuredmedia":[{"embeddable":true,"href":"https:\/\/a-pant.ee\/ru\/wp-json\/wp\/v2\/media\/33706"}],"wp:attachment":[{"href":"https:\/\/a-pant.ee\/ru\/wp-json\/wp\/v2\/media?parent=33705"}],"wp:term":[{"taxonomy":"product_brand","embeddable":true,"href":"https:\/\/a-pant.ee\/ru\/wp-json\/wp\/v2\/product_brand?post=33705"},{"taxonomy":"product_cat","embeddable":true,"href":"https:\/\/a-pant.ee\/ru\/wp-json\/wp\/v2\/product_cat?post=33705"},{"taxonomy":"product_tag","embeddable":true,"href":"https:\/\/a-pant.ee\/ru\/wp-json\/wp\/v2\/product_tag?post=33705"}],"curies":[{"name":"wp","href":"https:\/\/api.w.org\/{rel}","templated":true}]}}