{"id":33699,"date":"2026-02-04T15:13:00","date_gmt":"2026-02-04T12:13:00","guid":{"rendered":"https:\/\/a-pant.ee\/product\/telefon-samsung-galaxy-a16-128gb\/"},"modified":"2026-02-22T12:11:36","modified_gmt":"2026-02-22T09:11:36","slug":"telefon-samsung-galaxy-a16-128gb","status":"publish","type":"product","link":"https:\/\/a-pant.ee\/ru\/product\/telefon-samsung-galaxy-a16-128gb\/","title":{"rendered":"\u0422\u0435\u043b\u0435\u0444\u043e\u043d Samsung Galaxy A16 128GB"},"content":{"rendered":"\n<p> Telefon Samsung Galaxy A16 128GB, heas seisu- ja t\u00f6\u00f6korras! <\/p><p> KIRJELDUS <\/p><ul><li> T\u00fc\u00fcp: nutitelefon <\/li><li> Ekraan: 6,7\u2033 Super AMOLED <\/li><li> Ekraani resolutsioon: 1080 \u00d7 2340 (FHD+) <\/li><li> V\u00e4rskendussagedus: 90 Hz <\/li><li> Protsessor: kaheksatuumaline (Octa-Core) <\/li><li> Operatsioonis\u00fcsteem: Android <\/li><li> RAM: 4 GB <\/li><li> Sisem\u00e4lu: 128 GB <\/li><li> M\u00e4lukaardi tugi: microSD <\/li><li> Tagakaamerad: <ul><li> 50 MP (lainurk) <\/li><li> 5 MP (ultralai) <\/li><li> 2 MP (makro) <\/li><\/ul><\/li><li> Esikaamera: 13 MP <\/li><li> Video salvestus: Full HD (1080p) <\/li><li> Traadita \u00fchendused: Wi-Fi, Bluetooth <\/li><li> Navigeerimine: GPS, GLONASS, Galileo <\/li><li> NFC: toetatud (s\u00f5ltuvalt piirkonnast) <\/li><li> Liidesed: USB-C, 3,5 mm k\u00f5rvaklapipesa <\/li><li> Biomeetria: s\u00f5rmej\u00e4ljelugeja <\/li><li> Aku: 5000 mAh <\/li><li> Kiirlaadimise tugi: olemas <\/li><li> Kaal: umbes 200 g <\/li><\/ul>\n","protected":false},"excerpt":{"rendered":"<p>Telefon Samsung Galaxy A16 128GB, heas seisu- ja t\u00f6\u00f6korras! KIRJELDUS T\u00fc\u00fcp: nutitelefon Ekraan: 6,7\u2033 Super AMOLED Ekraani resolutsioon: 1080 \u00d7 2340 (FHD+) V\u00e4rskendussagedus: 90 Hz Protsessor: kaheksatuumaline (Octa-Core) Operatsioonis\u00fcsteem: Android RAM: 4 GB Sisem\u00e4lu: 128 GB M\u00e4lukaardi tugi: microSD Tagakaamerad: 50 MP (lainurk) 5 MP (ultralai) 2 MP (makro) Esikaamera: 13 MP Video salvestus: Full [&hellip;]<\/p>\n","protected":false},"featured_media":33700,"comment_status":"closed","ping_status":"closed","template":"","meta":{"inline_featured_image":false},"product_brand":[],"product_cat":[171],"product_tag":[],"class_list":{"0":"post-33699","1":"product","2":"type-product","3":"status-publish","4":"has-post-thumbnail","6":"product_cat-mobilnye-telefony","7":"pa_asukoht-mustamae","8":"pa_seisukord-ispolzovano","10":"first","11":"outofstock","12":"taxable","13":"shipping-taxable","14":"purchasable","15":"product-type-simple"},"_links":{"self":[{"href":"https:\/\/a-pant.ee\/ru\/wp-json\/wp\/v2\/product\/33699","targetHints":{"allow":["GET"]}}],"collection":[{"href":"https:\/\/a-pant.ee\/ru\/wp-json\/wp\/v2\/product"}],"about":[{"href":"https:\/\/a-pant.ee\/ru\/wp-json\/wp\/v2\/types\/product"}],"replies":[{"embeddable":true,"href":"https:\/\/a-pant.ee\/ru\/wp-json\/wp\/v2\/comments?post=33699"}],"wp:featuredmedia":[{"embeddable":true,"href":"https:\/\/a-pant.ee\/ru\/wp-json\/wp\/v2\/media\/33700"}],"wp:attachment":[{"href":"https:\/\/a-pant.ee\/ru\/wp-json\/wp\/v2\/media?parent=33699"}],"wp:term":[{"taxonomy":"product_brand","embeddable":true,"href":"https:\/\/a-pant.ee\/ru\/wp-json\/wp\/v2\/product_brand?post=33699"},{"taxonomy":"product_cat","embeddable":true,"href":"https:\/\/a-pant.ee\/ru\/wp-json\/wp\/v2\/product_cat?post=33699"},{"taxonomy":"product_tag","embeddable":true,"href":"https:\/\/a-pant.ee\/ru\/wp-json\/wp\/v2\/product_tag?post=33699"}],"curies":[{"name":"wp","href":"https:\/\/api.w.org\/{rel}","templated":true}]}}