{"id":33693,"date":"2026-02-04T15:13:00","date_gmt":"2026-02-04T12:13:00","guid":{"rendered":"https:\/\/a-pant.ee\/product\/jbl-partybox-encore-essential\/"},"modified":"2026-02-22T12:11:35","modified_gmt":"2026-02-22T09:11:35","slug":"kolonka-jbl-partybox-encore-essential-encore-provod","status":"publish","type":"product","link":"https:\/\/a-pant.ee\/ru\/product\/kolonka-jbl-partybox-encore-essential-encore-provod\/","title":{"rendered":"\u041a\u043e\u043b\u043e\u043d\u043a\u0430 JBL Partybox Encore Essential Encore + \u041f\u0440\u043e\u0432\u043e\u0434"},"content":{"rendered":"\n<p> K\u00f5lar JBL Partybox Encore Essential Encore + Juhe\u00a0, heas seisu- ja t\u00f6\u00f6korras! <\/p><p> KIRJELDUS <\/p><ul><li> T\u00fc\u00fcp: kaasaskantav PartyBox k\u00f5lar <\/li><li> Maksimaalv\u00f5imsus: tugev v\u00e4ljund (pidudeks) <\/li><li> Helis\u00fcsteem: kahesageduseline (madal ja k\u00f5rge) <\/li><li> Bluetooth-toetus: olemas (traadita muusika esitamiseks) <\/li><li> Kaabel\u00fchendus: AUX sisend <\/li><li> Raadio: FM-raadio <\/li><li> USB-port: muusika esitamiseks USB-m\u00e4lupulgalt <\/li><li> Juhtimine: nupud k\u00f5laril <\/li><li> V\u00e4lisseadmete tugi: mikrofon v\u00f5i muu heli seade v\u00f5imalik \u00fchendada <\/li><li> Valgusefektid: d\u00fcnaamiline valgusm\u00e4ng <\/li><li> Aku: sisseehitatud <\/li><li> Akukestvus: mitu tundi (s\u00f5ltuvalt helitugevusest) <\/li><li> Vastupidav korpus: aktiivseks kasutamiseks <\/li><li> Kaasaskantavus: k\u00e4epide kandmiseks <\/li><li> Konverentsi\/telefonitoetus: v\u00f5imalus kasutada sisseehitatud mikrofoni <\/li><\/ul>\n","protected":false},"excerpt":{"rendered":"<p>K\u00f5lar JBL Partybox Encore Essential Encore + Juhe\u00a0, heas seisu- ja t\u00f6\u00f6korras! KIRJELDUS T\u00fc\u00fcp: kaasaskantav PartyBox k\u00f5lar Maksimaalv\u00f5imsus: tugev v\u00e4ljund (pidudeks) Helis\u00fcsteem: kahesageduseline (madal ja k\u00f5rge) Bluetooth-toetus: olemas (traadita muusika esitamiseks) Kaabel\u00fchendus: AUX sisend Raadio: FM-raadio USB-port: muusika esitamiseks USB-m\u00e4lupulgalt Juhtimine: nupud k\u00f5laril V\u00e4lisseadmete tugi: mikrofon v\u00f5i muu heli seade v\u00f5imalik \u00fchendada Valgusefektid: d\u00fcnaamiline valgusm\u00e4ng [&hellip;]<\/p>\n","protected":false},"featured_media":33694,"comment_status":"closed","ping_status":"closed","template":"","meta":{"inline_featured_image":false},"product_brand":[],"product_cat":[167],"product_tag":[],"class_list":{"0":"post-33693","1":"product","2":"type-product","3":"status-publish","4":"has-post-thumbnail","6":"product_cat-kolonki","7":"product_shipping_class-oversize","8":"pa_asukoht-mustamae","9":"pa_seisukord-ispolzovano","11":"first","12":"outofstock","13":"taxable","14":"shipping-taxable","15":"purchasable","16":"product-type-simple"},"_links":{"self":[{"href":"https:\/\/a-pant.ee\/ru\/wp-json\/wp\/v2\/product\/33693","targetHints":{"allow":["GET"]}}],"collection":[{"href":"https:\/\/a-pant.ee\/ru\/wp-json\/wp\/v2\/product"}],"about":[{"href":"https:\/\/a-pant.ee\/ru\/wp-json\/wp\/v2\/types\/product"}],"replies":[{"embeddable":true,"href":"https:\/\/a-pant.ee\/ru\/wp-json\/wp\/v2\/comments?post=33693"}],"wp:featuredmedia":[{"embeddable":true,"href":"https:\/\/a-pant.ee\/ru\/wp-json\/wp\/v2\/media\/33694"}],"wp:attachment":[{"href":"https:\/\/a-pant.ee\/ru\/wp-json\/wp\/v2\/media?parent=33693"}],"wp:term":[{"taxonomy":"product_brand","embeddable":true,"href":"https:\/\/a-pant.ee\/ru\/wp-json\/wp\/v2\/product_brand?post=33693"},{"taxonomy":"product_cat","embeddable":true,"href":"https:\/\/a-pant.ee\/ru\/wp-json\/wp\/v2\/product_cat?post=33693"},{"taxonomy":"product_tag","embeddable":true,"href":"https:\/\/a-pant.ee\/ru\/wp-json\/wp\/v2\/product_tag?post=33693"}],"curies":[{"name":"wp","href":"https:\/\/api.w.org\/{rel}","templated":true}]}}