{"id":33687,"date":"2026-02-04T15:13:00","date_gmt":"2026-02-04T12:13:00","guid":{"rendered":"https:\/\/a-pant.ee\/product\/sportivnye-chasy-garmin-fenix-3-hr-zaryadka\/"},"modified":"2026-02-22T12:11:35","modified_gmt":"2026-02-22T09:11:35","slug":"sportivnye-chasy-garmin-fenix-3-hr-zaryadka","status":"publish","type":"product","link":"https:\/\/a-pant.ee\/ru\/product\/sportivnye-chasy-garmin-fenix-3-hr-zaryadka\/","title":{"rendered":"\u0421\u043f\u043e\u0440\u0442\u0438\u0432\u043d\u044b\u0435 \u0447\u0430\u0441\u044b Garmin Fenix 3 HR + \u0417\u0430\u0440\u044f\u0434\u043a\u0430"},"content":{"rendered":"\n<p> Spordikellad Garmin Fenix 3 HR + Laadija\u00a0, heas seisu- ja t\u00f6\u00f6korras! <\/p><p> KIRJELDUS <\/p><ul><li> T\u00fc\u00fcp: mitme spordi GPS-kell <\/li><li> GPS: sisseehitatud <\/li><li> S\u00fcdamel\u00f6\u00f6kide andur: sisseehitatud optiline <\/li><li> GLONASS-toetus <\/li><li> Korpuse materjal: vastupidav (metallist raam) <\/li><li> Klaas: l\u00f6\u00f6gikindel <\/li><li> Ekraani t\u00fc\u00fcp: MIP (pixels\u00e4\u00e4stlik LCD) <\/li><li> Ekraani diagonaal: umbes 1,2\u2033 <\/li><li> Ekraani resolutsioon: terav ja selge <\/li><li> Taustvalgus: olemas <\/li><li> Veekindlus: sobib ujumiseks \/ s\u00fcgavuse tolerantsiga <\/li><li> Akut\u00fc\u00fcp: laetav aku <\/li><li> Aku kasutusaeg: kuni ~2 n\u00e4dalat kellare\u017eiimis, kuni ~16 t GPS-re\u017eiimis <\/li><li> M\u00e4lu ja ajalugu: salvestab treeninguandmeid ja marsruute <\/li><li> Navigeerimine: kompass, k\u00f5rgusm\u00f5\u00f5tja, baromeeter <\/li><li> Traadita liidesed: Bluetooth, ANT+ <\/li><li> Andurite tugi: sobib v\u00e4liste pulsiv\u00f6\u00f6de ning kiiruse-\/kadentsianduritega <\/li><li> Treeningufunktsioonid: sammulugeja, kalorid, intervalltreening, VO2 max hinnang, spordire\u017eiimid (jooksmine, rattas\u00f5it, ujumine jpm) <\/li><li> Telefoni teavitused: toetatud koos sidumisega <\/li><li> Tarvikud: vahetatavad rihmad <\/li><\/ul>\n","protected":false},"excerpt":{"rendered":"<p>Spordikellad Garmin Fenix 3 HR + Laadija\u00a0, heas seisu- ja t\u00f6\u00f6korras! KIRJELDUS T\u00fc\u00fcp: mitme spordi GPS-kell GPS: sisseehitatud S\u00fcdamel\u00f6\u00f6kide andur: sisseehitatud optiline GLONASS-toetus Korpuse materjal: vastupidav (metallist raam) Klaas: l\u00f6\u00f6gikindel Ekraani t\u00fc\u00fcp: MIP (pixels\u00e4\u00e4stlik LCD) Ekraani diagonaal: umbes 1,2\u2033 Ekraani resolutsioon: terav ja selge Taustvalgus: olemas Veekindlus: sobib ujumiseks \/ s\u00fcgavuse tolerantsiga Akut\u00fc\u00fcp: laetav aku [&hellip;]<\/p>\n","protected":false},"featured_media":33688,"comment_status":"closed","ping_status":"open","template":"","meta":{"inline_featured_image":false},"product_brand":[],"product_cat":[176],"product_tag":[],"class_list":{"0":"post-33687","1":"product","2":"type-product","3":"status-publish","4":"has-post-thumbnail","6":"product_cat-smart-chasy","7":"pa_asukoht-mustamae","8":"pa_seisukord-ispolzovano","10":"first","11":"instock","12":"taxable","13":"shipping-taxable","14":"purchasable","15":"product-type-simple"},"_links":{"self":[{"href":"https:\/\/a-pant.ee\/ru\/wp-json\/wp\/v2\/product\/33687","targetHints":{"allow":["GET"]}}],"collection":[{"href":"https:\/\/a-pant.ee\/ru\/wp-json\/wp\/v2\/product"}],"about":[{"href":"https:\/\/a-pant.ee\/ru\/wp-json\/wp\/v2\/types\/product"}],"replies":[{"embeddable":true,"href":"https:\/\/a-pant.ee\/ru\/wp-json\/wp\/v2\/comments?post=33687"}],"wp:featuredmedia":[{"embeddable":true,"href":"https:\/\/a-pant.ee\/ru\/wp-json\/wp\/v2\/media\/33688"}],"wp:attachment":[{"href":"https:\/\/a-pant.ee\/ru\/wp-json\/wp\/v2\/media?parent=33687"}],"wp:term":[{"taxonomy":"product_brand","embeddable":true,"href":"https:\/\/a-pant.ee\/ru\/wp-json\/wp\/v2\/product_brand?post=33687"},{"taxonomy":"product_cat","embeddable":true,"href":"https:\/\/a-pant.ee\/ru\/wp-json\/wp\/v2\/product_cat?post=33687"},{"taxonomy":"product_tag","embeddable":true,"href":"https:\/\/a-pant.ee\/ru\/wp-json\/wp\/v2\/product_tag?post=33687"}],"curies":[{"name":"wp","href":"https:\/\/api.w.org\/{rel}","templated":true}]}}