{"id":33681,"date":"2026-02-04T15:13:00","date_gmt":"2026-02-04T12:13:00","guid":{"rendered":"https:\/\/a-pant.ee\/product\/kompressor-powercraft-50l-8-bar\/"},"modified":"2026-02-22T12:11:35","modified_gmt":"2026-02-22T09:11:35","slug":"kompressor-powercraft-50l-8-bar","status":"publish","type":"product","link":"https:\/\/a-pant.ee\/ru\/product\/kompressor-powercraft-50l-8-bar\/","title":{"rendered":"\u041a\u043e\u043c\u043f\u0440\u0435\u0441\u0441\u043e\u0440 Powercraft 50L 8 BAR"},"content":{"rendered":"\n<p> Kompressor Powercraft 50L 8 BAR\u00a0, heas seisu- ja t\u00f6\u00f6korras! <\/p><p> KIRJELDUS <\/p><ul><li> T\u00fc\u00fcp: kolbkompressor <\/li><li> Toide: 230 V \/ 50 Hz <\/li><li> Mootori v\u00f5imsus: ~1,5\u20132,0 kW <\/li><li> Maksimaalne r\u00f5hk: 8 bar <\/li><li> Vastuv\u00f5tupaagi maht: 50 l <\/li><li> Tootlikkus: ~180\u2013200 l\/min <\/li><li> M\u00e4\u00e4rimine: \u00f5liga <\/li><li> Silindrite arv: 1 <\/li><li> Ajami t\u00fc\u00fcp: otseajam <\/li><li> Manomeeter: olemas <\/li><li> R\u00f5huregulaator: olemas <\/li><li> \u00dclekuumenemiskaitse: olemas <\/li><li> M\u00fcratase: ~90\u201397 dB <\/li><li> \u00dchendus: standardne kiirliitmik <\/li><li> Kasutusala: garaa\u017e, t\u00f6\u00f6koda, pneumot\u00f6\u00f6riistad, v\u00e4rvimine, rehvide t\u00e4itmine <\/li><\/ul>\n","protected":false},"excerpt":{"rendered":"<p>Kompressor Powercraft 50L 8 BAR\u00a0, heas seisu- ja t\u00f6\u00f6korras! KIRJELDUS T\u00fc\u00fcp: kolbkompressor Toide: 230 V \/ 50 Hz Mootori v\u00f5imsus: ~1,5\u20132,0 kW Maksimaalne r\u00f5hk: 8 bar Vastuv\u00f5tupaagi maht: 50 l Tootlikkus: ~180\u2013200 l\/min M\u00e4\u00e4rimine: \u00f5liga Silindrite arv: 1 Ajami t\u00fc\u00fcp: otseajam Manomeeter: olemas R\u00f5huregulaator: olemas \u00dclekuumenemiskaitse: olemas M\u00fcratase: ~90\u201397 dB \u00dchendus: standardne kiirliitmik Kasutusala: garaa\u017e, [&hellip;]<\/p>\n","protected":false},"featured_media":33682,"comment_status":"closed","ping_status":"closed","template":"","meta":{"inline_featured_image":false},"product_brand":[],"product_cat":[236],"product_tag":[],"class_list":{"0":"post-33681","1":"product","2":"type-product","3":"status-publish","4":"has-post-thumbnail","6":"product_cat-pnevmaticheskij-instrument","7":"product_shipping_class-oversize","8":"pa_asukoht-mustamae","9":"pa_seisukord-ispolzovano","11":"first","12":"instock","13":"taxable","14":"shipping-taxable","15":"purchasable","16":"product-type-simple"},"_links":{"self":[{"href":"https:\/\/a-pant.ee\/ru\/wp-json\/wp\/v2\/product\/33681","targetHints":{"allow":["GET"]}}],"collection":[{"href":"https:\/\/a-pant.ee\/ru\/wp-json\/wp\/v2\/product"}],"about":[{"href":"https:\/\/a-pant.ee\/ru\/wp-json\/wp\/v2\/types\/product"}],"replies":[{"embeddable":true,"href":"https:\/\/a-pant.ee\/ru\/wp-json\/wp\/v2\/comments?post=33681"}],"wp:featuredmedia":[{"embeddable":true,"href":"https:\/\/a-pant.ee\/ru\/wp-json\/wp\/v2\/media\/33682"}],"wp:attachment":[{"href":"https:\/\/a-pant.ee\/ru\/wp-json\/wp\/v2\/media?parent=33681"}],"wp:term":[{"taxonomy":"product_brand","embeddable":true,"href":"https:\/\/a-pant.ee\/ru\/wp-json\/wp\/v2\/product_brand?post=33681"},{"taxonomy":"product_cat","embeddable":true,"href":"https:\/\/a-pant.ee\/ru\/wp-json\/wp\/v2\/product_cat?post=33681"},{"taxonomy":"product_tag","embeddable":true,"href":"https:\/\/a-pant.ee\/ru\/wp-json\/wp\/v2\/product_tag?post=33681"}],"curies":[{"name":"wp","href":"https:\/\/api.w.org\/{rel}","templated":true}]}}