{"id":33667,"date":"2026-02-04T15:13:00","date_gmt":"2026-02-04T12:13:00","guid":{"rendered":"https:\/\/a-pant.ee\/product\/shlifovalnyy-stanok-grone-gwg-7-225-rb\/"},"modified":"2026-02-22T12:11:35","modified_gmt":"2026-02-22T09:11:35","slug":"shlifovalnyj-stanok-grone-gwg-7-225-rb-shlifovalnaya-mashina","status":"publish","type":"product","link":"https:\/\/a-pant.ee\/ru\/product\/shlifovalnyj-stanok-grone-gwg-7-225-rb-shlifovalnaya-mashina\/","title":{"rendered":"\u0428\u043b\u0438\u0444\u043e\u0432\u0430\u043b\u044c\u043d\u044b\u0439 \u0441\u0442\u0430\u043d\u043e\u043a Gr\u00f6ne GWG 7-225 RB + \u0448\u043b\u0438\u0444\u043e\u0432\u0430\u043b\u044c\u043d\u0430\u044f \u043c\u0430\u0448\u0438\u043d\u0430"},"content":{"rendered":"\n<p> Lihvmasin Gr\u00f6ne GWG 7-225 RB + kohver, heas seisu- ja t\u00f6\u00f6korras! <\/p><p> KIRJELDUS <\/p><p> Mudel GWG 7-225 RB <\/p><p> Katalooginumber 2512-230650 <\/p><p> Pinge 230 V <\/p><p> V\u00f5imsus 710 W <\/p><p> Lihvketta l\u00e4bim\u00f5\u00f5t 225 mm <\/p><p> Teleskoobi pikkus 1200\u20131700 mm <\/p><p> P\u00f6\u00f6rded minutis 0\u20131200 <\/p><p> Kaal 3,5 kg <\/p>\n","protected":false},"excerpt":{"rendered":"<p>Lihvmasin Gr\u00f6ne GWG 7-225 RB + kohver, heas seisu- ja t\u00f6\u00f6korras! KIRJELDUS Mudel GWG 7-225 RB Katalooginumber 2512-230650 Pinge 230 V V\u00f5imsus 710 W Lihvketta l\u00e4bim\u00f5\u00f5t 225 mm Teleskoobi pikkus 1200\u20131700 mm P\u00f6\u00f6rded minutis 0\u20131200 Kaal 3,5 kg<\/p>\n","protected":false},"featured_media":33668,"comment_status":"closed","ping_status":"open","template":"","meta":{"inline_featured_image":false},"product_brand":[],"product_cat":[233],"product_tag":[],"class_list":{"0":"post-33667","1":"product","2":"type-product","3":"status-publish","4":"has-post-thumbnail","6":"product_cat-shlifovalnyj-instrument","7":"pa_asukoht-mustamae","8":"pa_seisukord-ispolzovano","10":"first","11":"instock","12":"taxable","13":"shipping-taxable","14":"purchasable","15":"product-type-simple"},"_links":{"self":[{"href":"https:\/\/a-pant.ee\/ru\/wp-json\/wp\/v2\/product\/33667","targetHints":{"allow":["GET"]}}],"collection":[{"href":"https:\/\/a-pant.ee\/ru\/wp-json\/wp\/v2\/product"}],"about":[{"href":"https:\/\/a-pant.ee\/ru\/wp-json\/wp\/v2\/types\/product"}],"replies":[{"embeddable":true,"href":"https:\/\/a-pant.ee\/ru\/wp-json\/wp\/v2\/comments?post=33667"}],"wp:featuredmedia":[{"embeddable":true,"href":"https:\/\/a-pant.ee\/ru\/wp-json\/wp\/v2\/media\/33668"}],"wp:attachment":[{"href":"https:\/\/a-pant.ee\/ru\/wp-json\/wp\/v2\/media?parent=33667"}],"wp:term":[{"taxonomy":"product_brand","embeddable":true,"href":"https:\/\/a-pant.ee\/ru\/wp-json\/wp\/v2\/product_brand?post=33667"},{"taxonomy":"product_cat","embeddable":true,"href":"https:\/\/a-pant.ee\/ru\/wp-json\/wp\/v2\/product_cat?post=33667"},{"taxonomy":"product_tag","embeddable":true,"href":"https:\/\/a-pant.ee\/ru\/wp-json\/wp\/v2\/product_tag?post=33667"}],"curies":[{"name":"wp","href":"https:\/\/api.w.org\/{rel}","templated":true}]}}