{"id":33655,"date":"2026-02-04T15:13:00","date_gmt":"2026-02-04T12:13:00","guid":{"rendered":"https:\/\/a-pant.ee\/product\/zaryadnoe-ustroistvo-dewalt-dcb105\/"},"modified":"2026-02-22T12:11:34","modified_gmt":"2026-02-22T09:11:34","slug":"zaryadnoe-ustrojstvo-dewalt-dcb105","status":"publish","type":"product","link":"https:\/\/a-pant.ee\/ru\/product\/zaryadnoe-ustrojstvo-dewalt-dcb105\/","title":{"rendered":"\u0417\u0430\u0440\u044f\u0434\u043d\u043e\u0435 \u0443\u0441\u0442\u0440\u043e\u0439\u0441\u0442\u0432\u043e DeWalt DCB105"},"content":{"rendered":"\n<p><strong> Laadija DeWalt DCB105 <\/strong> , heas seisu- ja t\u00f6\u00f6korras! <\/p><p> KIRJELDUS <\/p><ul><li><strong> T\u00fc\u00fcp: <\/strong> akulaadija DeWalt XR Li-ion <\/li><li><strong> Toetatav pinge: <\/strong> 10,8 V \/ 14,4 V \/ 18 V <\/li><li><strong> Laadimisvool: <\/strong> ~4,0 A <\/li><li><strong> Laadimisaeg: <\/strong> ~30 min (1,5 Ah aku) <\/li><li><strong> \u00dchilduvus: <\/strong> DeWalt XR Li-ion akud <\/li><li><strong> N\u00e4idik: <\/strong> LED-olekun\u00e4idik <\/li><li><strong> Kaal: <\/strong> ~0,5 kg <\/li><\/ul>\n","protected":false},"excerpt":{"rendered":"<p>Laadija DeWalt DCB105 , heas seisu- ja t\u00f6\u00f6korras! KIRJELDUS T\u00fc\u00fcp: akulaadija DeWalt XR Li-ion Toetatav pinge: 10,8 V \/ 14,4 V \/ 18 V Laadimisvool: ~4,0 A Laadimisaeg: ~30 min (1,5 Ah aku) \u00dchilduvus: DeWalt XR Li-ion akud N\u00e4idik: LED-olekun\u00e4idik Kaal: ~0,5 kg<\/p>\n","protected":false},"featured_media":33656,"comment_status":"closed","ping_status":"closed","template":"","meta":{"inline_featured_image":false},"product_brand":[],"product_cat":[223],"product_tag":[],"class_list":{"0":"post-33655","1":"product","2":"type-product","3":"status-publish","4":"has-post-thumbnail","6":"product_cat-vsyo-dlya-instrumenta","7":"pa_asukoht-lasnamae","8":"pa_seisukord-ispolzovano","10":"first","11":"outofstock","12":"taxable","13":"shipping-taxable","14":"purchasable","15":"product-type-simple"},"_links":{"self":[{"href":"https:\/\/a-pant.ee\/ru\/wp-json\/wp\/v2\/product\/33655","targetHints":{"allow":["GET"]}}],"collection":[{"href":"https:\/\/a-pant.ee\/ru\/wp-json\/wp\/v2\/product"}],"about":[{"href":"https:\/\/a-pant.ee\/ru\/wp-json\/wp\/v2\/types\/product"}],"replies":[{"embeddable":true,"href":"https:\/\/a-pant.ee\/ru\/wp-json\/wp\/v2\/comments?post=33655"}],"wp:featuredmedia":[{"embeddable":true,"href":"https:\/\/a-pant.ee\/ru\/wp-json\/wp\/v2\/media\/33656"}],"wp:attachment":[{"href":"https:\/\/a-pant.ee\/ru\/wp-json\/wp\/v2\/media?parent=33655"}],"wp:term":[{"taxonomy":"product_brand","embeddable":true,"href":"https:\/\/a-pant.ee\/ru\/wp-json\/wp\/v2\/product_brand?post=33655"},{"taxonomy":"product_cat","embeddable":true,"href":"https:\/\/a-pant.ee\/ru\/wp-json\/wp\/v2\/product_cat?post=33655"},{"taxonomy":"product_tag","embeddable":true,"href":"https:\/\/a-pant.ee\/ru\/wp-json\/wp\/v2\/product_tag?post=33655"}],"curies":[{"name":"wp","href":"https:\/\/api.w.org\/{rel}","templated":true}]}}