{"id":33642,"date":"2026-02-04T15:13:00","date_gmt":"2026-02-04T12:13:00","guid":{"rendered":"https:\/\/a-pant.ee\/product\/noutbuk-blackview-acebook-12-zaryadka\/"},"modified":"2026-02-22T12:11:34","modified_gmt":"2026-02-22T09:11:34","slug":"noutbuk-blackview-acebook-12-zaryadka","status":"publish","type":"product","link":"https:\/\/a-pant.ee\/ru\/product\/noutbuk-blackview-acebook-12-zaryadka\/","title":{"rendered":"\u041d\u043e\u0443\u0442\u0431\u0443\u043a Blackview AceBook 12 + \u0417\u0430\u0440\u044f\u0434\u043a\u0430"},"content":{"rendered":"\n<p><strong> S\u00fclearvuti Blackview AceBook 12 + Laadija <\/strong> , heas seisu- ja t\u00f6\u00f6korras! <\/p><p> KIRJELDUS <\/p><p> Protsessor (CPU) : Intel Core i5 1250H 12CPUs 2,0Ghz <\/p><p> Operatiiv m\u00e4lu : 16GB <\/p><p> Videokaart (CPU): Intel UHD Graphics\u00a0 <\/p><p> K\u00f5vaketas: SSD m2 CF600 512GB <\/p><p> Operatsioonis\u00fcsteem: Windows 11 Pro 64 bit <\/p>\n","protected":false},"excerpt":{"rendered":"<p>S\u00fclearvuti Blackview AceBook 12 + Laadija , heas seisu- ja t\u00f6\u00f6korras! KIRJELDUS Protsessor (CPU) : Intel Core i5 1250H 12CPUs 2,0Ghz Operatiiv m\u00e4lu : 16GB Videokaart (CPU): Intel UHD Graphics\u00a0 K\u00f5vaketas: SSD m2 CF600 512GB Operatsioonis\u00fcsteem: Windows 11 Pro 64 bit<\/p>\n","protected":false},"featured_media":33643,"comment_status":"closed","ping_status":"open","template":"","meta":{"inline_featured_image":false},"product_brand":[],"product_cat":[179],"product_tag":[],"class_list":{"0":"post-33642","1":"product","2":"type-product","3":"status-publish","4":"has-post-thumbnail","6":"product_cat-noutbuki","7":"pa_asukoht-lasnamae","8":"pa_seisukord-ispolzovano","10":"first","11":"instock","12":"taxable","13":"shipping-taxable","14":"purchasable","15":"product-type-simple"},"_links":{"self":[{"href":"https:\/\/a-pant.ee\/ru\/wp-json\/wp\/v2\/product\/33642","targetHints":{"allow":["GET"]}}],"collection":[{"href":"https:\/\/a-pant.ee\/ru\/wp-json\/wp\/v2\/product"}],"about":[{"href":"https:\/\/a-pant.ee\/ru\/wp-json\/wp\/v2\/types\/product"}],"replies":[{"embeddable":true,"href":"https:\/\/a-pant.ee\/ru\/wp-json\/wp\/v2\/comments?post=33642"}],"wp:featuredmedia":[{"embeddable":true,"href":"https:\/\/a-pant.ee\/ru\/wp-json\/wp\/v2\/media\/33643"}],"wp:attachment":[{"href":"https:\/\/a-pant.ee\/ru\/wp-json\/wp\/v2\/media?parent=33642"}],"wp:term":[{"taxonomy":"product_brand","embeddable":true,"href":"https:\/\/a-pant.ee\/ru\/wp-json\/wp\/v2\/product_brand?post=33642"},{"taxonomy":"product_cat","embeddable":true,"href":"https:\/\/a-pant.ee\/ru\/wp-json\/wp\/v2\/product_cat?post=33642"},{"taxonomy":"product_tag","embeddable":true,"href":"https:\/\/a-pant.ee\/ru\/wp-json\/wp\/v2\/product_tag?post=33642"}],"curies":[{"name":"wp","href":"https:\/\/api.w.org\/{rel}","templated":true}]}}