{"id":33626,"date":"2026-02-04T15:13:00","date_gmt":"2026-02-04T12:13:00","guid":{"rendered":"https:\/\/a-pant.ee\/product\/akkumulyatornaya-drel-metabo-bs12-nicd\/"},"modified":"2026-02-22T12:11:34","modified_gmt":"2026-02-22T09:11:34","slug":"akkumulyatornaya-drel-metabo-bs12-nicd-akku-2sht-zaryadka","status":"publish","type":"product","link":"https:\/\/a-pant.ee\/ru\/product\/akkumulyatornaya-drel-metabo-bs12-nicd-akku-2sht-zaryadka\/","title":{"rendered":"\u0410\u043a\u043a\u0443\u043c\u0443\u043b\u044f\u0442\u043e\u0440\u043d\u0430\u044f \u0434\u0440\u0435\u043b\u044c Metabo BS12 NICD + \u0430\u043a\u043a\u0443 2\u0448\u0442. + \u0437\u0430\u0440\u044f\u0434\u043a\u0430"},"content":{"rendered":"\n<p> Akutrell Metabo BS12 NICD + akud 2tk + laadija, heas seisu- ja t\u00f6\u00f6korras! <\/p><p> KIRJELDUS <\/p><p> Seadme t\u00fc\u00fcp: akuga puur-kruvikeeraja <\/p><p> Pinge: 12 V <\/p><p> Aku t\u00fc\u00fcp: Ni-Cd (nikkel-kaadmium) <\/p><p> K\u00e4ikude arv: 2 <\/p><p> T\u00fchik\u00e4igu p\u00f6\u00f6rlemiskiirus: <\/p><p> k\u00e4ik: 0\u2013350 p\/min <\/p><p> k\u00e4ik: 0\u20131200 p\/min <\/p><p> Padruni t\u00fc\u00fcp: kiirkinnituspadrun <\/p><p> Maksimaalne padruni l\u00e4bim\u00f5\u00f5t: 10 mm (3\/8&#8243;) <\/p><p> Maksimaalne puurimisdiameeter: <\/p><p> Puit: 20 mm (3\/4&#8243;) <\/p><p> Metall: 10 mm (3\/8&#8243;) <\/p><p> Revers: olemas <\/p><p> Kasutusala: puurimine ja kruvimine <\/p><p> Tootja: Metabo <\/p><p> Tootjariik: Saksamaa <\/p>\n","protected":false},"excerpt":{"rendered":"<p>Akutrell Metabo BS12 NICD + akud 2tk + laadija, heas seisu- ja t\u00f6\u00f6korras! KIRJELDUS Seadme t\u00fc\u00fcp: akuga puur-kruvikeeraja Pinge: 12 V Aku t\u00fc\u00fcp: Ni-Cd (nikkel-kaadmium) K\u00e4ikude arv: 2 T\u00fchik\u00e4igu p\u00f6\u00f6rlemiskiirus: k\u00e4ik: 0\u2013350 p\/min k\u00e4ik: 0\u20131200 p\/min Padruni t\u00fc\u00fcp: kiirkinnituspadrun Maksimaalne padruni l\u00e4bim\u00f5\u00f5t: 10 mm (3\/8&#8243;) Maksimaalne puurimisdiameeter: Puit: 20 mm (3\/4&#8243;) Metall: 10 mm (3\/8&#8243;) [&hellip;]<\/p>\n","protected":false},"featured_media":33627,"comment_status":"closed","ping_status":"open","template":"","meta":{"inline_featured_image":false},"product_brand":[],"product_cat":[221],"product_tag":[],"class_list":{"0":"post-33626","1":"product","2":"type-product","3":"status-publish","4":"has-post-thumbnail","6":"product_cat-akkumulyatornye-dreli","7":"pa_asukoht-mustamae","8":"pa_seisukord-ispolzovano","10":"first","11":"instock","12":"taxable","13":"shipping-taxable","14":"purchasable","15":"product-type-simple"},"_links":{"self":[{"href":"https:\/\/a-pant.ee\/ru\/wp-json\/wp\/v2\/product\/33626","targetHints":{"allow":["GET"]}}],"collection":[{"href":"https:\/\/a-pant.ee\/ru\/wp-json\/wp\/v2\/product"}],"about":[{"href":"https:\/\/a-pant.ee\/ru\/wp-json\/wp\/v2\/types\/product"}],"replies":[{"embeddable":true,"href":"https:\/\/a-pant.ee\/ru\/wp-json\/wp\/v2\/comments?post=33626"}],"wp:featuredmedia":[{"embeddable":true,"href":"https:\/\/a-pant.ee\/ru\/wp-json\/wp\/v2\/media\/33627"}],"wp:attachment":[{"href":"https:\/\/a-pant.ee\/ru\/wp-json\/wp\/v2\/media?parent=33626"}],"wp:term":[{"taxonomy":"product_brand","embeddable":true,"href":"https:\/\/a-pant.ee\/ru\/wp-json\/wp\/v2\/product_brand?post=33626"},{"taxonomy":"product_cat","embeddable":true,"href":"https:\/\/a-pant.ee\/ru\/wp-json\/wp\/v2\/product_cat?post=33626"},{"taxonomy":"product_tag","embeddable":true,"href":"https:\/\/a-pant.ee\/ru\/wp-json\/wp\/v2\/product_tag?post=33626"}],"curies":[{"name":"wp","href":"https:\/\/api.w.org\/{rel}","templated":true}]}}