{"id":33621,"date":"2026-02-04T15:13:00","date_gmt":"2026-02-04T12:13:00","guid":{"rendered":"https:\/\/a-pant.ee\/product\/drell-makita-hp1631-yashchik\/"},"modified":"2026-02-22T12:11:34","modified_gmt":"2026-02-22T09:11:34","slug":"drell-makita-hp1631-yashhik","status":"publish","type":"product","link":"https:\/\/a-pant.ee\/ru\/product\/drell-makita-hp1631-yashhik\/","title":{"rendered":"\u0414\u0440\u0435\u043b\u043b\u044c Makita HP1631 + \u044f\u0449\u0438\u043a"},"content":{"rendered":"\n<p> Trell Makita HP1631 + kohver, heas seisu- ja t\u00f6\u00f6korras! <\/p><p> KIRJELDUS <\/p><p> V\u00f5imsus: 710 W <br \/> P\u00f6\u00f6rete arv: 0-3200 min-1 <br \/> L\u00f6\u00f6gisagedus: 0-48.000 min-1 <br \/> Maks. puurava l\u00e4bim\u00f5\u00f5t puidus: 30 mm <br \/> Maks. puurava l\u00e4bim\u00f5\u00f5t betoonis: 16 mm <br \/> Maks. puurava l\u00e4bim\u00f5\u00f5t terases: 13 mm <br \/> Padrun: 1.5 &#8212; 13 mm <br \/> Krae kinnituse l\u00e4bim\u00f5\u00f5t: 43 mm <br \/> Kaal ilma juhtmeta: 1,9 kg <br \/> M\u00f5\u00f5dud (PxLxK): 296 x 75 x 204 mm <\/p>\n","protected":false},"excerpt":{"rendered":"<p>Trell Makita HP1631 + kohver, heas seisu- ja t\u00f6\u00f6korras! KIRJELDUS V\u00f5imsus: 710 W P\u00f6\u00f6rete arv: 0-3200 min-1 L\u00f6\u00f6gisagedus: 0-48.000 min-1 Maks. puurava l\u00e4bim\u00f5\u00f5t puidus: 30 mm Maks. puurava l\u00e4bim\u00f5\u00f5t betoonis: 16 mm Maks. puurava l\u00e4bim\u00f5\u00f5t terases: 13 mm Padrun: 1.5 &#8212; 13 mm Krae kinnituse l\u00e4bim\u00f5\u00f5t: 43 mm Kaal ilma juhtmeta: 1,9 kg M\u00f5\u00f5dud (PxLxK): [&hellip;]<\/p>\n","protected":false},"featured_media":33622,"comment_status":"closed","ping_status":"open","template":"","meta":{"inline_featured_image":false},"product_brand":[],"product_cat":[221],"product_tag":[],"class_list":{"0":"post-33621","1":"product","2":"type-product","3":"status-publish","4":"has-post-thumbnail","6":"product_cat-akkumulyatornye-dreli","7":"pa_asukoht-mustamae","8":"pa_seisukord-ispolzovano","10":"first","11":"instock","12":"taxable","13":"shipping-taxable","14":"purchasable","15":"product-type-simple"},"_links":{"self":[{"href":"https:\/\/a-pant.ee\/ru\/wp-json\/wp\/v2\/product\/33621","targetHints":{"allow":["GET"]}}],"collection":[{"href":"https:\/\/a-pant.ee\/ru\/wp-json\/wp\/v2\/product"}],"about":[{"href":"https:\/\/a-pant.ee\/ru\/wp-json\/wp\/v2\/types\/product"}],"replies":[{"embeddable":true,"href":"https:\/\/a-pant.ee\/ru\/wp-json\/wp\/v2\/comments?post=33621"}],"wp:featuredmedia":[{"embeddable":true,"href":"https:\/\/a-pant.ee\/ru\/wp-json\/wp\/v2\/media\/33622"}],"wp:attachment":[{"href":"https:\/\/a-pant.ee\/ru\/wp-json\/wp\/v2\/media?parent=33621"}],"wp:term":[{"taxonomy":"product_brand","embeddable":true,"href":"https:\/\/a-pant.ee\/ru\/wp-json\/wp\/v2\/product_brand?post=33621"},{"taxonomy":"product_cat","embeddable":true,"href":"https:\/\/a-pant.ee\/ru\/wp-json\/wp\/v2\/product_cat?post=33621"},{"taxonomy":"product_tag","embeddable":true,"href":"https:\/\/a-pant.ee\/ru\/wp-json\/wp\/v2\/product_tag?post=33621"}],"curies":[{"name":"wp","href":"https:\/\/api.w.org\/{rel}","templated":true}]}}