{"id":33611,"date":"2026-02-04T15:09:25","date_gmt":"2026-02-04T12:09:25","guid":{"rendered":"https:\/\/a-pant.ee\/product\/akkumulyatornaya-drel-makita-ddf484-2\/"},"modified":"2026-02-22T12:11:39","modified_gmt":"2026-02-22T09:11:39","slug":"akkumulyatornaya-drel-makita-ddf484-akku-4-0ach","status":"publish","type":"product","link":"https:\/\/a-pant.ee\/ru\/product\/akkumulyatornaya-drel-makita-ddf484-akku-4-0ach\/","title":{"rendered":"\u0410\u043a\u043a\u0443\u043c\u0443\u043b\u044f\u0442\u043e\u0440\u043d\u0430\u044f \u0434\u0440\u0435\u043b\u044c Makita DDF484 + \u0430\u043a\u043a\u0443 4.0\u0410\u0447"},"content":{"rendered":"\n<p> M\u00fc\u00fcakse\u00a0Akutrell Makita DDF484 + aku 4.0Ah, heas seisu- ja t\u00f6\u00f6korras! <\/p><p> KIRJELDUS <\/p><p> Harjadeta mootor <br \/> Li-ion aku 18V \u2013 <br \/> Aku kaitses\u00fcsteem <br \/> P\u00f6\u00f6retearv (min-1) 0-500 \/ 2000 <br \/> Maks.p\u00f6\u00f6rdemoment (K\u00f5va\/pehme)54 \/ 36 Nm <br \/> Siduri astmed 21 <br \/> Maks. l\u00e4bim\u00f5\u00f5t puidus 38 mm <br \/> Maks. l\u00e4bim\u00f5\u00f5t terases 13 mm <br \/> Spindel 1\/2\u2033-20UNF \u201d <br \/> Padrun 1,5 \u2013 13 mm <br \/> Helir\u00f5hu tase (LpA)71 dB(A) <br \/> M\u00e4\u00e4ramatu m\u00fcra (K faktor)3 dB(A) <br \/> Vibratsioonitase (3 teljel), puurimisel\u22642,5 m\/sec\u00b2 <br \/> M\u00e4\u00e4ramatu vibratsioon (K faktor)1,5 m\/sec\u00b2 <br \/> Kaal 1,8 kg <\/p>\n","protected":false},"excerpt":{"rendered":"<p>M\u00fc\u00fcakse\u00a0Akutrell Makita DDF484 + aku 4.0Ah, heas seisu- ja t\u00f6\u00f6korras! KIRJELDUS Harjadeta mootor Li-ion aku 18V \u2013 Aku kaitses\u00fcsteem P\u00f6\u00f6retearv (min-1) 0-500 \/ 2000 Maks.p\u00f6\u00f6rdemoment (K\u00f5va\/pehme)54 \/ 36 Nm Siduri astmed 21 Maks. l\u00e4bim\u00f5\u00f5t puidus 38 mm Maks. l\u00e4bim\u00f5\u00f5t terases 13 mm Spindel 1\/2\u2033-20UNF \u201d Padrun 1,5 \u2013 13 mm Helir\u00f5hu tase (LpA)71 dB(A) M\u00e4\u00e4ramatu [&hellip;]<\/p>\n","protected":false},"featured_media":33612,"comment_status":"closed","ping_status":"open","template":"","meta":{"inline_featured_image":false},"product_brand":[],"product_cat":[221],"product_tag":[],"class_list":{"0":"post-33611","1":"product","2":"type-product","3":"status-publish","4":"has-post-thumbnail","6":"product_cat-akkumulyatornye-dreli","7":"pa_asukoht-mustamae","8":"pa_seisukord-ispolzovano","10":"first","11":"instock","12":"taxable","13":"shipping-taxable","14":"purchasable","15":"product-type-simple"},"_links":{"self":[{"href":"https:\/\/a-pant.ee\/ru\/wp-json\/wp\/v2\/product\/33611","targetHints":{"allow":["GET"]}}],"collection":[{"href":"https:\/\/a-pant.ee\/ru\/wp-json\/wp\/v2\/product"}],"about":[{"href":"https:\/\/a-pant.ee\/ru\/wp-json\/wp\/v2\/types\/product"}],"replies":[{"embeddable":true,"href":"https:\/\/a-pant.ee\/ru\/wp-json\/wp\/v2\/comments?post=33611"}],"wp:featuredmedia":[{"embeddable":true,"href":"https:\/\/a-pant.ee\/ru\/wp-json\/wp\/v2\/media\/33612"}],"wp:attachment":[{"href":"https:\/\/a-pant.ee\/ru\/wp-json\/wp\/v2\/media?parent=33611"}],"wp:term":[{"taxonomy":"product_brand","embeddable":true,"href":"https:\/\/a-pant.ee\/ru\/wp-json\/wp\/v2\/product_brand?post=33611"},{"taxonomy":"product_cat","embeddable":true,"href":"https:\/\/a-pant.ee\/ru\/wp-json\/wp\/v2\/product_cat?post=33611"},{"taxonomy":"product_tag","embeddable":true,"href":"https:\/\/a-pant.ee\/ru\/wp-json\/wp\/v2\/product_tag?post=33611"}],"curies":[{"name":"wp","href":"https:\/\/api.w.org\/{rel}","templated":true}]}}