{"id":33606,"date":"2026-02-04T15:09:25","date_gmt":"2026-02-04T12:09:25","guid":{"rendered":"https:\/\/a-pant.ee\/product\/akkumulyatornaya-drel-makita-bdf440\/"},"modified":"2026-02-22T12:11:38","modified_gmt":"2026-02-22T09:11:38","slug":"akkumulyatornaya-drel-makita-bdf440","status":"publish","type":"product","link":"https:\/\/a-pant.ee\/ru\/product\/akkumulyatornaya-drel-makita-bdf440\/","title":{"rendered":"\u0410\u043a\u043a\u0443\u043c\u0443\u043b\u044f\u0442\u043e\u0440\u043d\u0430\u044f \u0434\u0440\u0435\u043b\u044c Makita BDF440"},"content":{"rendered":"\n<p> Akutrell Makita BDF440, heas seisu- ja t\u00f6\u00f6korras! <\/p><p> KIRJELDUS <\/p><p> Aku pinge: 14,4 V liitiumioonaku <br \/> Maksimaalne p\u00f6\u00f6rdemoment (tugev kinnitus): 41 Nm <br \/> Maksimaalne p\u00f6\u00f6rdemoment (pehme kinnitus): 25 Nm <br \/> T\u00fchik\u00e4igu p\u00f6\u00f6rlemiskiirus (1. k\u00e4ik): 0 &#8212; 400 p\/min <br \/> T\u00fchik\u00e4igu p\u00f6\u00f6rlemiskiirus (2. k\u00e4ik): 0 &#8212; 1400 p\/min <br \/> Padruni t\u00fc\u00fcp: V\u00f5tmeta <br \/> Padruni kinnitusvahemik: 1,5 &#8212; 13 mm <br \/> Maksimaalne puurimisl\u00e4bim\u00f5\u00f5t (puit): 27 mm <br \/> Maksimaalne puurimisl\u00e4bim\u00f5\u00f5t (teras): 13 mm <br \/> P\u00f6\u00f6rdemomendi reguleerimine: 16 seadistust + puurimisre\u017eiim <br \/> Kaal (BL1430 akuga): 1,6 kg <\/p>\n","protected":false},"excerpt":{"rendered":"<p>Akutrell Makita BDF440, heas seisu- ja t\u00f6\u00f6korras! KIRJELDUS Aku pinge: 14,4 V liitiumioonaku Maksimaalne p\u00f6\u00f6rdemoment (tugev kinnitus): 41 Nm Maksimaalne p\u00f6\u00f6rdemoment (pehme kinnitus): 25 Nm T\u00fchik\u00e4igu p\u00f6\u00f6rlemiskiirus (1. k\u00e4ik): 0 &#8212; 400 p\/min T\u00fchik\u00e4igu p\u00f6\u00f6rlemiskiirus (2. k\u00e4ik): 0 &#8212; 1400 p\/min Padruni t\u00fc\u00fcp: V\u00f5tmeta Padruni kinnitusvahemik: 1,5 &#8212; 13 mm Maksimaalne puurimisl\u00e4bim\u00f5\u00f5t (puit): 27 mm [&hellip;]<\/p>\n","protected":false},"featured_media":33607,"comment_status":"closed","ping_status":"open","template":"","meta":{"inline_featured_image":false},"product_brand":[],"product_cat":[221],"product_tag":[],"class_list":{"0":"post-33606","1":"product","2":"type-product","3":"status-publish","4":"has-post-thumbnail","6":"product_cat-akkumulyatornye-dreli","7":"pa_asukoht-mustamae","8":"pa_seisukord-ispolzovano","10":"first","11":"instock","12":"taxable","13":"shipping-taxable","14":"purchasable","15":"product-type-simple"},"_links":{"self":[{"href":"https:\/\/a-pant.ee\/ru\/wp-json\/wp\/v2\/product\/33606","targetHints":{"allow":["GET"]}}],"collection":[{"href":"https:\/\/a-pant.ee\/ru\/wp-json\/wp\/v2\/product"}],"about":[{"href":"https:\/\/a-pant.ee\/ru\/wp-json\/wp\/v2\/types\/product"}],"replies":[{"embeddable":true,"href":"https:\/\/a-pant.ee\/ru\/wp-json\/wp\/v2\/comments?post=33606"}],"wp:featuredmedia":[{"embeddable":true,"href":"https:\/\/a-pant.ee\/ru\/wp-json\/wp\/v2\/media\/33607"}],"wp:attachment":[{"href":"https:\/\/a-pant.ee\/ru\/wp-json\/wp\/v2\/media?parent=33606"}],"wp:term":[{"taxonomy":"product_brand","embeddable":true,"href":"https:\/\/a-pant.ee\/ru\/wp-json\/wp\/v2\/product_brand?post=33606"},{"taxonomy":"product_cat","embeddable":true,"href":"https:\/\/a-pant.ee\/ru\/wp-json\/wp\/v2\/product_cat?post=33606"},{"taxonomy":"product_tag","embeddable":true,"href":"https:\/\/a-pant.ee\/ru\/wp-json\/wp\/v2\/product_tag?post=33606"}],"curies":[{"name":"wp","href":"https:\/\/api.w.org\/{rel}","templated":true}]}}