{"id":33601,"date":"2026-02-04T15:09:25","date_gmt":"2026-02-04T12:09:25","guid":{"rendered":"https:\/\/a-pant.ee\/product\/akkumulyatornaya-drel-makita-hp330d\/"},"modified":"2026-02-22T12:11:38","modified_gmt":"2026-02-22T09:11:38","slug":"akkumulyatornaya-drel-makita-hp330d-akku-zaryadka","status":"publish","type":"product","link":"https:\/\/a-pant.ee\/ru\/product\/akkumulyatornaya-drel-makita-hp330d-akku-zaryadka\/","title":{"rendered":"\u0410\u043a\u043a\u0443\u043c\u0443\u043b\u044f\u0442\u043e\u0440\u043d\u0430\u044f \u0434\u0440\u0435\u043b\u044c Makita HP330D + \u0430\u043a\u043a\u0443 + \u0437\u0430\u0440\u044f\u0434\u043a\u0430"},"content":{"rendered":"\n<p> Akutrell Makita HP330D + aku + laadija, heas seisu- ja t\u00f6\u00f6korras! <\/p><p> KIRJELDUS <\/p><p> Aku pinge 10,8 V <\/p><p> Aku mahutavus 1,3 Ah Li-lon <\/p><p> T\u00fchik\u00e4ik 0-400 \/ 0-1500 p\/min <\/p><p> Padruni l\u00e4bim\u00f5\u00f5t 10 mm <\/p><p> Max p\u00f6\u00f6rdemoment 24 Nm <\/p><p> Puuri l\u00e4bim\u00f5\u00f5t Teras 10 mm <\/p><p> Puit 21 mm &#8212; Tellis 8 mm <\/p><p> M\u00f5\u00f5dud 201x53x183 mm <\/p><p> Kaal 1,1 kg <\/p>\n","protected":false},"excerpt":{"rendered":"<p>Akutrell Makita HP330D + aku + laadija, heas seisu- ja t\u00f6\u00f6korras! KIRJELDUS Aku pinge 10,8 V Aku mahutavus 1,3 Ah Li-lon T\u00fchik\u00e4ik 0-400 \/ 0-1500 p\/min Padruni l\u00e4bim\u00f5\u00f5t 10 mm Max p\u00f6\u00f6rdemoment 24 Nm Puuri l\u00e4bim\u00f5\u00f5t Teras 10 mm Puit 21 mm &#8212; Tellis 8 mm M\u00f5\u00f5dud 201x53x183 mm Kaal 1,1 kg<\/p>\n","protected":false},"featured_media":33602,"comment_status":"closed","ping_status":"open","template":"","meta":{"inline_featured_image":false},"product_brand":[],"product_cat":[221],"product_tag":[],"class_list":{"0":"post-33601","1":"product","2":"type-product","3":"status-publish","4":"has-post-thumbnail","6":"product_cat-akkumulyatornye-dreli","7":"pa_asukoht-mustamae","8":"pa_seisukord-ispolzovano","10":"first","11":"instock","12":"taxable","13":"shipping-taxable","14":"purchasable","15":"product-type-simple"},"_links":{"self":[{"href":"https:\/\/a-pant.ee\/ru\/wp-json\/wp\/v2\/product\/33601","targetHints":{"allow":["GET"]}}],"collection":[{"href":"https:\/\/a-pant.ee\/ru\/wp-json\/wp\/v2\/product"}],"about":[{"href":"https:\/\/a-pant.ee\/ru\/wp-json\/wp\/v2\/types\/product"}],"replies":[{"embeddable":true,"href":"https:\/\/a-pant.ee\/ru\/wp-json\/wp\/v2\/comments?post=33601"}],"wp:featuredmedia":[{"embeddable":true,"href":"https:\/\/a-pant.ee\/ru\/wp-json\/wp\/v2\/media\/33602"}],"wp:attachment":[{"href":"https:\/\/a-pant.ee\/ru\/wp-json\/wp\/v2\/media?parent=33601"}],"wp:term":[{"taxonomy":"product_brand","embeddable":true,"href":"https:\/\/a-pant.ee\/ru\/wp-json\/wp\/v2\/product_brand?post=33601"},{"taxonomy":"product_cat","embeddable":true,"href":"https:\/\/a-pant.ee\/ru\/wp-json\/wp\/v2\/product_cat?post=33601"},{"taxonomy":"product_tag","embeddable":true,"href":"https:\/\/a-pant.ee\/ru\/wp-json\/wp\/v2\/product_tag?post=33601"}],"curies":[{"name":"wp","href":"https:\/\/api.w.org\/{rel}","templated":true}]}}