{"id":33596,"date":"2026-02-04T15:09:25","date_gmt":"2026-02-04T12:09:25","guid":{"rendered":"https:\/\/a-pant.ee\/product\/akkumulyatornaya-drel-makita-df330d\/"},"modified":"2026-02-22T12:11:38","modified_gmt":"2026-02-22T09:11:38","slug":"akkumulyatornaya-drel-makita-df330d-akku","status":"publish","type":"product","link":"https:\/\/a-pant.ee\/ru\/product\/akkumulyatornaya-drel-makita-df330d-akku\/","title":{"rendered":"\u0410\u043a\u043a\u0443\u043c\u0443\u043b\u044f\u0442\u043e\u0440\u043d\u0430\u044f \u0434\u0440\u0435\u043b\u044c Makita DF330D + \u0430\u043a\u043a\u0443"},"content":{"rendered":"\n<p> Akutrell Makita DF330D + aku, t\u00f6\u00f6korras! <\/p><p> KIRJELDUS <\/p><p> Maksimaalne p\u00f6\u00f6rdemoment: 14\/24 Nm (pehme\/k\u00f5va re\u017eiim) <\/p><p> Koormuseta p\u00f6\u00f6rlemiskiirus: 0\u2013350 p\/min \/ 0\u20131300 p\/min (pehme\/k\u00f5va re\u017eiim) <\/p>\n","protected":false},"excerpt":{"rendered":"<p>Akutrell Makita DF330D + aku, t\u00f6\u00f6korras! KIRJELDUS Maksimaalne p\u00f6\u00f6rdemoment: 14\/24 Nm (pehme\/k\u00f5va re\u017eiim) Koormuseta p\u00f6\u00f6rlemiskiirus: 0\u2013350 p\/min \/ 0\u20131300 p\/min (pehme\/k\u00f5va re\u017eiim)<\/p>\n","protected":false},"featured_media":33597,"comment_status":"closed","ping_status":"open","template":"","meta":{"inline_featured_image":false},"product_brand":[],"product_cat":[221],"product_tag":[],"class_list":{"0":"post-33596","1":"product","2":"type-product","3":"status-publish","4":"has-post-thumbnail","6":"product_cat-akkumulyatornye-dreli","7":"pa_asukoht-mustamae","8":"pa_seisukord-ispolzovano","10":"first","11":"instock","12":"taxable","13":"shipping-taxable","14":"purchasable","15":"product-type-simple"},"_links":{"self":[{"href":"https:\/\/a-pant.ee\/ru\/wp-json\/wp\/v2\/product\/33596","targetHints":{"allow":["GET"]}}],"collection":[{"href":"https:\/\/a-pant.ee\/ru\/wp-json\/wp\/v2\/product"}],"about":[{"href":"https:\/\/a-pant.ee\/ru\/wp-json\/wp\/v2\/types\/product"}],"replies":[{"embeddable":true,"href":"https:\/\/a-pant.ee\/ru\/wp-json\/wp\/v2\/comments?post=33596"}],"wp:featuredmedia":[{"embeddable":true,"href":"https:\/\/a-pant.ee\/ru\/wp-json\/wp\/v2\/media\/33597"}],"wp:attachment":[{"href":"https:\/\/a-pant.ee\/ru\/wp-json\/wp\/v2\/media?parent=33596"}],"wp:term":[{"taxonomy":"product_brand","embeddable":true,"href":"https:\/\/a-pant.ee\/ru\/wp-json\/wp\/v2\/product_brand?post=33596"},{"taxonomy":"product_cat","embeddable":true,"href":"https:\/\/a-pant.ee\/ru\/wp-json\/wp\/v2\/product_cat?post=33596"},{"taxonomy":"product_tag","embeddable":true,"href":"https:\/\/a-pant.ee\/ru\/wp-json\/wp\/v2\/product_tag?post=33596"}],"curies":[{"name":"wp","href":"https:\/\/api.w.org\/{rel}","templated":true}]}}