{"id":33591,"date":"2026-02-04T15:09:25","date_gmt":"2026-02-04T12:09:25","guid":{"rendered":"https:\/\/a-pant.ee\/product\/zarjadnoe-ustrojstvo-makita-dc18ra\/"},"modified":"2026-02-22T12:11:38","modified_gmt":"2026-02-22T09:11:38","slug":"zaryadnoe-ustrojstvo-makita-dc18ra","status":"publish","type":"product","link":"https:\/\/a-pant.ee\/ru\/product\/zaryadnoe-ustrojstvo-makita-dc18ra\/","title":{"rendered":"\u0417\u0430\u0440\u044f\u0434\u043d\u043e\u0435 \u0443\u0441\u0442\u0440\u043e\u0439\u0441\u0442\u0432\u043e Makita DC18RA"},"content":{"rendered":"\n<p> Laadija Makita DC18RA, heas seisu- ja t\u00f6\u00f6korras! <\/p><p> KIRJELDUS <\/p><p> Toitepinge (vahelduvvool): 230 V. <br \/> \u00dchilduvad akud: Li-ioon, Ni-Cd, Ni-MH. <br \/> Aku pingevahemik: 7,2 V, 9,6 V, 12 V, 14,4 V, 18 V. <br \/> Maksimaalne laadimisvool: 9 A. <\/p>\n","protected":false},"excerpt":{"rendered":"<p>Laadija Makita DC18RA, heas seisu- ja t\u00f6\u00f6korras! KIRJELDUS Toitepinge (vahelduvvool): 230 V. \u00dchilduvad akud: Li-ioon, Ni-Cd, Ni-MH. Aku pingevahemik: 7,2 V, 9,6 V, 12 V, 14,4 V, 18 V. Maksimaalne laadimisvool: 9 A.<\/p>\n","protected":false},"featured_media":33592,"comment_status":"closed","ping_status":"open","template":"","meta":{"inline_featured_image":false},"product_brand":[],"product_cat":[223],"product_tag":[],"class_list":{"0":"post-33591","1":"product","2":"type-product","3":"status-publish","4":"has-post-thumbnail","6":"product_cat-vsyo-dlya-instrumenta","7":"pa_asukoht-mustamae","8":"pa_seisukord-ispolzovano","10":"first","11":"instock","12":"taxable","13":"shipping-taxable","14":"purchasable","15":"product-type-simple"},"_links":{"self":[{"href":"https:\/\/a-pant.ee\/ru\/wp-json\/wp\/v2\/product\/33591","targetHints":{"allow":["GET"]}}],"collection":[{"href":"https:\/\/a-pant.ee\/ru\/wp-json\/wp\/v2\/product"}],"about":[{"href":"https:\/\/a-pant.ee\/ru\/wp-json\/wp\/v2\/types\/product"}],"replies":[{"embeddable":true,"href":"https:\/\/a-pant.ee\/ru\/wp-json\/wp\/v2\/comments?post=33591"}],"wp:featuredmedia":[{"embeddable":true,"href":"https:\/\/a-pant.ee\/ru\/wp-json\/wp\/v2\/media\/33592"}],"wp:attachment":[{"href":"https:\/\/a-pant.ee\/ru\/wp-json\/wp\/v2\/media?parent=33591"}],"wp:term":[{"taxonomy":"product_brand","embeddable":true,"href":"https:\/\/a-pant.ee\/ru\/wp-json\/wp\/v2\/product_brand?post=33591"},{"taxonomy":"product_cat","embeddable":true,"href":"https:\/\/a-pant.ee\/ru\/wp-json\/wp\/v2\/product_cat?post=33591"},{"taxonomy":"product_tag","embeddable":true,"href":"https:\/\/a-pant.ee\/ru\/wp-json\/wp\/v2\/product_tag?post=33591"}],"curies":[{"name":"wp","href":"https:\/\/api.w.org\/{rel}","templated":true}]}}