{"id":33586,"date":"2026-02-04T15:09:25","date_gmt":"2026-02-04T12:09:25","guid":{"rendered":"https:\/\/a-pant.ee\/product\/akudrell-makita-ddf487-akku-4-0-ach\/"},"modified":"2026-02-22T12:11:38","modified_gmt":"2026-02-22T09:11:38","slug":"akudrell-makita-ddf487-aku-40-ach","status":"publish","type":"product","link":"https:\/\/a-pant.ee\/ru\/product\/akudrell-makita-ddf487-aku-40-ach\/","title":{"rendered":"\u0410\u043a\u0443\u0434\u0440\u0435\u043b\u043b\u044c Makita DDF487 + \u0410\u043a\u0443 4,0 \u0410\u0427"},"content":{"rendered":"\n<p> Akutrell Makita DDF487 + AKU 4,0 AH\u00a0, heas seisu- ja t\u00f6\u00f6korras! <\/p><p> KIRJELDUS <\/p><ul><li> Seadme t\u00fc\u00fcp: akuga puur-kruvikeeraja <\/li><li> Aku pinge:\u00a018 V <\/li><li> Mootori t\u00fc\u00fcp: elektriline <\/li><li> K\u00e4ikude arv:\u00a02 <\/li><li> T\u00fchik\u00e4igu p\u00f6\u00f6rlemiskiirus: <ul><li><ol><li> k\u00e4ik:\u00a00\u2013450 p\/min <\/li><\/ol><\/li><li><ol><li> k\u00e4ik:\u00a00\u20131750 p\/min <\/li><\/ol><\/li><\/ul><\/li><li> Reguleeritav p\u00f6\u00f6rlemiskiirus <\/li><li> P\u00f6\u00f6rdemomendi reguleerimine:\u00a016 astet <\/li><li> Revers funktsioon keeramiseks ja lahtikeeramiseks <\/li><li> Kiirkinnituspadrun <\/li><li> Padruni suurus:\u00a01,5\u201313 mm <\/li><li> Maksimaalne p\u00f6\u00f6rdemoment:\u00a062 N\u00b7m <\/li><li> Sobib puurimiseks ja kruvimiseks puidus, metallis, plastikust ja muudes materjalides <\/li><li> Ergonoomiline k\u00e4epide mugavaks haardeks <\/li><li> Kompaktne ja tasakaalustatud disain <\/li><\/ul>\n","protected":false},"excerpt":{"rendered":"<p>Akutrell Makita DDF487 + AKU 4,0 AH\u00a0, heas seisu- ja t\u00f6\u00f6korras! KIRJELDUS Seadme t\u00fc\u00fcp: akuga puur-kruvikeeraja Aku pinge:\u00a018 V Mootori t\u00fc\u00fcp: elektriline K\u00e4ikude arv:\u00a02 T\u00fchik\u00e4igu p\u00f6\u00f6rlemiskiirus: k\u00e4ik:\u00a00\u2013450 p\/min k\u00e4ik:\u00a00\u20131750 p\/min Reguleeritav p\u00f6\u00f6rlemiskiirus P\u00f6\u00f6rdemomendi reguleerimine:\u00a016 astet Revers funktsioon keeramiseks ja lahtikeeramiseks Kiirkinnituspadrun Padruni suurus:\u00a01,5\u201313 mm Maksimaalne p\u00f6\u00f6rdemoment:\u00a062 N\u00b7m Sobib puurimiseks ja kruvimiseks puidus, metallis, plastikust ja [&hellip;]<\/p>\n","protected":false},"featured_media":33587,"comment_status":"closed","ping_status":"open","template":"","meta":{"inline_featured_image":false},"product_brand":[],"product_cat":[221],"product_tag":[],"class_list":{"0":"post-33586","1":"product","2":"type-product","3":"status-publish","4":"has-post-thumbnail","6":"product_cat-akkumulyatornye-dreli","7":"pa_asukoht-mustamae","8":"pa_seisukord-ispolzovano","10":"first","11":"instock","12":"taxable","13":"shipping-taxable","14":"purchasable","15":"product-type-simple"},"_links":{"self":[{"href":"https:\/\/a-pant.ee\/ru\/wp-json\/wp\/v2\/product\/33586","targetHints":{"allow":["GET"]}}],"collection":[{"href":"https:\/\/a-pant.ee\/ru\/wp-json\/wp\/v2\/product"}],"about":[{"href":"https:\/\/a-pant.ee\/ru\/wp-json\/wp\/v2\/types\/product"}],"replies":[{"embeddable":true,"href":"https:\/\/a-pant.ee\/ru\/wp-json\/wp\/v2\/comments?post=33586"}],"wp:featuredmedia":[{"embeddable":true,"href":"https:\/\/a-pant.ee\/ru\/wp-json\/wp\/v2\/media\/33587"}],"wp:attachment":[{"href":"https:\/\/a-pant.ee\/ru\/wp-json\/wp\/v2\/media?parent=33586"}],"wp:term":[{"taxonomy":"product_brand","embeddable":true,"href":"https:\/\/a-pant.ee\/ru\/wp-json\/wp\/v2\/product_brand?post=33586"},{"taxonomy":"product_cat","embeddable":true,"href":"https:\/\/a-pant.ee\/ru\/wp-json\/wp\/v2\/product_cat?post=33586"},{"taxonomy":"product_tag","embeddable":true,"href":"https:\/\/a-pant.ee\/ru\/wp-json\/wp\/v2\/product_tag?post=33586"}],"curies":[{"name":"wp","href":"https:\/\/api.w.org\/{rel}","templated":true}]}}