{"id":33581,"date":"2026-02-04T15:09:25","date_gmt":"2026-02-04T12:09:25","guid":{"rendered":"https:\/\/a-pant.ee\/product\/planshet-lenovo-tab-m9-64gb-chehol\/"},"modified":"2026-02-22T12:11:38","modified_gmt":"2026-02-22T09:11:38","slug":"planshet-lenovo-tab-m9-64gb-chehol","status":"publish","type":"product","link":"https:\/\/a-pant.ee\/ru\/product\/planshet-lenovo-tab-m9-64gb-chehol\/","title":{"rendered":"\u041f\u043b\u0430\u043d\u0448\u0435\u0442 Lenovo Tab M9 64GB + \u0427\u0435\u0445\u043e\u043b"},"content":{"rendered":"\n<p> Tahvelarvuti Lenovo Tab M9 64GB + Kaane\u00a0, heas seisu- ja t\u00f6\u00f6korras! <\/p><p> KIRJELDUS <\/p><ul><li> Seadme t\u00fc\u00fcp: tahvelarvuti <\/li><li> Ekraan:\u00a09\u2033 <\/li><li> Ekraani eraldusv\u00f5ime:\u00a01340 \u00d7 800 <\/li><li> Paneeli t\u00fc\u00fcp: IPS <\/li><li> Protsessor: kaheksatuumaline <\/li><li> Operatsioonis\u00fcsteem: Android <\/li><li> Operatiivm\u00e4lu:\u00a03 GB <\/li><li> Sisetalituse m\u00e4lu:\u00a064 GB <\/li><li> M\u00e4lu laiendamise v\u00f5imalus: microSD pesa <\/li><li> Tagumine kaamera:\u00a08 MP <\/li><li> Esikaamera:\u00a05 MP <\/li><li> Traadita \u00fchendused: Wi-Fi, Bluetooth <\/li><li> Navigatsioon: GPS <\/li><li> Pordid: USB-C, 3,5 mm audio <\/li><li> Aku:\u00a05000 mAh <\/li><li> Sobib interneti, video, t\u00f6\u00f6 ja \u00f5ppimiseks <\/li><\/ul>\n","protected":false},"excerpt":{"rendered":"<p>Tahvelarvuti Lenovo Tab M9 64GB + Kaane\u00a0, heas seisu- ja t\u00f6\u00f6korras! KIRJELDUS Seadme t\u00fc\u00fcp: tahvelarvuti Ekraan:\u00a09\u2033 Ekraani eraldusv\u00f5ime:\u00a01340 \u00d7 800 Paneeli t\u00fc\u00fcp: IPS Protsessor: kaheksatuumaline Operatsioonis\u00fcsteem: Android Operatiivm\u00e4lu:\u00a03 GB Sisetalituse m\u00e4lu:\u00a064 GB M\u00e4lu laiendamise v\u00f5imalus: microSD pesa Tagumine kaamera:\u00a08 MP Esikaamera:\u00a05 MP Traadita \u00fchendused: Wi-Fi, Bluetooth Navigatsioon: GPS Pordid: USB-C, 3,5 mm audio Aku:\u00a05000 mAh [&hellip;]<\/p>\n","protected":false},"featured_media":33582,"comment_status":"closed","ping_status":"closed","template":"","meta":{"inline_featured_image":false},"product_brand":[],"product_cat":[180],"product_tag":[],"class_list":{"0":"post-33581","1":"product","2":"type-product","3":"status-publish","4":"has-post-thumbnail","6":"product_cat-planshety","7":"pa_asukoht-mustamae","8":"pa_seisukord-ispolzovano","10":"first","11":"outofstock","12":"taxable","13":"shipping-taxable","14":"purchasable","15":"product-type-simple"},"_links":{"self":[{"href":"https:\/\/a-pant.ee\/ru\/wp-json\/wp\/v2\/product\/33581","targetHints":{"allow":["GET"]}}],"collection":[{"href":"https:\/\/a-pant.ee\/ru\/wp-json\/wp\/v2\/product"}],"about":[{"href":"https:\/\/a-pant.ee\/ru\/wp-json\/wp\/v2\/types\/product"}],"replies":[{"embeddable":true,"href":"https:\/\/a-pant.ee\/ru\/wp-json\/wp\/v2\/comments?post=33581"}],"wp:featuredmedia":[{"embeddable":true,"href":"https:\/\/a-pant.ee\/ru\/wp-json\/wp\/v2\/media\/33582"}],"wp:attachment":[{"href":"https:\/\/a-pant.ee\/ru\/wp-json\/wp\/v2\/media?parent=33581"}],"wp:term":[{"taxonomy":"product_brand","embeddable":true,"href":"https:\/\/a-pant.ee\/ru\/wp-json\/wp\/v2\/product_brand?post=33581"},{"taxonomy":"product_cat","embeddable":true,"href":"https:\/\/a-pant.ee\/ru\/wp-json\/wp\/v2\/product_cat?post=33581"},{"taxonomy":"product_tag","embeddable":true,"href":"https:\/\/a-pant.ee\/ru\/wp-json\/wp\/v2\/product_tag?post=33581"}],"curies":[{"name":"wp","href":"https:\/\/api.w.org\/{rel}","templated":true}]}}