{"id":33576,"date":"2026-02-04T15:09:25","date_gmt":"2026-02-04T12:09:25","guid":{"rendered":"https:\/\/a-pant.ee\/product\/ulichnyy-svetilnik-vagner-sdh-sensor-20w\/"},"modified":"2026-02-22T12:11:37","modified_gmt":"2026-02-22T09:11:37","slug":"ulichnyj-svetilnik-vagner-sdh-sensor-20w","status":"publish","type":"product","link":"https:\/\/a-pant.ee\/ru\/product\/ulichnyj-svetilnik-vagner-sdh-sensor-20w\/","title":{"rendered":"\u0423\u043b\u0438\u0447\u043d\u044b\u0439 \u0441\u0432\u0435\u0442\u0438\u043b\u044c\u043d\u0438\u043a Vagner SDH Sensor 20W"},"content":{"rendered":"\n<p> V\u00e4lislamp Vagner SDH Sensor 20W\u00a0, heas seisu- ja t\u00f6\u00f6korras! <\/p><p> KIRJELDUS <\/p><ul><li> Seadme t\u00fc\u00fcp:\u00a0v\u00e4lisvalgusti LED anduriga <\/li><li> V\u00f5imsus:\u00a020 W <\/li><li> Valgusallikas: LED <\/li><li> Valgusvoog:\u00a0umbes 1600\u20131800 luumenit <\/li><li> Toitepinge:\u00a0220\u2013240 V <\/li><li> Toitesagedus:\u00a050\u201360 Hz <\/li><li> Anduri t\u00fc\u00fcp:\u00a0liikumisandur (infrapuna) <\/li><li> Anduri tuvastusnurk:\u00a0umbes 120\u00b0\u2013180\u00b0 <\/li><li> Anduri t\u00f6\u00f6ulatus:\u00a0kuni 5\u201310 m <\/li><li> Tulekustutuse viivitus: reguleeritav <\/li><li> Kaitseaste:\u00a0IP65\u00a0(veekindel ja tolmukindel) <\/li><li> T\u00f6\u00f6tamistemperatuur: sobib nii k\u00fclma kui sooja ilmaga <\/li><li> Paigaldusviis: seinakinnitus \/ \u00f5ue paigaldus <\/li><li> Kasutusala: \u00f5uevalgustus hoovides, fassaadidel, sissep\u00e4\u00e4sude juures jpm <\/li><\/ul>\n","protected":false},"excerpt":{"rendered":"<p>V\u00e4lislamp Vagner SDH Sensor 20W\u00a0, heas seisu- ja t\u00f6\u00f6korras! KIRJELDUS Seadme t\u00fc\u00fcp:\u00a0v\u00e4lisvalgusti LED anduriga V\u00f5imsus:\u00a020 W Valgusallikas: LED Valgusvoog:\u00a0umbes 1600\u20131800 luumenit Toitepinge:\u00a0220\u2013240 V Toitesagedus:\u00a050\u201360 Hz Anduri t\u00fc\u00fcp:\u00a0liikumisandur (infrapuna) Anduri tuvastusnurk:\u00a0umbes 120\u00b0\u2013180\u00b0 Anduri t\u00f6\u00f6ulatus:\u00a0kuni 5\u201310 m Tulekustutuse viivitus: reguleeritav Kaitseaste:\u00a0IP65\u00a0(veekindel ja tolmukindel) T\u00f6\u00f6tamistemperatuur: sobib nii k\u00fclma kui sooja ilmaga Paigaldusviis: seinakinnitus \/ \u00f5ue paigaldus Kasutusala: \u00f5uevalgustus [&hellip;]<\/p>\n","protected":false},"featured_media":33577,"comment_status":"closed","ping_status":"open","template":"","meta":{"inline_featured_image":false},"product_brand":[],"product_cat":[246,162],"product_tag":[],"class_list":{"0":"post-33576","1":"product","2":"type-product","3":"status-publish","4":"has-post-thumbnail","6":"product_cat-instrumenty-drugoe","7":"product_cat-elektronika-drugoe","8":"pa_asukoht-mustamae","9":"pa_seisukord-ispolzovano","11":"first","12":"instock","13":"taxable","14":"shipping-taxable","15":"purchasable","16":"product-type-simple"},"_links":{"self":[{"href":"https:\/\/a-pant.ee\/ru\/wp-json\/wp\/v2\/product\/33576","targetHints":{"allow":["GET"]}}],"collection":[{"href":"https:\/\/a-pant.ee\/ru\/wp-json\/wp\/v2\/product"}],"about":[{"href":"https:\/\/a-pant.ee\/ru\/wp-json\/wp\/v2\/types\/product"}],"replies":[{"embeddable":true,"href":"https:\/\/a-pant.ee\/ru\/wp-json\/wp\/v2\/comments?post=33576"}],"wp:featuredmedia":[{"embeddable":true,"href":"https:\/\/a-pant.ee\/ru\/wp-json\/wp\/v2\/media\/33577"}],"wp:attachment":[{"href":"https:\/\/a-pant.ee\/ru\/wp-json\/wp\/v2\/media?parent=33576"}],"wp:term":[{"taxonomy":"product_brand","embeddable":true,"href":"https:\/\/a-pant.ee\/ru\/wp-json\/wp\/v2\/product_brand?post=33576"},{"taxonomy":"product_cat","embeddable":true,"href":"https:\/\/a-pant.ee\/ru\/wp-json\/wp\/v2\/product_cat?post=33576"},{"taxonomy":"product_tag","embeddable":true,"href":"https:\/\/a-pant.ee\/ru\/wp-json\/wp\/v2\/product_tag?post=33576"}],"curies":[{"name":"wp","href":"https:\/\/api.w.org\/{rel}","templated":true}]}}