{"id":33571,"date":"2026-02-04T15:09:25","date_gmt":"2026-02-04T12:09:25","guid":{"rendered":"https:\/\/a-pant.ee\/product\/monitor-samsung-s24e650\/"},"modified":"2026-02-22T12:11:37","modified_gmt":"2026-02-22T09:11:37","slug":"monitor-samsung-s24e650","status":"publish","type":"product","link":"https:\/\/a-pant.ee\/ru\/product\/monitor-samsung-s24e650\/","title":{"rendered":"\u041c\u043e\u043d\u0438\u0442\u043e\u0440 Samsung S24E650"},"content":{"rendered":"\n<p> Monitor Samsung S24E650\u00a0, heas seisu- ja t\u00f6\u00f6korras! <\/p><p> KIRJELDUS <\/p><ul><li> Seadme t\u00fc\u00fcp:\u00a0arvutimonitor <\/li><li> Ekraani diagonaal:\u00a024\u2033 (umbes 60,96 cm) <\/li><li> Ekraani resolutsioon:\u00a01920 \u00d7 1080 (Full HD) <\/li><li> Kuvasuhe:\u00a016:9 <\/li><li> Paneeli t\u00fc\u00fcp:\u00a0PLS \/ IPS-sarnane <\/li><li> V\u00e4rskendussagedus:\u00a060 Hz <\/li><li> Reaktsiooniaeg:\u00a04 ms <\/li><li> Ekraani heleduse tase:\u00a0250 cd\/m\u00b2 <\/li><li> Kontrastsus:\u00a01000:1 <\/li><li> Vaatenurgad:\u00a0178\u00b0 horisontaalselt \/ 178\u00b0 vertikaalselt <\/li><li> V\u00e4rvitugi:\u00a016,7 miljonit v\u00e4rvi <\/li><li> Sisseehitatud k\u00f5larid:\u00a02 \u00d7 1 W <\/li><li> Liidesed:\u00a0HDMI, DisplayPort, VGA, USB-sild (USB-2.0), heli <\/li><li> Reguleeritav alus: k\u00f5rgus, kaldenurk, p\u00f6\u00f6ramine ja Pivot re\u017eiim <\/li><li> VESA kinnitus:\u00a0100 \u00d7 100 mm <\/li><li> Sobib: kontorit\u00f6\u00f6ks, internetiks, multimeedia vaatamiseks <\/li><\/ul>\n","protected":false},"excerpt":{"rendered":"<p>Monitor Samsung S24E650\u00a0, heas seisu- ja t\u00f6\u00f6korras! KIRJELDUS Seadme t\u00fc\u00fcp:\u00a0arvutimonitor Ekraani diagonaal:\u00a024\u2033 (umbes 60,96 cm) Ekraani resolutsioon:\u00a01920 \u00d7 1080 (Full HD) Kuvasuhe:\u00a016:9 Paneeli t\u00fc\u00fcp:\u00a0PLS \/ IPS-sarnane V\u00e4rskendussagedus:\u00a060 Hz Reaktsiooniaeg:\u00a04 ms Ekraani heleduse tase:\u00a0250 cd\/m\u00b2 Kontrastsus:\u00a01000:1 Vaatenurgad:\u00a0178\u00b0 horisontaalselt \/ 178\u00b0 vertikaalselt V\u00e4rvitugi:\u00a016,7 miljonit v\u00e4rvi Sisseehitatud k\u00f5larid:\u00a02 \u00d7 1 W Liidesed:\u00a0HDMI, DisplayPort, VGA, USB-sild (USB-2.0), heli Reguleeritav [&hellip;]<\/p>\n","protected":false},"featured_media":33572,"comment_status":"closed","ping_status":"closed","template":"","meta":{"inline_featured_image":false},"product_brand":[],"product_cat":[157],"product_tag":[],"class_list":{"0":"post-33571","1":"product","2":"type-product","3":"status-publish","4":"has-post-thumbnail","6":"product_cat-vse-dlya-kompyutera","7":"pa_asukoht-mustamae","8":"pa_seisukord-ispolzovano","10":"first","11":"outofstock","12":"taxable","13":"shipping-taxable","14":"purchasable","15":"product-type-simple"},"_links":{"self":[{"href":"https:\/\/a-pant.ee\/ru\/wp-json\/wp\/v2\/product\/33571","targetHints":{"allow":["GET"]}}],"collection":[{"href":"https:\/\/a-pant.ee\/ru\/wp-json\/wp\/v2\/product"}],"about":[{"href":"https:\/\/a-pant.ee\/ru\/wp-json\/wp\/v2\/types\/product"}],"replies":[{"embeddable":true,"href":"https:\/\/a-pant.ee\/ru\/wp-json\/wp\/v2\/comments?post=33571"}],"wp:featuredmedia":[{"embeddable":true,"href":"https:\/\/a-pant.ee\/ru\/wp-json\/wp\/v2\/media\/33572"}],"wp:attachment":[{"href":"https:\/\/a-pant.ee\/ru\/wp-json\/wp\/v2\/media?parent=33571"}],"wp:term":[{"taxonomy":"product_brand","embeddable":true,"href":"https:\/\/a-pant.ee\/ru\/wp-json\/wp\/v2\/product_brand?post=33571"},{"taxonomy":"product_cat","embeddable":true,"href":"https:\/\/a-pant.ee\/ru\/wp-json\/wp\/v2\/product_cat?post=33571"},{"taxonomy":"product_tag","embeddable":true,"href":"https:\/\/a-pant.ee\/ru\/wp-json\/wp\/v2\/product_tag?post=33571"}],"curies":[{"name":"wp","href":"https:\/\/api.w.org\/{rel}","templated":true}]}}