{"id":33565,"date":"2026-02-04T15:09:25","date_gmt":"2026-02-04T12:09:25","guid":{"rendered":"https:\/\/a-pant.ee\/product\/vr-ochki-meta-quest-3-128gb\/"},"modified":"2026-02-22T12:11:37","modified_gmt":"2026-02-22T09:11:37","slug":"vr-ochki-meta-quest-3-128gb-kontrolllery-sumka","status":"publish","type":"product","link":"https:\/\/a-pant.ee\/ru\/product\/vr-ochki-meta-quest-3-128gb-kontrolllery-sumka\/","title":{"rendered":"VR \u041e\u0447\u043a\u0438 Meta Quest 3 128GB + \u041a\u043e\u043d\u0442\u0440\u043e\u043b\u043b\u043b\u0435\u0440\u044b + \u0421\u0443\u043c\u043a\u0430"},"content":{"rendered":"\n<p> VR Prillid Meta Quest 3 128GB + Pultid 2tk + Kott\u00a0, heas seisu- ja t\u00f6\u00f6korras! <\/p><p> KIRJELDUS <\/p><ul><li> Seadme t\u00fc\u00fcp: autonoomne VR-peakomplekt <\/li><li> Sisetalituse m\u00e4lu:\u00a0128 GB <\/li><li> Operatiivm\u00e4lu:\u00a08 GB RAM <\/li><li> Protsessor:\u00a0Qualcomm Snapdragon XR2 Gen 2 <\/li><li> Ekraanid: LCD <\/li><li> Resolutsioon:\u00a02064 \u00d7 2208 pikslit \u00fche silma kohta <\/li><li> V\u00e4rskendussagedus:\u00a090 \/ 120 Hz <\/li><li> Vaatev\u00e4li: umbes\u00a0110\u00b0 <\/li><li> J\u00e4lgimine: inside-out,\u00a06DoF <\/li><li> Kontrollerid:\u00a06DoF, ilma v\u00e4liste anduriteta <\/li><li> Kaamerad: v\u00e4rvikaamerad segatud reaalsuse jaoks <\/li><li> Audio: sisseehitatud stereok\u00f5larid <\/li><li> \u00dchenduvus: Wi-Fi, Bluetooth <\/li><li> Liidesed:\u00a0USB-C <\/li><li> Aku maht:\u00a05060 mAh <\/li><li> T\u00f6\u00f6aeg: kuni\u00a02,5 tundi <\/li><li> \u00dchilduvus: Meta Quest rakendused ja m\u00e4ngud <\/li><\/ul>\n","protected":false},"excerpt":{"rendered":"<p>VR Prillid Meta Quest 3 128GB + Pultid 2tk + Kott\u00a0, heas seisu- ja t\u00f6\u00f6korras! KIRJELDUS Seadme t\u00fc\u00fcp: autonoomne VR-peakomplekt Sisetalituse m\u00e4lu:\u00a0128 GB Operatiivm\u00e4lu:\u00a08 GB RAM Protsessor:\u00a0Qualcomm Snapdragon XR2 Gen 2 Ekraanid: LCD Resolutsioon:\u00a02064 \u00d7 2208 pikslit \u00fche silma kohta V\u00e4rskendussagedus:\u00a090 \/ 120 Hz Vaatev\u00e4li: umbes\u00a0110\u00b0 J\u00e4lgimine: inside-out,\u00a06DoF Kontrollerid:\u00a06DoF, ilma v\u00e4liste anduriteta Kaamerad: v\u00e4rvikaamerad segatud [&hellip;]<\/p>\n","protected":false},"featured_media":33566,"comment_status":"closed","ping_status":"closed","template":"","meta":{"inline_featured_image":false},"product_brand":[],"product_cat":[157],"product_tag":[],"class_list":{"0":"post-33565","1":"product","2":"type-product","3":"status-publish","4":"has-post-thumbnail","6":"product_cat-vse-dlya-kompyutera","7":"pa_asukoht-mustamae","8":"pa_seisukord-ispolzovano","10":"first","11":"outofstock","12":"taxable","13":"shipping-taxable","14":"purchasable","15":"product-type-simple"},"_links":{"self":[{"href":"https:\/\/a-pant.ee\/ru\/wp-json\/wp\/v2\/product\/33565","targetHints":{"allow":["GET"]}}],"collection":[{"href":"https:\/\/a-pant.ee\/ru\/wp-json\/wp\/v2\/product"}],"about":[{"href":"https:\/\/a-pant.ee\/ru\/wp-json\/wp\/v2\/types\/product"}],"replies":[{"embeddable":true,"href":"https:\/\/a-pant.ee\/ru\/wp-json\/wp\/v2\/comments?post=33565"}],"wp:featuredmedia":[{"embeddable":true,"href":"https:\/\/a-pant.ee\/ru\/wp-json\/wp\/v2\/media\/33566"}],"wp:attachment":[{"href":"https:\/\/a-pant.ee\/ru\/wp-json\/wp\/v2\/media?parent=33565"}],"wp:term":[{"taxonomy":"product_brand","embeddable":true,"href":"https:\/\/a-pant.ee\/ru\/wp-json\/wp\/v2\/product_brand?post=33565"},{"taxonomy":"product_cat","embeddable":true,"href":"https:\/\/a-pant.ee\/ru\/wp-json\/wp\/v2\/product_cat?post=33565"},{"taxonomy":"product_tag","embeddable":true,"href":"https:\/\/a-pant.ee\/ru\/wp-json\/wp\/v2\/product_tag?post=33565"}],"curies":[{"name":"wp","href":"https:\/\/api.w.org\/{rel}","templated":true}]}}