{"id":33560,"date":"2026-02-04T15:09:25","date_gmt":"2026-02-04T12:09:25","guid":{"rendered":"https:\/\/a-pant.ee\/product\/router-nokia-e-240w-a-full-set\/"},"modified":"2026-02-22T12:11:37","modified_gmt":"2026-02-22T09:11:37","slug":"router-nokia-e-240w-a-polnyj-komplekt","status":"publish","type":"product","link":"https:\/\/a-pant.ee\/ru\/product\/router-nokia-e-240w-a-polnyj-komplekt\/","title":{"rendered":"\u0420\u043e\u0443\u0442\u0435\u0440 Nokia E-240W-A \u041f\u043e\u043b\u043d\u044b\u0439 \u041a\u043e\u043c\u043f\u043b\u0435\u043a\u0442"},"content":{"rendered":"\n<p> Ruuter Nokia E-240W-A T\u00e4iskomplekt, heas seisu- ja t\u00f6\u00f6korras! <\/p><p> KIRJELDUS <\/p><ul><li> Seadme t\u00fc\u00fcp: traadita Wi-Fi ruuter <\/li><li> Toetatud Wi-Fi standardid: 802.11 b\/g\/n <\/li><li> T\u00f6\u00f6sagedus:\u00a02,4 GHz <\/li><li> Traadita kiirus: kuni\u00a0300 Mbps <\/li><li> Antennid: sisseehitatud <\/li><li> Pordid: Ethernet LAN ja WAN <\/li><li> Interneti \u00fchendus: l\u00e4bi teenusepakkuja kaabli (WAN) <\/li><li> V\u00f5rguhaldus: DHCP automaatseks seadistamiseks <\/li><li> V\u00f5rgu turvalisus: WEP, WPA, WPA2 <\/li><li> K\u00fclalisv\u00f5rgu tugi <\/li><li> Lihtne seadistamine ja haldus <\/li><li> Sobib koduseks ja v\u00e4ikeb\u00fcroo kasutamiseks <\/li><\/ul>\n","protected":false},"excerpt":{"rendered":"<p>Ruuter Nokia E-240W-A T\u00e4iskomplekt, heas seisu- ja t\u00f6\u00f6korras! KIRJELDUS Seadme t\u00fc\u00fcp: traadita Wi-Fi ruuter Toetatud Wi-Fi standardid: 802.11 b\/g\/n T\u00f6\u00f6sagedus:\u00a02,4 GHz Traadita kiirus: kuni\u00a0300 Mbps Antennid: sisseehitatud Pordid: Ethernet LAN ja WAN Interneti \u00fchendus: l\u00e4bi teenusepakkuja kaabli (WAN) V\u00f5rguhaldus: DHCP automaatseks seadistamiseks V\u00f5rgu turvalisus: WEP, WPA, WPA2 K\u00fclalisv\u00f5rgu tugi Lihtne seadistamine ja haldus Sobib koduseks [&hellip;]<\/p>\n","protected":false},"featured_media":33561,"comment_status":"closed","ping_status":"open","template":"","meta":{"inline_featured_image":false},"product_brand":[],"product_cat":[157],"product_tag":[],"class_list":{"0":"post-33560","1":"product","2":"type-product","3":"status-publish","4":"has-post-thumbnail","6":"product_cat-vse-dlya-kompyutera","7":"pa_asukoht-mustamae","8":"pa_seisukord-ispolzovano","10":"first","11":"instock","12":"taxable","13":"shipping-taxable","14":"purchasable","15":"product-type-simple"},"_links":{"self":[{"href":"https:\/\/a-pant.ee\/ru\/wp-json\/wp\/v2\/product\/33560","targetHints":{"allow":["GET"]}}],"collection":[{"href":"https:\/\/a-pant.ee\/ru\/wp-json\/wp\/v2\/product"}],"about":[{"href":"https:\/\/a-pant.ee\/ru\/wp-json\/wp\/v2\/types\/product"}],"replies":[{"embeddable":true,"href":"https:\/\/a-pant.ee\/ru\/wp-json\/wp\/v2\/comments?post=33560"}],"wp:featuredmedia":[{"embeddable":true,"href":"https:\/\/a-pant.ee\/ru\/wp-json\/wp\/v2\/media\/33561"}],"wp:attachment":[{"href":"https:\/\/a-pant.ee\/ru\/wp-json\/wp\/v2\/media?parent=33560"}],"wp:term":[{"taxonomy":"product_brand","embeddable":true,"href":"https:\/\/a-pant.ee\/ru\/wp-json\/wp\/v2\/product_brand?post=33560"},{"taxonomy":"product_cat","embeddable":true,"href":"https:\/\/a-pant.ee\/ru\/wp-json\/wp\/v2\/product_cat?post=33560"},{"taxonomy":"product_tag","embeddable":true,"href":"https:\/\/a-pant.ee\/ru\/wp-json\/wp\/v2\/product_tag?post=33560"}],"curies":[{"name":"wp","href":"https:\/\/api.w.org\/{rel}","templated":true}]}}