{"id":33555,"date":"2026-02-04T15:09:25","date_gmt":"2026-02-04T12:09:25","guid":{"rendered":"https:\/\/a-pant.ee\/product\/monitor-hp-e240c\/"},"modified":"2026-02-22T12:11:37","modified_gmt":"2026-02-22T09:11:37","slug":"monitor-hp-e240c","status":"publish","type":"product","link":"https:\/\/a-pant.ee\/ru\/product\/monitor-hp-e240c\/","title":{"rendered":"\u041c\u043e\u043d\u0438\u0442\u043e\u0440 HP E240C"},"content":{"rendered":"\n<p> Monitor HP E240C, heas seisu- ja t\u00f6\u00f6korras! <\/p><p> KIRJELDUS <\/p><p> Diagonaal: 23,8 tolli (60,5 cm). <br \/> Resolutsioon: 1920 x 1080 sagedusel 60 Hz (Full HD). <br \/> Paneeli t\u00fc\u00fcp: IPS. <br \/> Kuvasuhe: 16:9. <br \/> Heledus: 250 cd\/m\u00b2. <br \/> Kontrastsus: 1000:1 (staatiline), 10 000 000:1 (d\u00fcnaamiline). <br \/> Reaktsiooniaeg: 7 ms (hallist hallini). <br \/> Vaatenurgad: 178\u00b0 horisontaalselt ja vertikaalselt. <br \/> \u00dchenduvus: VGA, DisplayPort, HDMI. <br \/> Omadused: Sisseehitatud veebikaamera ja mikrofon videokonverentside jaoks. <br \/> Alus: K\u00f5rguse poolest reguleeritav, kallutatav ja p\u00f6\u00f6ratav. <\/p>\n","protected":false},"excerpt":{"rendered":"<p>Monitor HP E240C, heas seisu- ja t\u00f6\u00f6korras! KIRJELDUS Diagonaal: 23,8 tolli (60,5 cm). Resolutsioon: 1920 x 1080 sagedusel 60 Hz (Full HD). Paneeli t\u00fc\u00fcp: IPS. Kuvasuhe: 16:9. Heledus: 250 cd\/m\u00b2. Kontrastsus: 1000:1 (staatiline), 10 000 000:1 (d\u00fcnaamiline). Reaktsiooniaeg: 7 ms (hallist hallini). Vaatenurgad: 178\u00b0 horisontaalselt ja vertikaalselt. \u00dchenduvus: VGA, DisplayPort, HDMI. Omadused: Sisseehitatud veebikaamera ja [&hellip;]<\/p>\n","protected":false},"featured_media":33556,"comment_status":"closed","ping_status":"open","template":"","meta":{"inline_featured_image":false},"product_brand":[],"product_cat":[173],"product_tag":[],"class_list":{"0":"post-33555","1":"product","2":"type-product","3":"status-publish","4":"has-post-thumbnail","6":"product_cat-monitory","7":"pa_asukoht-mustamae","8":"pa_seisukord-ispolzovano","10":"first","11":"instock","12":"taxable","13":"shipping-taxable","14":"purchasable","15":"product-type-simple"},"_links":{"self":[{"href":"https:\/\/a-pant.ee\/ru\/wp-json\/wp\/v2\/product\/33555","targetHints":{"allow":["GET"]}}],"collection":[{"href":"https:\/\/a-pant.ee\/ru\/wp-json\/wp\/v2\/product"}],"about":[{"href":"https:\/\/a-pant.ee\/ru\/wp-json\/wp\/v2\/types\/product"}],"replies":[{"embeddable":true,"href":"https:\/\/a-pant.ee\/ru\/wp-json\/wp\/v2\/comments?post=33555"}],"wp:featuredmedia":[{"embeddable":true,"href":"https:\/\/a-pant.ee\/ru\/wp-json\/wp\/v2\/media\/33556"}],"wp:attachment":[{"href":"https:\/\/a-pant.ee\/ru\/wp-json\/wp\/v2\/media?parent=33555"}],"wp:term":[{"taxonomy":"product_brand","embeddable":true,"href":"https:\/\/a-pant.ee\/ru\/wp-json\/wp\/v2\/product_brand?post=33555"},{"taxonomy":"product_cat","embeddable":true,"href":"https:\/\/a-pant.ee\/ru\/wp-json\/wp\/v2\/product_cat?post=33555"},{"taxonomy":"product_tag","embeddable":true,"href":"https:\/\/a-pant.ee\/ru\/wp-json\/wp\/v2\/product_tag?post=33555"}],"curies":[{"name":"wp","href":"https:\/\/api.w.org\/{rel}","templated":true}]}}