{"id":33544,"date":"2026-02-04T15:09:25","date_gmt":"2026-02-04T12:09:25","guid":{"rendered":"https:\/\/a-pant.ee\/product\/besprovodnaya-kolonka-jbl-xtreme-2\/"},"modified":"2026-02-22T12:11:36","modified_gmt":"2026-02-22T09:11:36","slug":"besprovodnaya-kolonka-jbl-xtreme-2-zaryadka-remen","status":"publish","type":"product","link":"https:\/\/a-pant.ee\/ru\/product\/besprovodnaya-kolonka-jbl-xtreme-2-zaryadka-remen\/","title":{"rendered":"\u0411\u0435\u0441\u043f\u0440\u043e\u0432\u043e\u0434\u043d\u0430\u044f \u043a\u043e\u043b\u043e\u043d\u043a\u0430 JBL Xtreme 2   + \u0417\u0430\u0440\u044f\u0434\u043a\u0430 + \u0420\u0435\u043c\u0435\u043d\u044c"},"content":{"rendered":"\n<p><strong> Kaasaskantav k\u00f5lar JBL Xtreme 2 + Laadija + Rihm <\/strong> , heas seisu- ja t\u00f6\u00f6korras! <\/p><p> KIRJELDUS <\/p><ul><li><strong> T\u00fc\u00fcp: <\/strong> kaasaskantav Bluetooth-k\u00f5lar <\/li><li><strong> V\u00f5imsus: <\/strong> ~2\u00d720 W RMS <\/li><li><strong> K\u00f5larid: <\/strong> 2 bassik\u00f5larit, 2 k\u00f5rgsagedusk\u00f5larit, 2 passiivset radiaatorit <\/li><li><strong> Sagedusvahemik: <\/strong> ~55 Hz \u2013 20 kHz <\/li><li><strong> Bluetooth: <\/strong> versioon 4.2 <\/li><li><strong> Aku kestvus: <\/strong> kuni ~15 tundi (laadimine ~3,5 tundi) <\/li><li><strong> Aku: <\/strong> ~10 000 mAh <\/li><li><strong> Kaitse: <\/strong> IPX7 (veekindel) <\/li><li><strong> Lisad: <\/strong> JBL Connect+, sisseehitatud mikrofon, USB-v\u00e4ljund seadmete laadimiseks <\/li><li><strong> M\u00f5\u00f5dud \/ kaal: <\/strong> u 288 \u00d7 136 \u00d7 132 mm, ~2,4 kg <\/li><\/ul><p> \u00a0 <\/p>\n","protected":false},"excerpt":{"rendered":"<p>Kaasaskantav k\u00f5lar JBL Xtreme 2 + Laadija + Rihm , heas seisu- ja t\u00f6\u00f6korras! KIRJELDUS T\u00fc\u00fcp: kaasaskantav Bluetooth-k\u00f5lar V\u00f5imsus: ~2\u00d720 W RMS K\u00f5larid: 2 bassik\u00f5larit, 2 k\u00f5rgsagedusk\u00f5larit, 2 passiivset radiaatorit Sagedusvahemik: ~55 Hz \u2013 20 kHz Bluetooth: versioon 4.2 Aku kestvus: kuni ~15 tundi (laadimine ~3,5 tundi) Aku: ~10 000 mAh Kaitse: IPX7 (veekindel) Lisad: [&hellip;]<\/p>\n","protected":false},"featured_media":33545,"comment_status":"closed","ping_status":"open","template":"","meta":{"inline_featured_image":false},"product_brand":[],"product_cat":[167],"product_tag":[],"class_list":{"0":"post-33544","1":"product","2":"type-product","3":"status-publish","4":"has-post-thumbnail","6":"product_cat-kolonki","7":"pa_asukoht-lasnamae","8":"pa_seisukord-ispolzovano","10":"first","11":"instock","12":"taxable","13":"shipping-taxable","14":"purchasable","15":"product-type-simple"},"_links":{"self":[{"href":"https:\/\/a-pant.ee\/ru\/wp-json\/wp\/v2\/product\/33544","targetHints":{"allow":["GET"]}}],"collection":[{"href":"https:\/\/a-pant.ee\/ru\/wp-json\/wp\/v2\/product"}],"about":[{"href":"https:\/\/a-pant.ee\/ru\/wp-json\/wp\/v2\/types\/product"}],"replies":[{"embeddable":true,"href":"https:\/\/a-pant.ee\/ru\/wp-json\/wp\/v2\/comments?post=33544"}],"wp:featuredmedia":[{"embeddable":true,"href":"https:\/\/a-pant.ee\/ru\/wp-json\/wp\/v2\/media\/33545"}],"wp:attachment":[{"href":"https:\/\/a-pant.ee\/ru\/wp-json\/wp\/v2\/media?parent=33544"}],"wp:term":[{"taxonomy":"product_brand","embeddable":true,"href":"https:\/\/a-pant.ee\/ru\/wp-json\/wp\/v2\/product_brand?post=33544"},{"taxonomy":"product_cat","embeddable":true,"href":"https:\/\/a-pant.ee\/ru\/wp-json\/wp\/v2\/product_cat?post=33544"},{"taxonomy":"product_tag","embeddable":true,"href":"https:\/\/a-pant.ee\/ru\/wp-json\/wp\/v2\/product_tag?post=33544"}],"curies":[{"name":"wp","href":"https:\/\/api.w.org\/{rel}","templated":true}]}}