{"id":33524,"date":"2026-02-04T15:06:01","date_gmt":"2026-02-04T12:06:01","guid":{"rendered":"https:\/\/a-pant.ee\/product\/nivelir-dewalt-dw088cg\/"},"modified":"2026-02-22T12:13:42","modified_gmt":"2026-02-22T09:13:42","slug":"nivelir-dewalt-dw088cg","status":"publish","type":"product","link":"https:\/\/a-pant.ee\/ru\/product\/nivelir-dewalt-dw088cg\/","title":{"rendered":"\u041d\u0438\u0432\u0435\u043b\u0438\u0440 DeWalt DW088CG"},"content":{"rendered":"\n<p><strong> Nivelir DeWalt DW088CG <\/strong> , t\u00f6\u00f6korras! <\/p><p> KIRJELDUS <\/p><ul><li><strong> T\u00fc\u00fcp <\/strong> : Joonlaser (ristjooned) <\/li><li><strong> Laserikiir <\/strong> : Roheline (heledam kui punane) <\/li><li><strong> T\u00e4psus <\/strong> : \u00b10,3 mm\/m <\/li><li><strong> T\u00f6\u00f6ulatus <\/strong> : kuni 30\u202fm (kuni 50\u202fm vastuv\u00f5tjaga) <\/li><li><strong> Isejoondumine <\/strong> : \u00b14\u00b0 <\/li><li><strong> Toide <\/strong> : 3\u00d7AA patareid (kuni 16 tundi t\u00f6\u00f6aega) <\/li><li><strong> Kaitseklass <\/strong> : IP54 (tolmu- ja pritsmekindel) <\/li><li><strong> Kinnitus <\/strong> : Magnetalus + 1\/4&#8243; statiivikeere <\/li><\/ul>\n","protected":false},"excerpt":{"rendered":"<p>Nivelir DeWalt DW088CG , t\u00f6\u00f6korras! KIRJELDUS T\u00fc\u00fcp : Joonlaser (ristjooned) Laserikiir : Roheline (heledam kui punane) T\u00e4psus : \u00b10,3 mm\/m T\u00f6\u00f6ulatus : kuni 30\u202fm (kuni 50\u202fm vastuv\u00f5tjaga) Isejoondumine : \u00b14\u00b0 Toide : 3\u00d7AA patareid (kuni 16 tundi t\u00f6\u00f6aega) Kaitseklass : IP54 (tolmu- ja pritsmekindel) Kinnitus : Magnetalus + 1\/4&#8243; statiivikeere<\/p>\n","protected":false},"featured_media":33525,"comment_status":"closed","ping_status":"open","template":"","meta":{"inline_featured_image":false},"product_brand":[],"product_cat":[232],"product_tag":[],"class_list":{"0":"post-33524","1":"product","2":"type-product","3":"status-publish","4":"has-post-thumbnail","6":"product_cat-lazernye-niveliry","7":"pa_asukoht-lasnamae","8":"pa_seisukord-ispolzovano","10":"first","11":"outofstock","12":"taxable","13":"shipping-taxable","14":"purchasable","15":"product-type-simple"},"_links":{"self":[{"href":"https:\/\/a-pant.ee\/ru\/wp-json\/wp\/v2\/product\/33524","targetHints":{"allow":["GET"]}}],"collection":[{"href":"https:\/\/a-pant.ee\/ru\/wp-json\/wp\/v2\/product"}],"about":[{"href":"https:\/\/a-pant.ee\/ru\/wp-json\/wp\/v2\/types\/product"}],"replies":[{"embeddable":true,"href":"https:\/\/a-pant.ee\/ru\/wp-json\/wp\/v2\/comments?post=33524"}],"wp:featuredmedia":[{"embeddable":true,"href":"https:\/\/a-pant.ee\/ru\/wp-json\/wp\/v2\/media\/33525"}],"wp:attachment":[{"href":"https:\/\/a-pant.ee\/ru\/wp-json\/wp\/v2\/media?parent=33524"}],"wp:term":[{"taxonomy":"product_brand","embeddable":true,"href":"https:\/\/a-pant.ee\/ru\/wp-json\/wp\/v2\/product_brand?post=33524"},{"taxonomy":"product_cat","embeddable":true,"href":"https:\/\/a-pant.ee\/ru\/wp-json\/wp\/v2\/product_cat?post=33524"},{"taxonomy":"product_tag","embeddable":true,"href":"https:\/\/a-pant.ee\/ru\/wp-json\/wp\/v2\/product_tag?post=33524"}],"curies":[{"name":"wp","href":"https:\/\/api.w.org\/{rel}","templated":true}]}}