{"id":33519,"date":"2026-02-04T15:06:01","date_gmt":"2026-02-04T12:06:01","guid":{"rendered":"https:\/\/a-pant.ee\/product\/bluetooth-naushniki-sony-wh-1000x-m3\/"},"modified":"2026-02-22T12:13:42","modified_gmt":"2026-02-22T09:13:42","slug":"bluetooth-naushniki-sony-wh-1000x-m3","status":"publish","type":"product","link":"https:\/\/a-pant.ee\/ru\/product\/bluetooth-naushniki-sony-wh-1000x-m3\/","title":{"rendered":"Bluetooth \u041d\u0430\u0443\u0448\u043d\u0438\u043a\u0438 Sony WH-1000x M3"},"content":{"rendered":"\n<p> Bluetooth K\u00f5rvaklappid Sony WH-1000x M3, heas seisu- ja t\u00f6\u00f6korras! <\/p><p> KIRJELDUS <\/p><ul><li> T\u00fc\u00fcp:Suured klapid <\/li><li> Juhtmega:Jah <\/li><li> Juhtmevaba:Jah <\/li><li> Seadmega \u00fchendamine:Bluetooth, NFC, 3,5 mm <\/li><li> Aktiivne m\u00fcrasummutus:Jah <\/li><li> Mikrofon:Jah <\/li><li> Heli reguleerimise v\u00f5imalus:Jah <\/li><li> K\u00f5nele vastamise\/keeldumise nupp:Jah <\/li><li> Kaabli pikkus:1.2 m <\/li><li> T\u00f6\u00f6aeg (kuni):30 h <\/li><li> Sagedusala:20 &#8212; 20000 Hz <\/li><li> Takistus:47 Oomi <\/li><\/ul>\n","protected":false},"excerpt":{"rendered":"<p>Bluetooth K\u00f5rvaklappid Sony WH-1000x M3, heas seisu- ja t\u00f6\u00f6korras! KIRJELDUS T\u00fc\u00fcp:Suured klapid Juhtmega:Jah Juhtmevaba:Jah Seadmega \u00fchendamine:Bluetooth, NFC, 3,5 mm Aktiivne m\u00fcrasummutus:Jah Mikrofon:Jah Heli reguleerimise v\u00f5imalus:Jah K\u00f5nele vastamise\/keeldumise nupp:Jah Kaabli pikkus:1.2 m T\u00f6\u00f6aeg (kuni):30 h Sagedusala:20 &#8212; 20000 Hz Takistus:47 Oomi<\/p>\n","protected":false},"featured_media":33520,"comment_status":"closed","ping_status":"closed","template":"","meta":{"inline_featured_image":false},"product_brand":[],"product_cat":[168],"product_tag":[],"class_list":{"0":"post-33519","1":"product","2":"type-product","3":"status-publish","4":"has-post-thumbnail","6":"product_cat-naushniki","7":"pa_asukoht-mustamae","8":"pa_seisukord-ispolzovano","10":"first","11":"outofstock","12":"taxable","13":"shipping-taxable","14":"purchasable","15":"product-type-simple"},"_links":{"self":[{"href":"https:\/\/a-pant.ee\/ru\/wp-json\/wp\/v2\/product\/33519","targetHints":{"allow":["GET"]}}],"collection":[{"href":"https:\/\/a-pant.ee\/ru\/wp-json\/wp\/v2\/product"}],"about":[{"href":"https:\/\/a-pant.ee\/ru\/wp-json\/wp\/v2\/types\/product"}],"replies":[{"embeddable":true,"href":"https:\/\/a-pant.ee\/ru\/wp-json\/wp\/v2\/comments?post=33519"}],"wp:featuredmedia":[{"embeddable":true,"href":"https:\/\/a-pant.ee\/ru\/wp-json\/wp\/v2\/media\/33520"}],"wp:attachment":[{"href":"https:\/\/a-pant.ee\/ru\/wp-json\/wp\/v2\/media?parent=33519"}],"wp:term":[{"taxonomy":"product_brand","embeddable":true,"href":"https:\/\/a-pant.ee\/ru\/wp-json\/wp\/v2\/product_brand?post=33519"},{"taxonomy":"product_cat","embeddable":true,"href":"https:\/\/a-pant.ee\/ru\/wp-json\/wp\/v2\/product_cat?post=33519"},{"taxonomy":"product_tag","embeddable":true,"href":"https:\/\/a-pant.ee\/ru\/wp-json\/wp\/v2\/product_tag?post=33519"}],"curies":[{"name":"wp","href":"https:\/\/api.w.org\/{rel}","templated":true}]}}