{"id":33509,"date":"2026-02-04T15:06:01","date_gmt":"2026-02-04T12:06:01","guid":{"rendered":"https:\/\/a-pant.ee\/product\/akkumulyatornaya-drel-einhell-tc-cd-18-35-li\/"},"modified":"2026-02-22T12:13:41","modified_gmt":"2026-02-22T09:13:41","slug":"akkumulyatornaya-drel-einhell-tc-cd-18-35-li-akku-zaryadka","status":"publish","type":"product","link":"https:\/\/a-pant.ee\/ru\/product\/akkumulyatornaya-drel-einhell-tc-cd-18-35-li-akku-zaryadka\/","title":{"rendered":"\u0410\u043a\u043a\u0443\u043c\u0443\u043b\u044f\u0442\u043e\u0440\u043d\u0430\u044f \u0434\u0440\u0435\u043b\u044c Einhell TC-CD 18\/35 Li + \u0430\u043a\u043a\u0443 + \u0437\u0430\u0440\u044f\u0434\u043a\u0430"},"content":{"rendered":"\n<p> Akutrell Einhell TC-CD 18\/35 Li + aku + laadija, heas seisu- ja t\u00f6\u00f6korras! <\/p><p> KIRJELDUS <\/p><p> K\u00e4ikude arv: 1 <br \/> T\u00fchik\u00e4igu kiirus (1. k\u00e4ik): 0-550 p\/min <br \/> Maksimaalne p\u00f6\u00f6rdemoment: 35 Nm <br \/> P\u00f6\u00f6rdemomendi seaded: 21+1 <br \/> Puuripadrun: 10 mm topelth\u00fclssidega <\/p>\n","protected":false},"excerpt":{"rendered":"<p>Akutrell Einhell TC-CD 18\/35 Li + aku + laadija, heas seisu- ja t\u00f6\u00f6korras! KIRJELDUS K\u00e4ikude arv: 1 T\u00fchik\u00e4igu kiirus (1. k\u00e4ik): 0-550 p\/min Maksimaalne p\u00f6\u00f6rdemoment: 35 Nm P\u00f6\u00f6rdemomendi seaded: 21+1 Puuripadrun: 10 mm topelth\u00fclssidega<\/p>\n","protected":false},"featured_media":33510,"comment_status":"closed","ping_status":"closed","template":"","meta":{"inline_featured_image":false},"product_brand":[],"product_cat":[221],"product_tag":[],"class_list":{"0":"post-33509","1":"product","2":"type-product","3":"status-publish","4":"has-post-thumbnail","6":"product_cat-akkumulyatornye-dreli","7":"pa_asukoht-mustamae","8":"pa_seisukord-ispolzovano","10":"first","11":"outofstock","12":"taxable","13":"shipping-taxable","14":"purchasable","15":"product-type-simple"},"_links":{"self":[{"href":"https:\/\/a-pant.ee\/ru\/wp-json\/wp\/v2\/product\/33509","targetHints":{"allow":["GET"]}}],"collection":[{"href":"https:\/\/a-pant.ee\/ru\/wp-json\/wp\/v2\/product"}],"about":[{"href":"https:\/\/a-pant.ee\/ru\/wp-json\/wp\/v2\/types\/product"}],"replies":[{"embeddable":true,"href":"https:\/\/a-pant.ee\/ru\/wp-json\/wp\/v2\/comments?post=33509"}],"wp:featuredmedia":[{"embeddable":true,"href":"https:\/\/a-pant.ee\/ru\/wp-json\/wp\/v2\/media\/33510"}],"wp:attachment":[{"href":"https:\/\/a-pant.ee\/ru\/wp-json\/wp\/v2\/media?parent=33509"}],"wp:term":[{"taxonomy":"product_brand","embeddable":true,"href":"https:\/\/a-pant.ee\/ru\/wp-json\/wp\/v2\/product_brand?post=33509"},{"taxonomy":"product_cat","embeddable":true,"href":"https:\/\/a-pant.ee\/ru\/wp-json\/wp\/v2\/product_cat?post=33509"},{"taxonomy":"product_tag","embeddable":true,"href":"https:\/\/a-pant.ee\/ru\/wp-json\/wp\/v2\/product_tag?post=33509"}],"curies":[{"name":"wp","href":"https:\/\/api.w.org\/{rel}","templated":true}]}}