{"id":33504,"date":"2026-02-04T15:06:01","date_gmt":"2026-02-04T12:06:01","guid":{"rendered":"https:\/\/a-pant.ee\/product\/igrovaya-konsol-playstation-4-fat-500gb\/"},"modified":"2026-02-22T12:13:41","modified_gmt":"2026-02-22T09:13:41","slug":"igrovaya-konsol-playstation-4-fat-500gb-provoda-pult","status":"publish","type":"product","link":"https:\/\/a-pant.ee\/ru\/product\/igrovaya-konsol-playstation-4-fat-500gb-provoda-pult\/","title":{"rendered":"\u0418\u0433\u0440\u043e\u0432\u0430\u044f \u043a\u043e\u043d\u0441\u043e\u043b\u044c Playstation 4 Fat 500GB + \u043f\u0440\u043e\u0432\u043e\u0434\u0430 + \u043f\u0443\u043b\u044c\u0442"},"content":{"rendered":"\n<p> M\u00e4ngukonsool Playstation 4 Fat 500GB + juhed + pult, heas seisu- ja t\u00f6\u00f6korras! <\/p><p> KIRJELDUS <\/p><p> Mudel: PlayStation 4 Fat <br \/> M\u00e4lu maht: 500 GB <br \/> K\u00f5vaketas: HDD <br \/> Kettaseade: Blu-ray <br \/> Maksimaalne eraldusv\u00f5ime: kuni Full HD (1080p) <br \/> Protsessor: 8-tuumaline AMD Jaguar <br \/> Graafika: AMD Radeon GCN (1,84 TFLOPS) <br \/> Operatiivm\u00e4lu: 8 GB GDDR5 <br \/> V\u00f5rgu\u00fchendus: Wi-Fi 2,4 GHz, Ethernet <br \/> Bluetooth: versioon 2.1 <br \/> Pordid: 2 \u00d7 USB 3.0, HDMI, AUX, LAN <br \/> Audio\/Video: HDCP tugi, mitmekanaliline heli <br \/> Toetatud funktsioonid: Remote Play, Share Play <br \/> M\u00f5\u00f5tmed: umbes 275 \u00d7 53 \u00d7 305 mm <br \/> Kaal: umbes 2,8 kg <\/p>\n","protected":false},"excerpt":{"rendered":"<p>M\u00e4ngukonsool Playstation 4 Fat 500GB + juhed + pult, heas seisu- ja t\u00f6\u00f6korras! KIRJELDUS Mudel: PlayStation 4 Fat M\u00e4lu maht: 500 GB K\u00f5vaketas: HDD Kettaseade: Blu-ray Maksimaalne eraldusv\u00f5ime: kuni Full HD (1080p) Protsessor: 8-tuumaline AMD Jaguar Graafika: AMD Radeon GCN (1,84 TFLOPS) Operatiivm\u00e4lu: 8 GB GDDR5 V\u00f5rgu\u00fchendus: Wi-Fi 2,4 GHz, Ethernet Bluetooth: versioon 2.1 Pordid: [&hellip;]<\/p>\n","protected":false},"featured_media":33505,"comment_status":"closed","ping_status":"open","template":"","meta":{"inline_featured_image":false},"product_brand":[],"product_cat":[174],"product_tag":[],"class_list":{"0":"post-33504","1":"product","2":"type-product","3":"status-publish","4":"has-post-thumbnail","6":"product_cat-igrovye-konsoli","7":"pa_asukoht-mustamae","8":"pa_seisukord-ispolzovano","10":"first","11":"instock","12":"taxable","13":"shipping-taxable","14":"purchasable","15":"product-type-simple"},"_links":{"self":[{"href":"https:\/\/a-pant.ee\/ru\/wp-json\/wp\/v2\/product\/33504","targetHints":{"allow":["GET"]}}],"collection":[{"href":"https:\/\/a-pant.ee\/ru\/wp-json\/wp\/v2\/product"}],"about":[{"href":"https:\/\/a-pant.ee\/ru\/wp-json\/wp\/v2\/types\/product"}],"replies":[{"embeddable":true,"href":"https:\/\/a-pant.ee\/ru\/wp-json\/wp\/v2\/comments?post=33504"}],"wp:featuredmedia":[{"embeddable":true,"href":"https:\/\/a-pant.ee\/ru\/wp-json\/wp\/v2\/media\/33505"}],"wp:attachment":[{"href":"https:\/\/a-pant.ee\/ru\/wp-json\/wp\/v2\/media?parent=33504"}],"wp:term":[{"taxonomy":"product_brand","embeddable":true,"href":"https:\/\/a-pant.ee\/ru\/wp-json\/wp\/v2\/product_brand?post=33504"},{"taxonomy":"product_cat","embeddable":true,"href":"https:\/\/a-pant.ee\/ru\/wp-json\/wp\/v2\/product_cat?post=33504"},{"taxonomy":"product_tag","embeddable":true,"href":"https:\/\/a-pant.ee\/ru\/wp-json\/wp\/v2\/product_tag?post=33504"}],"curies":[{"name":"wp","href":"https:\/\/api.w.org\/{rel}","templated":true}]}}