{"id":33494,"date":"2026-02-04T15:06:01","date_gmt":"2026-02-04T12:06:01","guid":{"rendered":"https:\/\/a-pant.ee\/product\/nastolnaya-tsirkulyarnaya-pila-dwe7485\/"},"modified":"2026-02-22T12:13:41","modified_gmt":"2026-02-22T09:13:41","slug":"nastolnaya-czirkulyarnaya-pila-dwe7485","status":"publish","type":"product","link":"https:\/\/a-pant.ee\/ru\/product\/nastolnaya-czirkulyarnaya-pila-dwe7485\/","title":{"rendered":"\u041d\u0430\u0441\u0442\u043e\u043b\u044c\u043d\u0430\u044f \u0446\u0438\u0440\u043a\u0443\u043b\u044f\u0440\u043d\u0430\u044f \u043f\u0438\u043b\u0430 DWE7485"},"content":{"rendered":"\n<p> Saepink DeWalt DWE7485\u00a0, heas seisu- ja t\u00f6\u00f6korras! <\/p><p> KIRJELDUS <\/p><ul><li> T\u00fc\u00fcp:\u00a0Statsionaarne ketassaag <\/li><li> Toide:\u00a0V\u00f5rgutoide (juhtmega) <\/li><li> V\u00f5imsus:\u00a01850 W <\/li><li> Kaal:\u00a022 kg <\/li><li> P\u00f6\u00f6rlemiskiirus:\u00a05800 p\/min <\/li><li> Ketta l\u00e4bim\u00f5\u00f5t:\u00a0210 mm <\/li><li> Toitepinge:\u00a0220\u2013240 V <\/li><li> Seadme m\u00f5\u00f5tmed (P \u00d7 L \u00d7 K):\u00a060,5 \u00d7 60,5 \u00d7 33 cm <\/li><li> Maksimaalne l\u00f5ikes\u00fcgavus 45\u00b0 juures:\u00a045 mm <\/li><li> Maksimaalne l\u00f5ikes\u00fcgavus 90\u00b0 juures:\u00a065 mm <\/li><li> Ketta ava l\u00e4bim\u00f5\u00f5t:\u00a030 mm <\/li><li> Laua m\u00f5\u00f5tmed:\u00a0485 \u00d7 485 mm <\/li><li> L\u00f5ikenurga reguleerimine:\u00a045\u00b0 paremale \/ 0\u00b0 vasakule <\/li><\/ul>\n","protected":false},"excerpt":{"rendered":"<p>Saepink DeWalt DWE7485\u00a0, heas seisu- ja t\u00f6\u00f6korras! KIRJELDUS T\u00fc\u00fcp:\u00a0Statsionaarne ketassaag Toide:\u00a0V\u00f5rgutoide (juhtmega) V\u00f5imsus:\u00a01850 W Kaal:\u00a022 kg P\u00f6\u00f6rlemiskiirus:\u00a05800 p\/min Ketta l\u00e4bim\u00f5\u00f5t:\u00a0210 mm Toitepinge:\u00a0220\u2013240 V Seadme m\u00f5\u00f5tmed (P \u00d7 L \u00d7 K):\u00a060,5 \u00d7 60,5 \u00d7 33 cm Maksimaalne l\u00f5ikes\u00fcgavus 45\u00b0 juures:\u00a045 mm Maksimaalne l\u00f5ikes\u00fcgavus 90\u00b0 juures:\u00a065 mm Ketta ava l\u00e4bim\u00f5\u00f5t:\u00a030 mm Laua m\u00f5\u00f5tmed:\u00a0485 \u00d7 485 mm L\u00f5ikenurga [&hellip;]<\/p>\n","protected":false},"featured_media":33495,"comment_status":"closed","ping_status":"closed","template":"","meta":{"inline_featured_image":false},"product_brand":[],"product_cat":[227],"product_tag":[],"class_list":{"0":"post-33494","1":"product","2":"type-product","3":"status-publish","4":"has-post-thumbnail","6":"product_cat-torczovochnye-pily","7":"product_shipping_class-oversize","8":"pa_asukoht-mustamae","9":"pa_seisukord-ispolzovano","11":"first","12":"instock","13":"taxable","14":"shipping-taxable","15":"purchasable","16":"product-type-simple"},"_links":{"self":[{"href":"https:\/\/a-pant.ee\/ru\/wp-json\/wp\/v2\/product\/33494","targetHints":{"allow":["GET"]}}],"collection":[{"href":"https:\/\/a-pant.ee\/ru\/wp-json\/wp\/v2\/product"}],"about":[{"href":"https:\/\/a-pant.ee\/ru\/wp-json\/wp\/v2\/types\/product"}],"replies":[{"embeddable":true,"href":"https:\/\/a-pant.ee\/ru\/wp-json\/wp\/v2\/comments?post=33494"}],"wp:featuredmedia":[{"embeddable":true,"href":"https:\/\/a-pant.ee\/ru\/wp-json\/wp\/v2\/media\/33495"}],"wp:attachment":[{"href":"https:\/\/a-pant.ee\/ru\/wp-json\/wp\/v2\/media?parent=33494"}],"wp:term":[{"taxonomy":"product_brand","embeddable":true,"href":"https:\/\/a-pant.ee\/ru\/wp-json\/wp\/v2\/product_brand?post=33494"},{"taxonomy":"product_cat","embeddable":true,"href":"https:\/\/a-pant.ee\/ru\/wp-json\/wp\/v2\/product_cat?post=33494"},{"taxonomy":"product_tag","embeddable":true,"href":"https:\/\/a-pant.ee\/ru\/wp-json\/wp\/v2\/product_tag?post=33494"}],"curies":[{"name":"wp","href":"https:\/\/api.w.org\/{rel}","templated":true}]}}