{"id":33488,"date":"2026-02-04T15:06:01","date_gmt":"2026-02-04T12:06:01","guid":{"rendered":"https:\/\/a-pant.ee\/product\/derevoobrabatyvayushchiy-stanok-makita-ls1018ln\/"},"modified":"2026-02-22T12:13:41","modified_gmt":"2026-02-22T09:13:41","slug":"derevoobrabatyvayushhij-stanok-makita-ls1018ln-1430-vt-260-mm","status":"publish","type":"product","link":"https:\/\/a-pant.ee\/ru\/product\/derevoobrabatyvayushhij-stanok-makita-ls1018ln-1430-vt-260-mm\/","title":{"rendered":"\u0414\u0435\u0440\u0435\u0432\u043e\u043e\u0431\u0440\u0430\u0431\u0430\u0442\u044b\u0432\u0430\u044e\u0449\u0438\u0439 \u0441\u0442\u0430\u043d\u043e\u043a Makita LS1018LN, 1430 \u0412\u0442, 260 \u043c\u043c"},"content":{"rendered":"\n<div><div><div><div><div><p> Puut\u00f6\u00f6masin Makita LS1018LN, 1430 W, 260 mm\u00a0, heas seisu- ja t\u00f6\u00f6korras! <\/p><p> KIRJELDUS <\/p><ul><li> Tootet\u00fc\u00fcp:\u00a0Puidut\u00f6\u00f6tlemisseadmed <\/li><li> Br\u00e4nd:\u00a0Makita <\/li><li> Pikkus:\u00a0536 mm <\/li><li> Laius:\u00a0825 mm <\/li><li> K\u00f5rgus:\u00a0633 mm <\/li><li> Kaal:\u00a020,6 kg <\/li><li> Toiteallikas:\u00a0V\u00f5rgutoide <\/li><li> V\u00f5imsus:\u00a01430 W <\/li><li> Maksimaalne p\u00f6\u00f6rlemiskiirus:\u00a04300 p\/min <\/li><li> Ketta l\u00e4bim\u00f5\u00f5t:\u00a0260 mm <\/li><li> L\u00f5ikes\u00fcgavus 45\u00b0 juures:\u00a050 mm <\/li><li> L\u00f5ikes\u00fcgavus 90\u00b0 juures:\u00a091 mm <\/li><li> L\u00f5ikes\u00fcgavuse reguleerimine:\u00a0Jah <\/li><li> P\u00f6\u00f6rdenurk:\u00a0\u201360\u00b0 kuni 47\u00b0 <\/li><li> Kaldenurk:\u00a045\u00b0 <\/li><li> Ketta ava l\u00e4bim\u00f5\u00f5t:\u00a030 mm <\/li><\/ul><\/div><\/div><\/div><\/div><\/div><div><div><div><h3> Lisad <\/h3><ul><li><div> Seisukord <\/div><\/li><\/ul><\/div><\/div><\/div>\n","protected":false},"excerpt":{"rendered":"<p>Puut\u00f6\u00f6masin Makita LS1018LN, 1430 W, 260 mm\u00a0, heas seisu- ja t\u00f6\u00f6korras! KIRJELDUS Tootet\u00fc\u00fcp:\u00a0Puidut\u00f6\u00f6tlemisseadmed Br\u00e4nd:\u00a0Makita Pikkus:\u00a0536 mm Laius:\u00a0825 mm K\u00f5rgus:\u00a0633 mm Kaal:\u00a020,6 kg Toiteallikas:\u00a0V\u00f5rgutoide V\u00f5imsus:\u00a01430 W Maksimaalne p\u00f6\u00f6rlemiskiirus:\u00a04300 p\/min Ketta l\u00e4bim\u00f5\u00f5t:\u00a0260 mm L\u00f5ikes\u00fcgavus 45\u00b0 juures:\u00a050 mm L\u00f5ikes\u00fcgavus 90\u00b0 juures:\u00a091 mm L\u00f5ikes\u00fcgavuse reguleerimine:\u00a0Jah P\u00f6\u00f6rdenurk:\u00a0\u201360\u00b0 kuni 47\u00b0 Kaldenurk:\u00a045\u00b0 Ketta ava l\u00e4bim\u00f5\u00f5t:\u00a030 mm Lisad Seisukord<\/p>\n","protected":false},"featured_media":33489,"comment_status":"closed","ping_status":"closed","template":"","meta":{"inline_featured_image":false},"product_brand":[],"product_cat":[227],"product_tag":[],"class_list":{"0":"post-33488","1":"product","2":"type-product","3":"status-publish","4":"has-post-thumbnail","6":"product_cat-torczovochnye-pily","7":"product_shipping_class-oversize","8":"pa_asukoht-mustamae","9":"pa_seisukord-ispolzovano","11":"first","12":"instock","13":"taxable","14":"shipping-taxable","15":"purchasable","16":"product-type-simple"},"_links":{"self":[{"href":"https:\/\/a-pant.ee\/ru\/wp-json\/wp\/v2\/product\/33488","targetHints":{"allow":["GET"]}}],"collection":[{"href":"https:\/\/a-pant.ee\/ru\/wp-json\/wp\/v2\/product"}],"about":[{"href":"https:\/\/a-pant.ee\/ru\/wp-json\/wp\/v2\/types\/product"}],"replies":[{"embeddable":true,"href":"https:\/\/a-pant.ee\/ru\/wp-json\/wp\/v2\/comments?post=33488"}],"wp:featuredmedia":[{"embeddable":true,"href":"https:\/\/a-pant.ee\/ru\/wp-json\/wp\/v2\/media\/33489"}],"wp:attachment":[{"href":"https:\/\/a-pant.ee\/ru\/wp-json\/wp\/v2\/media?parent=33488"}],"wp:term":[{"taxonomy":"product_brand","embeddable":true,"href":"https:\/\/a-pant.ee\/ru\/wp-json\/wp\/v2\/product_brand?post=33488"},{"taxonomy":"product_cat","embeddable":true,"href":"https:\/\/a-pant.ee\/ru\/wp-json\/wp\/v2\/product_cat?post=33488"},{"taxonomy":"product_tag","embeddable":true,"href":"https:\/\/a-pant.ee\/ru\/wp-json\/wp\/v2\/product_tag?post=33488"}],"curies":[{"name":"wp","href":"https:\/\/api.w.org\/{rel}","templated":true}]}}