{"id":33483,"date":"2026-02-04T15:06:01","date_gmt":"2026-02-04T12:06:01","guid":{"rendered":"https:\/\/a-pant.ee\/product\/derevoobrabotayushchiy-stanok-kinpow-j1x-kz-190\/"},"modified":"2026-02-22T12:13:40","modified_gmt":"2026-02-22T09:13:40","slug":"derevoobrabatyvayushhij-stanok-kinpow-j1x-kz-190-850-vt-190-m","status":"publish","type":"product","link":"https:\/\/a-pant.ee\/ru\/product\/derevoobrabatyvayushhij-stanok-kinpow-j1x-kz-190-850-vt-190-m\/","title":{"rendered":"\u0414\u0435\u0440\u0435\u0432\u043e\u043e\u0431\u0440\u0430\u0431\u0430\u0442\u044b\u0432\u0430\u044e\u0449\u0438\u0439 \u0441\u0442\u0430\u043d\u043e\u043a Kinpow J1X-KZ-190, 850 \u0412\u0442, 190 \u043c"},"content":{"rendered":"\n<p> Puut\u00f6\u00f6masin Kinpow J1X-KZ-190, 850 W, 190 mm\u00a0, heas seisu- ja t\u00f6\u00f6korras! <\/p><p> KIRJELDUS <\/p><ul><li> Tootet\u00fc\u00fcp:\u00a0Puit\u00f6\u00f6masinad <\/li><li> Kaubam\u00e4rk:\u00a0Kinpow <\/li><li> Mudel:\u00a0J1X-KZ-190 <\/li><li> Kaal:\u00a05,5 kg <\/li><li> Toide:\u00a0Elektriv\u00f5rk <\/li><li> V\u00f5imsus:\u00a0850 W <\/li><li> Pinge:\u00a0220 V <\/li><li> Maksimaalne p\u00f6\u00f6rlemiskiirus:\u00a05000 p\/min <\/li><li> Ketta l\u00e4bim\u00f5\u00f5t:\u00a0190 mm <\/li><li> L\u00f5ikes\u00fcgavus 45\u00b0 juures:\u00a025 mm <\/li><li> L\u00f5ikes\u00fcgavus 90\u00b0 juures:\u00a045 mm <\/li><li> L\u00f5ikes\u00fcgavuse reguleerimine:\u00a0Jah <\/li><li> Ketta ava l\u00e4bim\u00f5\u00f5t:\u00a025,4 mm <\/li><\/ul>\n","protected":false},"excerpt":{"rendered":"<p>Puut\u00f6\u00f6masin Kinpow J1X-KZ-190, 850 W, 190 mm\u00a0, heas seisu- ja t\u00f6\u00f6korras! KIRJELDUS Tootet\u00fc\u00fcp:\u00a0Puit\u00f6\u00f6masinad Kaubam\u00e4rk:\u00a0Kinpow Mudel:\u00a0J1X-KZ-190 Kaal:\u00a05,5 kg Toide:\u00a0Elektriv\u00f5rk V\u00f5imsus:\u00a0850 W Pinge:\u00a0220 V Maksimaalne p\u00f6\u00f6rlemiskiirus:\u00a05000 p\/min Ketta l\u00e4bim\u00f5\u00f5t:\u00a0190 mm L\u00f5ikes\u00fcgavus 45\u00b0 juures:\u00a025 mm L\u00f5ikes\u00fcgavus 90\u00b0 juures:\u00a045 mm L\u00f5ikes\u00fcgavuse reguleerimine:\u00a0Jah Ketta ava l\u00e4bim\u00f5\u00f5t:\u00a025,4 mm<\/p>\n","protected":false},"featured_media":33484,"comment_status":"closed","ping_status":"closed","template":"","meta":{"inline_featured_image":false},"product_brand":[],"product_cat":[227],"product_tag":[],"class_list":{"0":"post-33483","1":"product","2":"type-product","3":"status-publish","4":"has-post-thumbnail","6":"product_cat-torczovochnye-pily","7":"product_shipping_class-oversize","8":"pa_asukoht-mustamae","9":"pa_seisukord-ispolzovano","11":"first","12":"instock","13":"taxable","14":"shipping-taxable","15":"purchasable","16":"product-type-simple"},"_links":{"self":[{"href":"https:\/\/a-pant.ee\/ru\/wp-json\/wp\/v2\/product\/33483","targetHints":{"allow":["GET"]}}],"collection":[{"href":"https:\/\/a-pant.ee\/ru\/wp-json\/wp\/v2\/product"}],"about":[{"href":"https:\/\/a-pant.ee\/ru\/wp-json\/wp\/v2\/types\/product"}],"replies":[{"embeddable":true,"href":"https:\/\/a-pant.ee\/ru\/wp-json\/wp\/v2\/comments?post=33483"}],"wp:featuredmedia":[{"embeddable":true,"href":"https:\/\/a-pant.ee\/ru\/wp-json\/wp\/v2\/media\/33484"}],"wp:attachment":[{"href":"https:\/\/a-pant.ee\/ru\/wp-json\/wp\/v2\/media?parent=33483"}],"wp:term":[{"taxonomy":"product_brand","embeddable":true,"href":"https:\/\/a-pant.ee\/ru\/wp-json\/wp\/v2\/product_brand?post=33483"},{"taxonomy":"product_cat","embeddable":true,"href":"https:\/\/a-pant.ee\/ru\/wp-json\/wp\/v2\/product_cat?post=33483"},{"taxonomy":"product_tag","embeddable":true,"href":"https:\/\/a-pant.ee\/ru\/wp-json\/wp\/v2\/product_tag?post=33483"}],"curies":[{"name":"wp","href":"https:\/\/api.w.org\/{rel}","templated":true}]}}