{"id":33470,"date":"2026-02-04T15:06:01","date_gmt":"2026-02-04T12:06:01","guid":{"rendered":"https:\/\/a-pant.ee\/product\/gitara-ibanez-gio-model-n427\/"},"modified":"2026-02-22T12:13:40","modified_gmt":"2026-02-22T09:13:40","slug":"gitara-ibanez-gio-model-n427","status":"publish","type":"product","link":"https:\/\/a-pant.ee\/ru\/product\/gitara-ibanez-gio-model-n427\/","title":{"rendered":"\u0413\u0438\u0442\u0430\u0440\u0430 IBANEZ GIO MODEL N427"},"content":{"rendered":"\n<p> Kitarr\u00a0IBANEZ GIO MODEL N427\u00a0, t\u00f6\u00f6korras! <\/p><p> KIRJELDUS <\/p><ul><li> P\u00e4ritoluriik:\u00a0Hiina <\/li><li> Kaubam\u00e4rk:\u00a0Ibanez <\/li><li> K\u00e4elisus:\u00a0Paremak\u00e4eline <\/li><li> Seeria:\u00a0Ibanez Gio <\/li><li> T\u00fc\u00fcp:\u00a0Elektrikitarr <\/li><li> Korpuse t\u00fc\u00fcp:\u00a0T\u00e4iskorpus (Solid Body) <\/li><li> Keelte arv:\u00a06 <\/li><li> Korpuse v\u00e4rv:\u00a0H\u00f5bedane <\/li><li> Mudel:\u00a0N427 <\/li><li> Freti arv:\u00a024 <\/li><\/ul>\n","protected":false},"excerpt":{"rendered":"<p>Kitarr\u00a0IBANEZ GIO MODEL N427\u00a0, t\u00f6\u00f6korras! KIRJELDUS P\u00e4ritoluriik:\u00a0Hiina Kaubam\u00e4rk:\u00a0Ibanez K\u00e4elisus:\u00a0Paremak\u00e4eline Seeria:\u00a0Ibanez Gio T\u00fc\u00fcp:\u00a0Elektrikitarr Korpuse t\u00fc\u00fcp:\u00a0T\u00e4iskorpus (Solid Body) Keelte arv:\u00a06 Korpuse v\u00e4rv:\u00a0H\u00f5bedane Mudel:\u00a0N427 Freti arv:\u00a024<\/p>\n","protected":false},"featured_media":33471,"comment_status":"closed","ping_status":"closed","template":"","meta":{"inline_featured_image":false},"product_brand":[],"product_cat":[156],"product_tag":[],"class_list":{"0":"post-33470","1":"product","2":"type-product","3":"status-publish","4":"has-post-thumbnail","6":"product_cat-akusticheskoe-oborudovanie","7":"pa_asukoht-mustamae","8":"pa_seisukord-ispolzovano","10":"first","11":"outofstock","12":"taxable","13":"shipping-taxable","14":"purchasable","15":"product-type-simple"},"_links":{"self":[{"href":"https:\/\/a-pant.ee\/ru\/wp-json\/wp\/v2\/product\/33470","targetHints":{"allow":["GET"]}}],"collection":[{"href":"https:\/\/a-pant.ee\/ru\/wp-json\/wp\/v2\/product"}],"about":[{"href":"https:\/\/a-pant.ee\/ru\/wp-json\/wp\/v2\/types\/product"}],"replies":[{"embeddable":true,"href":"https:\/\/a-pant.ee\/ru\/wp-json\/wp\/v2\/comments?post=33470"}],"wp:featuredmedia":[{"embeddable":true,"href":"https:\/\/a-pant.ee\/ru\/wp-json\/wp\/v2\/media\/33471"}],"wp:attachment":[{"href":"https:\/\/a-pant.ee\/ru\/wp-json\/wp\/v2\/media?parent=33470"}],"wp:term":[{"taxonomy":"product_brand","embeddable":true,"href":"https:\/\/a-pant.ee\/ru\/wp-json\/wp\/v2\/product_brand?post=33470"},{"taxonomy":"product_cat","embeddable":true,"href":"https:\/\/a-pant.ee\/ru\/wp-json\/wp\/v2\/product_cat?post=33470"},{"taxonomy":"product_tag","embeddable":true,"href":"https:\/\/a-pant.ee\/ru\/wp-json\/wp\/v2\/product_tag?post=33470"}],"curies":[{"name":"wp","href":"https:\/\/api.w.org\/{rel}","templated":true}]}}